{"id":720441,"date":"2025-08-27T18:36:11","date_gmt":"2025-08-27T15:36:11","guid":{"rendered":"https:\/\/roveyayinevi.com.tr\/index.php\/urun\/seydi-ali-reis-kahraman-turk-denizcileri\/"},"modified":"2026-04-16T02:28:37","modified_gmt":"2026-04-15T23:28:37","slug":"seydi-ali-reis-kahraman-turk-denizcileri","status":"publish","type":"product","link":"https:\/\/roveyayinevi.com.tr\/index.php\/urun\/seydi-ali-reis-kahraman-turk-denizcileri\/","title":{"rendered":"Seydi Ali Reis &#8211; Kahraman T\u00fcrk Denizcileri"},"content":{"rendered":"<p>Seydi Ali Reis denizci bir ailenin \u00e7ocu\u011fu ve Osmanl\u0131\u2019n\u0131n en bilinen denizcilerinden biri. M\u0131s\u0131r ve Hint donanmalar\u0131n\u0131n kaptanl\u0131\u011f\u0131na atanan Seydi Ali Reis\u2019in ba\u015f\u0131ndan ge\u00e7enler en hareketli macera filmlerinden daha heyecanl\u0131. Mir\u2019at\u00fc\u2019l-Memalik (\u00dclkelerin Aynas\u0131) adl\u0131 eseriyle tan\u0131nan Seydi Ali Reis\u2019in hayat\u0131n\u0131 heyecan ve merakla okuyacaks\u0131n\u0131z.<\/p>\n","protected":false},"excerpt":{"rendered":"<p>Seydi Ali Reis denizci bir ailenin \u00e7ocu\u011fu ve Osmanl\u0131\u2019n\u0131n en bilinen denizcilerinden biri. M\u0131s\u0131r ve Hint donanmalar\u0131n\u0131n kaptanl\u0131\u011f\u0131na atanan Seydi Ali Reis\u2019in ba\u015f\u0131ndan ge\u00e7enler en hareketli<span class=\"excerpt-hellip\"> [\u2026]<\/span><\/p>\n","protected":false},"featured_media":0,"template":"","meta":{"_monsterinsights_skip_tracking":false,"_monsterinsights_sitenote_active":false,"_monsterinsights_sitenote_note":"","_monsterinsights_sitenote_category":0},"product_brand":[],"product_cat":[12274,12284],"product_tag":[],"class_list":{"0":"post-720441","1":"product","2":"type-product","3":"status-publish","5":"product_cat-cocuk-ve-genclik-kitaplari","6":"product_cat-hikayeler","7":"pa_cilt-ciltsiz","8":"pa_tur-kitap","9":"pa_yayinevi-timas-cocuk","10":"pa_yazar-ismail-bilgin","12":"first","13":"instock","14":"sale","15":"shipping-taxable","16":"purchasable","17":"product-type-simple"},"_links":{"self":[{"href":"https:\/\/roveyayinevi.com.tr\/index.php\/wp-json\/wp\/v2\/product\/720441","targetHints":{"allow":["GET"]}}],"collection":[{"href":"https:\/\/roveyayinevi.com.tr\/index.php\/wp-json\/wp\/v2\/product"}],"about":[{"href":"https:\/\/roveyayinevi.com.tr\/index.php\/wp-json\/wp\/v2\/types\/product"}],"wp:attachment":[{"href":"https:\/\/roveyayinevi.com.tr\/index.php\/wp-json\/wp\/v2\/media?parent=720441"}],"wp:term":[{"taxonomy":"product_brand","embeddable":true,"href":"https:\/\/roveyayinevi.com.tr\/index.php\/wp-json\/wp\/v2\/product_brand?post=720441"},{"taxonomy":"product_cat","embeddable":true,"href":"https:\/\/roveyayinevi.com.tr\/index.php\/wp-json\/wp\/v2\/product_cat?post=720441"},{"taxonomy":"product_tag","embeddable":true,"href":"https:\/\/roveyayinevi.com.tr\/index.php\/wp-json\/wp\/v2\/product_tag?post=720441"}],"curies":[{"name":"wp","href":"https:\/\/api.w.org\/{rel}","templated":true}]}}