{"id":720437,"date":"2025-08-27T18:36:08","date_gmt":"2025-08-27T15:36:08","guid":{"rendered":"https:\/\/roveyayinevi.com.tr\/index.php\/urun\/barbaros-hayreddin-pasa-kahraman-turk-denizcileri\/"},"modified":"2025-11-20T05:31:46","modified_gmt":"2025-11-20T02:31:46","slug":"barbaros-hayreddin-pasa-kahraman-turk-denizcileri","status":"publish","type":"product","link":"https:\/\/roveyayinevi.com.tr\/index.php\/urun\/barbaros-hayreddin-pasa-kahraman-turk-denizcileri\/","title":{"rendered":"Barbaros Hayreddin Pa\u015fa &#8211; Kahraman T\u00fcrk Denizcileri"},"content":{"rendered":"<p>Barbaros, H\u0131z\u0131r Reis, Barbarossa\u2026 Akdeniz\u2019de 1500\u2019l\u00fc y\u0131llarda bu isim tek bir ki\u015fiyi ifade ederdi: Barbaros Hayreddin Pa\u015fa. Osmanl\u0131\u2019n\u0131n ve T\u00fcrk tarihinin en b\u00fcy\u00fck denizcisi, Akdeniz\u2019in fatihi ve Osmanl\u0131\u2019n\u0131n deniz h\u00e2kimiyetini sa\u011flayan b\u00fcy\u00fck denizci. D\u00fcnya tarihine ismini yazd\u0131rm\u0131\u015f Barbaros Hayreddin Pa\u015fa\u2019n\u0131n hayat\u0131n\u0131 tarih merakl\u0131s\u0131 herkes \u00f6\u011frenmeli.<\/p>\n","protected":false},"excerpt":{"rendered":"<p>Barbaros, H\u0131z\u0131r Reis, Barbarossa\u2026 Akdeniz\u2019de 1500\u2019l\u00fc y\u0131llarda bu isim tek bir ki\u015fiyi ifade ederdi: Barbaros Hayreddin Pa\u015fa. Osmanl\u0131\u2019n\u0131n ve T\u00fcrk tarihinin en b\u00fcy\u00fck denizcisi, Akdeniz\u2019in fatihi<span class=\"excerpt-hellip\"> [\u2026]<\/span><\/p>\n","protected":false},"featured_media":0,"template":"","meta":{"_monsterinsights_skip_tracking":false,"_monsterinsights_sitenote_active":false,"_monsterinsights_sitenote_note":"","_monsterinsights_sitenote_category":0},"product_brand":[],"product_cat":[12274,12284],"product_tag":[],"class_list":{"0":"post-720437","1":"product","2":"type-product","3":"status-publish","5":"product_cat-cocuk-ve-genclik-kitaplari","6":"product_cat-hikayeler","7":"pa_cilt-ciltsiz","8":"pa_tur-kitap","9":"pa_yayinevi-timas-cocuk","10":"pa_yazar-ismail-bilgin","12":"first","13":"instock","14":"sale","15":"shipping-taxable","16":"purchasable","17":"product-type-simple"},"_links":{"self":[{"href":"https:\/\/roveyayinevi.com.tr\/index.php\/wp-json\/wp\/v2\/product\/720437","targetHints":{"allow":["GET"]}}],"collection":[{"href":"https:\/\/roveyayinevi.com.tr\/index.php\/wp-json\/wp\/v2\/product"}],"about":[{"href":"https:\/\/roveyayinevi.com.tr\/index.php\/wp-json\/wp\/v2\/types\/product"}],"wp:attachment":[{"href":"https:\/\/roveyayinevi.com.tr\/index.php\/wp-json\/wp\/v2\/media?parent=720437"}],"wp:term":[{"taxonomy":"product_brand","embeddable":true,"href":"https:\/\/roveyayinevi.com.tr\/index.php\/wp-json\/wp\/v2\/product_brand?post=720437"},{"taxonomy":"product_cat","embeddable":true,"href":"https:\/\/roveyayinevi.com.tr\/index.php\/wp-json\/wp\/v2\/product_cat?post=720437"},{"taxonomy":"product_tag","embeddable":true,"href":"https:\/\/roveyayinevi.com.tr\/index.php\/wp-json\/wp\/v2\/product_tag?post=720437"}],"curies":[{"name":"wp","href":"https:\/\/api.w.org\/{rel}","templated":true}]}}