{"id":720431,"date":"2025-08-27T18:36:03","date_gmt":"2025-08-27T15:36:03","guid":{"rendered":"https:\/\/roveyayinevi.com.tr\/index.php\/urun\/caka-bey-kahraman-turk-denizcileri\/"},"modified":"2026-04-12T02:34:01","modified_gmt":"2026-04-11T23:34:01","slug":"caka-bey-kahraman-turk-denizcileri","status":"publish","type":"product","link":"https:\/\/roveyayinevi.com.tr\/index.php\/urun\/caka-bey-kahraman-turk-denizcileri\/","title":{"rendered":"\u00c7aka Bey &#8211; Kahraman T\u00fcrk Denizcileri"},"content":{"rendered":"<p>T\u00fcrklerin denizcili\u011fi bilmedi\u011fi zamanlarda ya\u015fam\u0131\u015f bir lider \u00c7aka Bey. Bizans\u2019a esir d\u00fc\u015ft\u00fc\u011f\u00fcnde orada denizcili\u011fi \u00f6\u011frenmi\u015f sonra da bunu M\u00fcsl\u00fcmanlar\u0131n lehine kullanm\u0131\u015f b\u00fcy\u00fck devlet adam\u0131. \u0130zmir\u2019in ilk fatihi olan \u00c7aka Bey\u2019in maceral\u0131 hayat\u0131n\u0131 merakla okuyacaks\u0131n\u0131z.<\/p>\n","protected":false},"excerpt":{"rendered":"<p>T\u00fcrklerin denizcili\u011fi bilmedi\u011fi zamanlarda ya\u015fam\u0131\u015f bir lider \u00c7aka Bey. Bizans\u2019a esir d\u00fc\u015ft\u00fc\u011f\u00fcnde orada denizcili\u011fi \u00f6\u011frenmi\u015f sonra da bunu M\u00fcsl\u00fcmanlar\u0131n lehine kullanm\u0131\u015f b\u00fcy\u00fck devlet adam\u0131. \u0130zmir\u2019in ilk<span class=\"excerpt-hellip\"> [\u2026]<\/span><\/p>\n","protected":false},"featured_media":0,"template":"","meta":{"_monsterinsights_skip_tracking":false,"_monsterinsights_sitenote_active":false,"_monsterinsights_sitenote_note":"","_monsterinsights_sitenote_category":0},"product_brand":[],"product_cat":[12274,12284],"product_tag":[],"class_list":{"0":"post-720431","1":"product","2":"type-product","3":"status-publish","5":"product_cat-cocuk-ve-genclik-kitaplari","6":"product_cat-hikayeler","7":"pa_cilt-ciltsiz","8":"pa_tur-kitap","9":"pa_yayinevi-timas-cocuk","10":"pa_yazar-ismail-bilgin","12":"first","13":"instock","14":"sale","15":"shipping-taxable","16":"purchasable","17":"product-type-simple"},"_links":{"self":[{"href":"https:\/\/roveyayinevi.com.tr\/index.php\/wp-json\/wp\/v2\/product\/720431","targetHints":{"allow":["GET"]}}],"collection":[{"href":"https:\/\/roveyayinevi.com.tr\/index.php\/wp-json\/wp\/v2\/product"}],"about":[{"href":"https:\/\/roveyayinevi.com.tr\/index.php\/wp-json\/wp\/v2\/types\/product"}],"wp:attachment":[{"href":"https:\/\/roveyayinevi.com.tr\/index.php\/wp-json\/wp\/v2\/media?parent=720431"}],"wp:term":[{"taxonomy":"product_brand","embeddable":true,"href":"https:\/\/roveyayinevi.com.tr\/index.php\/wp-json\/wp\/v2\/product_brand?post=720431"},{"taxonomy":"product_cat","embeddable":true,"href":"https:\/\/roveyayinevi.com.tr\/index.php\/wp-json\/wp\/v2\/product_cat?post=720431"},{"taxonomy":"product_tag","embeddable":true,"href":"https:\/\/roveyayinevi.com.tr\/index.php\/wp-json\/wp\/v2\/product_tag?post=720431"}],"curies":[{"name":"wp","href":"https:\/\/api.w.org\/{rel}","templated":true}]}}