{"id":720428,"date":"2025-08-27T18:35:54","date_gmt":"2025-08-27T15:35:54","guid":{"rendered":"https:\/\/roveyayinevi.com.tr\/index.php\/urun\/degirmen-4\/"},"modified":"2026-04-08T02:36:07","modified_gmt":"2026-04-07T23:36:07","slug":"degirmen-4","status":"publish","type":"product","link":"https:\/\/roveyayinevi.com.tr\/index.php\/urun\/degirmen-4\/","title":{"rendered":"De\u011firmen"},"content":{"rendered":"<p>\u015eiir ve hik\u00e2yelerim aras\u0131nda, yazm\u0131\u015f olmaktan utanaca\u011f\u0131mkadar k\u00f6t\u00fcleri oldu\u011funu biliyorum. Bunlar\u0131n bir k\u0131sm\u0131n\u0131n \u00e7ocuk denecek bir ya\u015fta yaz\u0131lm\u0131\u015f olmalar\u0131 bence bir mazeretde\u011fildir; \u00e7\u00fcnk\u00fc bu \u00e7e\u015fit bir yaz\u0131y\u0131 bug\u00fcn herhangi bir imzan\u0131n \u00fcst\u00fcnde g\u00f6rsem, sahibini \u0131slah olmaz bir zevksizlikve tam istidats\u0131zl\u0131kla su\u00e7land\u0131rmakta teredd\u00fct etmem. Bunlar\u0131n, benim sanat hayat\u0131m\u0131n geli\u015fmesini g\u00f6stermesibak\u0131m\u0131ndan, sadece kendim i\u00e7in bir ehemmiyeti vard\u0131r ki, bu da onlar\u0131 ba\u015fkalar\u0131na okutmak i\u00e7in bir sebep olamaz.Buna ra\u011fmen bu yeni bask\u0131dan onlar\u0131 \u00e7\u0131karamad\u0131m. \u00c7\u00fcnk\u00fc bir kere okuyucu \u00f6n\u00fcne sermi\u015f oldu\u011fum taraflar\u0131m\u0131 sonradan\u00f6rtbas etmeye hakk\u0131m olmad\u0131\u011f\u0131 kanaatindeyim; ama b\u00f6ylece belki de eski bir hatay\u0131 devam ettirmekten ba\u015fkabir \u015fey yapm\u0131yorum.\u0130yiyi k\u00f6t\u00fcden ay\u0131rmak k\u00fclfetini okuyucuya b\u0131rakt\u0131\u011f\u0131m i\u00e7in\u00f6z\u00fcr dilerim. Sabahattin Ali<\/p>\n","protected":false},"excerpt":{"rendered":"<p>\u015eiir ve hik\u00e2yelerim aras\u0131nda, yazm\u0131\u015f olmaktan utanaca\u011f\u0131mkadar k\u00f6t\u00fcleri oldu\u011funu biliyorum. Bunlar\u0131n bir k\u0131sm\u0131n\u0131n \u00e7ocuk denecek bir ya\u015fta yaz\u0131lm\u0131\u015f olmalar\u0131 bence bir mazeretde\u011fildir; \u00e7\u00fcnk\u00fc bu \u00e7e\u015fit bir<span class=\"excerpt-hellip\"> [\u2026]<\/span><\/p>\n","protected":false},"featured_media":0,"template":"","meta":{"_monsterinsights_skip_tracking":false,"_monsterinsights_sitenote_active":false,"_monsterinsights_sitenote_note":"","_monsterinsights_sitenote_category":0},"product_brand":[],"product_cat":[12291,12711],"product_tag":[],"class_list":{"0":"post-720428","1":"product","2":"type-product","3":"status-publish","5":"product_cat-edebiyat","6":"product_cat-roman-oyku","7":"pa_cilt-ciltsiz","8":"pa_tur-kitap","9":"pa_yayinevi-yade-yayinlari","10":"pa_yazar-sabahattin-ali","12":"first","13":"instock","14":"sale","15":"shipping-taxable","16":"purchasable","17":"product-type-simple"},"_links":{"self":[{"href":"https:\/\/roveyayinevi.com.tr\/index.php\/wp-json\/wp\/v2\/product\/720428","targetHints":{"allow":["GET"]}}],"collection":[{"href":"https:\/\/roveyayinevi.com.tr\/index.php\/wp-json\/wp\/v2\/product"}],"about":[{"href":"https:\/\/roveyayinevi.com.tr\/index.php\/wp-json\/wp\/v2\/types\/product"}],"wp:attachment":[{"href":"https:\/\/roveyayinevi.com.tr\/index.php\/wp-json\/wp\/v2\/media?parent=720428"}],"wp:term":[{"taxonomy":"product_brand","embeddable":true,"href":"https:\/\/roveyayinevi.com.tr\/index.php\/wp-json\/wp\/v2\/product_brand?post=720428"},{"taxonomy":"product_cat","embeddable":true,"href":"https:\/\/roveyayinevi.com.tr\/index.php\/wp-json\/wp\/v2\/product_cat?post=720428"},{"taxonomy":"product_tag","embeddable":true,"href":"https:\/\/roveyayinevi.com.tr\/index.php\/wp-json\/wp\/v2\/product_tag?post=720428"}],"curies":[{"name":"wp","href":"https:\/\/api.w.org\/{rel}","templated":true}]}}