{"id":720427,"date":"2025-08-27T18:35:53","date_gmt":"2025-08-27T15:35:53","guid":{"rendered":"https:\/\/roveyayinevi.com.tr\/index.php\/urun\/firtinayi-kucaklamak\/"},"modified":"2026-04-16T02:28:37","modified_gmt":"2026-04-15T23:28:37","slug":"firtinayi-kucaklamak","status":"publish","type":"product","link":"https:\/\/roveyayinevi.com.tr\/index.php\/urun\/firtinayi-kucaklamak\/","title":{"rendered":"F\u0131rt\u0131nay\u0131 Kucaklamak"},"content":{"rendered":"<p>\u201cGidiyorlar, a\u011f\u0131t yakal\u0131m arkalar\u0131ndan. \u00c7\u00fcnk\u00fc gitmek var, d\u00f6nmek yok.Ba\u011f\u0131rlar\u0131na basm\u0131\u015flar \u00e7ocuklar\u0131n\u0131 ve di\u015flerini s\u0131karak. Ya\u011fmura, kara, dip\u00e7iklere ve saat kulelerine ald\u0131rmayarak. Tel \u00f6rg\u00fcleri yar\u0131p duvara t\u0131rmanarak. Bozbulan\u0131k, co\u015fkun bir nehrin kederli k\u00f6p\u00fc\u011f\u00fc gibi. Aniden havalanan s\u0131\u011f\u0131rc\u0131k s\u00fcr\u00fcs\u00fc gibi\u2026 O kadar kalabal\u0131k ve kocamanlar ki kimse g\u00f6rm\u00fcyor onlar\u0131. Bak\u0131yorlar ama g\u00f6rm\u00fcyorlar. Ne televizyonlar ne uydular ne \u00e7ocuk mamalar\u0131 ne don ne g\u00f6mlek. Onlar o \u00e7ocu\u011fun pe\u015findeler, hani g\u00fczel foto\u011fraf. Denizin kustu\u011fu cesetler ve defileler. Ak\u0131l yetirmeyin buna. Akl\u0131n\u0131za t\u00fck\u00fcreyim nerde akl\u0131n\u0131z? Akl\u0131n\u0131z yok. Zaten siz de yoksunuz, ama paran\u0131z varm\u0131\u015f.G\u00f6rmeye geldik.O \u00e7ocu\u011fu oraya g\u00f6mmeye geldik.Diyece\u011fimizi dedik, bizi u\u011fra\u015ft\u0131rmay\u0131n. Korku da\u011flar\u0131 bekliyor galiba, korkudan kurtulmak i\u00e7in, sava\u015f kartallar\u0131 s\u00fcrekli o korkuyu bombal\u0131yor. Ya gelirlerse diye g\u00f6rd\u00fc\u011f\u00fcn\u00fcz karabasanlar. Ve r\u00fcyalar\u0131n\u0131z\u0131 delik de\u015fik eden tornavidalar. Onlar, o s\u0131rt\u0131nda k\u0131rba\u00e7 \u015faklatt\u0131\u011f\u0131n\u0131z k\u00f6leler, o kan, o as\u0131rlarca i\u00e7ti\u011finiz kan. Bo\u011fulaca\u011f\u0131z, durdurun \u015fu ko\u015fuyu. Durdurun yoksa dengemiz bozulacak, bir karadelik bizi yutacak. Bo\u015funa, zulm\u00fcn \u00e2bad oldu\u011fu nerde g\u00f6r\u00fclm\u00fc\u015f? O ko\u015fu sonsuzlu\u011fa y\u00f6nelmi\u015f, bir g\u00fcn yakan\u0131za yap\u0131\u015facak. F\u0131rt\u0131nay\u0131 kucaklayacak.Uzaklardan, da\u011flardan, vadilerden gelen sesi dinleyin.Dinleyin yank\u0131s\u0131 her yan\u0131 tutmu\u015f.Yakla\u015f\u0131yor fukaran\u0131n ve onurun mar\u015f\u0131.Bombalara kar\u015f\u0131 durmaya geldik.Zincirleri hepten k\u0131rmaya geldik.O y\u00fczs\u00fcz y\u00fcz\u00fcn\u00fcz\u00fc g\u00f6rmeye geldik.As\u0131rlar\u0131n hesab\u0131n\u0131 sormaya geldik,Sormaya geldik!\u201d<\/p>\n","protected":false},"excerpt":{"rendered":"<p>\u201cGidiyorlar, a\u011f\u0131t yakal\u0131m arkalar\u0131ndan. \u00c7\u00fcnk\u00fc gitmek var, d\u00f6nmek yok.Ba\u011f\u0131rlar\u0131na basm\u0131\u015flar \u00e7ocuklar\u0131n\u0131 ve di\u015flerini s\u0131karak. Ya\u011fmura, kara, dip\u00e7iklere ve saat kulelerine ald\u0131rmayarak. Tel \u00f6rg\u00fcleri yar\u0131p duvara t\u0131rmanarak.<span class=\"excerpt-hellip\"> [\u2026]<\/span><\/p>\n","protected":false},"featured_media":0,"template":"","meta":{"_monsterinsights_skip_tracking":false,"_monsterinsights_sitenote_active":false,"_monsterinsights_sitenote_note":"","_monsterinsights_sitenote_category":0},"product_brand":[],"product_cat":[12777,12291],"product_tag":[],"class_list":{"0":"post-720427","1":"product","2":"type-product","3":"status-publish","5":"product_cat-deneme","6":"product_cat-edebiyat","7":"pa_cilt-ciltsiz","8":"pa_tur-kitap","9":"pa_yayinevi-dergah-yayinlari","10":"pa_yazar-mustafa-kutlu","12":"first","13":"instock","14":"sale","15":"shipping-taxable","16":"purchasable","17":"product-type-simple"},"_links":{"self":[{"href":"https:\/\/roveyayinevi.com.tr\/index.php\/wp-json\/wp\/v2\/product\/720427","targetHints":{"allow":["GET"]}}],"collection":[{"href":"https:\/\/roveyayinevi.com.tr\/index.php\/wp-json\/wp\/v2\/product"}],"about":[{"href":"https:\/\/roveyayinevi.com.tr\/index.php\/wp-json\/wp\/v2\/types\/product"}],"wp:attachment":[{"href":"https:\/\/roveyayinevi.com.tr\/index.php\/wp-json\/wp\/v2\/media?parent=720427"}],"wp:term":[{"taxonomy":"product_brand","embeddable":true,"href":"https:\/\/roveyayinevi.com.tr\/index.php\/wp-json\/wp\/v2\/product_brand?post=720427"},{"taxonomy":"product_cat","embeddable":true,"href":"https:\/\/roveyayinevi.com.tr\/index.php\/wp-json\/wp\/v2\/product_cat?post=720427"},{"taxonomy":"product_tag","embeddable":true,"href":"https:\/\/roveyayinevi.com.tr\/index.php\/wp-json\/wp\/v2\/product_tag?post=720427"}],"curies":[{"name":"wp","href":"https:\/\/api.w.org\/{rel}","templated":true}]}}