{"id":720425,"date":"2025-08-27T18:35:51","date_gmt":"2025-08-27T15:35:51","guid":{"rendered":"https:\/\/roveyayinevi.com.tr\/index.php\/urun\/iyi-arkadaslar-ne-yapar\/"},"modified":"2026-04-16T02:28:37","modified_gmt":"2026-04-15T23:28:37","slug":"iyi-arkadaslar-ne-yapar","status":"publish","type":"product","link":"https:\/\/roveyayinevi.com.tr\/index.php\/urun\/iyi-arkadaslar-ne-yapar\/","title":{"rendered":"\u0130yi Arkada\u015flar Ne Yapar?"},"content":{"rendered":"<p>Pika ve Ella iki iyi arkada\u015f.  Ayn\u0131 s\u0131rada oturuyorlar, oyunlar oynuyorlar, s\u00fcrekli birlikte vakit ge\u00e7iriyorlar\u2026 Ama bir sorun var! Pika Ella\u2019n\u0131n ba\u015fkalar\u0131yla arkada\u015f olmas\u0131na izin vermiyor. Ella ise bu durumdan hi\u00e7 memnun de\u011fil. Sizce Pika de\u011fi\u015febilecek mi?\u201c\u0130yi Arkada\u015flar Ne Yapar?\u201d ke\u00e7eden yap\u0131lm\u0131\u015f \u00f6d\u00fcll\u00fc g\u00f6rselleriyle, akran zorbal\u0131\u011f\u0131 ve arkada\u015fl\u0131k \u00fcst\u00fcne hem \u00f6\u011fretici hem de e\u011flenceli, tatl\u0131 ve tatl\u0131 bir hik\u00e2ye\u2026<\/p>\n","protected":false},"excerpt":{"rendered":"<p>Pika ve Ella iki iyi arkada\u015f. Ayn\u0131 s\u0131rada oturuyorlar, oyunlar oynuyorlar, s\u00fcrekli birlikte vakit ge\u00e7iriyorlar\u2026 Ama bir sorun var! Pika Ella\u2019n\u0131n ba\u015fkalar\u0131yla arkada\u015f olmas\u0131na izin vermiyor.<span class=\"excerpt-hellip\"> [\u2026]<\/span><\/p>\n","protected":false},"featured_media":0,"template":"","meta":{"_monsterinsights_skip_tracking":false,"_monsterinsights_sitenote_active":false,"_monsterinsights_sitenote_note":"","_monsterinsights_sitenote_category":0},"product_brand":[],"product_cat":[12913,12274],"product_tag":[],"class_list":{"0":"post-720425","1":"product","2":"type-product","3":"status-publish","5":"product_cat-3-6-yas-kitaplari","6":"product_cat-cocuk-ve-genclik-kitaplari","7":"pa_cilt-ciltsiz","8":"pa_tur-kitap","9":"pa_yayinevi-timas-cocuk","10":"pa_yazar-manica-musil","12":"first","13":"instock","14":"sale","15":"shipping-taxable","16":"purchasable","17":"product-type-simple"},"_links":{"self":[{"href":"https:\/\/roveyayinevi.com.tr\/index.php\/wp-json\/wp\/v2\/product\/720425","targetHints":{"allow":["GET"]}}],"collection":[{"href":"https:\/\/roveyayinevi.com.tr\/index.php\/wp-json\/wp\/v2\/product"}],"about":[{"href":"https:\/\/roveyayinevi.com.tr\/index.php\/wp-json\/wp\/v2\/types\/product"}],"wp:attachment":[{"href":"https:\/\/roveyayinevi.com.tr\/index.php\/wp-json\/wp\/v2\/media?parent=720425"}],"wp:term":[{"taxonomy":"product_brand","embeddable":true,"href":"https:\/\/roveyayinevi.com.tr\/index.php\/wp-json\/wp\/v2\/product_brand?post=720425"},{"taxonomy":"product_cat","embeddable":true,"href":"https:\/\/roveyayinevi.com.tr\/index.php\/wp-json\/wp\/v2\/product_cat?post=720425"},{"taxonomy":"product_tag","embeddable":true,"href":"https:\/\/roveyayinevi.com.tr\/index.php\/wp-json\/wp\/v2\/product_tag?post=720425"}],"curies":[{"name":"wp","href":"https:\/\/api.w.org\/{rel}","templated":true}]}}