{"id":720424,"date":"2025-08-27T18:35:51","date_gmt":"2025-08-27T15:35:51","guid":{"rendered":"https:\/\/roveyayinevi.com.tr\/index.php\/urun\/kozmik-mesele\/"},"modified":"2026-04-16T02:28:36","modified_gmt":"2026-04-15T23:28:36","slug":"kozmik-mesele","status":"publish","type":"product","link":"https:\/\/roveyayinevi.com.tr\/index.php\/urun\/kozmik-mesele\/","title":{"rendered":"Kozmik Mesele"},"content":{"rendered":"<p>Otuz y\u0131l\u0131 a\u015fk\u0131n bir \u00e7aban\u0131n \u00fcr\u00fcn\u00fc olan bu kitap, ya\u015fad\u0131\u011f\u0131m\u0131z d\u00fcnyaya itiraz\u0131 olanlar i\u00e7in kaleme al\u0131nd\u0131. Ya\u015fanan zaman ve d\u00fcnyaya kafas\u0131 bozuk olanlara zor \u015feyler anlat\u0131yor. Kozmik, epistemik, paradigmatik ve irfan\u00ee konulara de\u011finiyor. \u0130nsan\u0131, toplumu, devleti, d\u00fcnyay\u0131, T\u00fcrkiye\u2019yi anlat\u0131yor. Tarih felsefesi yap\u0131yor. \u0130stihbarat d\u00fcnyas\u0131 i\u00e7in kozmik bir \u00e7er\u00e7eve \u00e7\u0131kart\u0131yor. Al\u0131\u015f\u0131lm\u0131\u015f\u0131n \u00e7ok d\u0131\u015f\u0131nda bir \u00e7al\u0131\u015fma ile kar\u015f\u0131 kar\u015f\u0131ya oldu\u011funuzu s\u00f6yleyebilirim.\u00d6nemli devlet ve siy\u00e2set adamlar\u0131, y\u00fcksek b\u00fcrokrasi, yetkin istihbarat\u00e7\u0131lar, kurmay askerler, diplomatlar, se\u00e7kin y\u00f6neticiler, entelekt\u00fceller, sanat\u00e7\u0131lar, gazeteciler ve akademisyenler ile birlikte derin milletin her bir ferdine seslenen bu kitab\u0131n, kozmik h\u00e2f\u0131za sahiplerinde bir dirili\u015f yank\u0131s\u0131 uyand\u0131raca\u011f\u0131n\u0131 umuyorum.Mezun olduktan sonra devlet kurumlar\u0131nda \u00fcst d\u00fczey g\u00f6rev almak isteyen \u00f6\u011frenciler, kurmay olmak isteyen gen\u00e7 subaylar ve meslekte yeni olan gen\u00e7 istihbarat\u00e7\u0131lar kitab\u0131 okurken belki biraz zorlanacaklar ama yaz\u0131lan her \u015fey asl\u0131nda onlar i\u00e7in yaz\u0131l\u0131yor.Okumak, hi\u00e7 bitmeyen bir yolculuktur. Gidilen her yol, nihayetinde kozmik bir menzile var\u0131r. As\u0131l olan ise yolda olmakt\u0131r ve yol almakt\u0131r.<\/p>\n","protected":false},"excerpt":{"rendered":"<p>Otuz y\u0131l\u0131 a\u015fk\u0131n bir \u00e7aban\u0131n \u00fcr\u00fcn\u00fc olan bu kitap, ya\u015fad\u0131\u011f\u0131m\u0131z d\u00fcnyaya itiraz\u0131 olanlar i\u00e7in kaleme al\u0131nd\u0131. Ya\u015fanan zaman ve d\u00fcnyaya kafas\u0131 bozuk olanlara zor \u015feyler anlat\u0131yor.<span class=\"excerpt-hellip\"> [\u2026]<\/span><\/p>\n","protected":false},"featured_media":0,"template":"","meta":{"_monsterinsights_skip_tracking":false,"_monsterinsights_sitenote_active":false,"_monsterinsights_sitenote_note":"","_monsterinsights_sitenote_category":0},"product_brand":[],"product_cat":[13059,12337],"product_tag":[],"class_list":{"0":"post-720424","1":"product","2":"type-product","3":"status-publish","5":"product_cat-diger-politika-siyaset","6":"product_cat-politika-siyaset","7":"pa_cilt-ciltsiz","8":"pa_tur-kitap","9":"pa_yayinevi-otuken-nesriyat","10":"pa_yazar-gursel-donmez","12":"first","13":"instock","14":"sale","15":"shipping-taxable","16":"purchasable","17":"product-type-simple"},"_links":{"self":[{"href":"https:\/\/roveyayinevi.com.tr\/index.php\/wp-json\/wp\/v2\/product\/720424","targetHints":{"allow":["GET"]}}],"collection":[{"href":"https:\/\/roveyayinevi.com.tr\/index.php\/wp-json\/wp\/v2\/product"}],"about":[{"href":"https:\/\/roveyayinevi.com.tr\/index.php\/wp-json\/wp\/v2\/types\/product"}],"wp:attachment":[{"href":"https:\/\/roveyayinevi.com.tr\/index.php\/wp-json\/wp\/v2\/media?parent=720424"}],"wp:term":[{"taxonomy":"product_brand","embeddable":true,"href":"https:\/\/roveyayinevi.com.tr\/index.php\/wp-json\/wp\/v2\/product_brand?post=720424"},{"taxonomy":"product_cat","embeddable":true,"href":"https:\/\/roveyayinevi.com.tr\/index.php\/wp-json\/wp\/v2\/product_cat?post=720424"},{"taxonomy":"product_tag","embeddable":true,"href":"https:\/\/roveyayinevi.com.tr\/index.php\/wp-json\/wp\/v2\/product_tag?post=720424"}],"curies":[{"name":"wp","href":"https:\/\/api.w.org\/{rel}","templated":true}]}}