{"id":720422,"date":"2025-08-27T18:35:49","date_gmt":"2025-08-27T15:35:49","guid":{"rendered":"https:\/\/roveyayinevi.com.tr\/index.php\/urun\/mehmet-fazil-pasa\/"},"modified":"2026-04-16T02:28:36","modified_gmt":"2026-04-15T23:28:36","slug":"mehmet-fazil-pasa","status":"publish","type":"product","link":"https:\/\/roveyayinevi.com.tr\/index.php\/urun\/mehmet-fazil-pasa\/","title":{"rendered":"Mehmet Faz\u0131l Pa\u015fa"},"content":{"rendered":"<p>Mehmet Faz\u0131l Pa\u015fa\u2026Daha \u00e7ocuk ya\u015ftayken at binme yetene\u011fiyle \u015eeyh \u015eamil&#8217;in g\u00f6z\u00fcne giren\u2026\u00c7ocukluk ve ilk gen\u00e7lik y\u0131llar\u0131n\u0131 Da\u011f\u0131stan&#8217;daki \u00f6zg\u00fcrl\u00fck m\u00fccadelesi ile ge\u00e7iren\u2026Ruslara esir d\u00fc\u015ft\u00fckten sonra yine askeri yetenekleri sebebiyle bir Rus subay\u0131 olarak yeti\u015ftirilen ama Sultan Abd\u00fclhamid d\u00f6neminde Osmanl\u0131 ordusuna kat\u0131lan bir sava\u015f\u00e7\u0131\u2026Osmanl\u0131&#8217;ya iltica ettikten sonra S\u00fcvari Kola\u011fas\u0131 r\u00fctbesiyle Devlet-i Aliyye\u2019ye hizmet eden\u202693 Harbi&#8217;nde Gazi Ahmet Muhtar Pa\u015fa ile birlikte sava\u015fan, Aziziye tabyas\u0131ndaki ba\u015far\u0131lar\u0131yla binba\u015f\u0131l\u0131\u011fa terfi eden\u20261. D\u00fcnya Sava\u015f\u0131 ba\u015flay\u0131nca Kafkas Cephesinde \u0130htiyat S\u00fcvari Kolordu Komutan\u0131 olarak sava\u015fan\u2026\u0130lerleyen ya\u015f\u0131na ra\u011fmen bizzat cephenin \u00f6n saflar\u0131nda g\u00f6sterdi\u011fi aktif m\u00fccadele \u00fczerine Enver Pa\u015fa taraf\u0131ndan eli \u00f6p\u00fclen gizli bir kahraman\u2026Atlara f\u0131s\u0131ldayan, aslanlar\u0131 dize getiren bir Kut\u2019\u00fcl Amare \u015fehidi\u2026Romanlar\u0131yla tarihin gizli kalm\u0131\u015f detaylar\u0131n\u0131 ve kahramanlar\u0131n\u0131 bug\u00fcne ta\u015f\u0131yan \u0130smail Bilgin, g\u00fc\u00e7l\u00fc kalemiyle Da\u011f\u0131stan\u2019dan \u0130stanbul\u2019a, oradan Ba\u011fdat\u2019a, yeniden Kafkaslara ve Kut\u2019\u00fcl Amare\u2019ye uzanan soluk solu\u011fa bir macera ile tarihin \u00f6n\u00fcnde sayg\u0131yla e\u011filece\u011fi bir kahraman\u0131n\u0131n hayat\u0131n\u0131 resmediyor.Kut\u2019\u00fcl Amare\u2019de Bir Aslan Terbiyecisi Mehmet Faz\u0131l Pa\u015fa\u2026\u201cZafer, zek\u00e2t ister, \u015fehadetim zek\u00e2t\u0131m olsun dilerim.\u201d<\/p>\n","protected":false},"excerpt":{"rendered":"<p>Mehmet Faz\u0131l Pa\u015fa\u2026Daha \u00e7ocuk ya\u015ftayken at binme yetene\u011fiyle \u015eeyh \u015eamil&#8217;in g\u00f6z\u00fcne giren\u2026\u00c7ocukluk ve ilk gen\u00e7lik y\u0131llar\u0131n\u0131 Da\u011f\u0131stan&#8217;daki \u00f6zg\u00fcrl\u00fck m\u00fccadelesi ile ge\u00e7iren\u2026Ruslara esir d\u00fc\u015ft\u00fckten sonra yine askeri<span class=\"excerpt-hellip\"> [\u2026]<\/span><\/p>\n","protected":false},"featured_media":0,"template":"","meta":{"_monsterinsights_skip_tracking":false,"_monsterinsights_sitenote_active":false,"_monsterinsights_sitenote_note":"","_monsterinsights_sitenote_category":0},"product_brand":[],"product_cat":[12291,12745],"product_tag":[],"class_list":{"0":"post-720422","1":"product","2":"type-product","3":"status-publish","5":"product_cat-edebiyat","6":"product_cat-tarihi-roman","7":"pa_cilt-ciltsiz","8":"pa_tur-kitap","9":"pa_yayinevi-timas-yayinlari","10":"pa_yazar-ismail-bilgin","12":"first","13":"instock","14":"sale","15":"shipping-taxable","16":"purchasable","17":"product-type-simple"},"_links":{"self":[{"href":"https:\/\/roveyayinevi.com.tr\/index.php\/wp-json\/wp\/v2\/product\/720422","targetHints":{"allow":["GET"]}}],"collection":[{"href":"https:\/\/roveyayinevi.com.tr\/index.php\/wp-json\/wp\/v2\/product"}],"about":[{"href":"https:\/\/roveyayinevi.com.tr\/index.php\/wp-json\/wp\/v2\/types\/product"}],"wp:attachment":[{"href":"https:\/\/roveyayinevi.com.tr\/index.php\/wp-json\/wp\/v2\/media?parent=720422"}],"wp:term":[{"taxonomy":"product_brand","embeddable":true,"href":"https:\/\/roveyayinevi.com.tr\/index.php\/wp-json\/wp\/v2\/product_brand?post=720422"},{"taxonomy":"product_cat","embeddable":true,"href":"https:\/\/roveyayinevi.com.tr\/index.php\/wp-json\/wp\/v2\/product_cat?post=720422"},{"taxonomy":"product_tag","embeddable":true,"href":"https:\/\/roveyayinevi.com.tr\/index.php\/wp-json\/wp\/v2\/product_tag?post=720422"}],"curies":[{"name":"wp","href":"https:\/\/api.w.org\/{rel}","templated":true}]}}