{"id":720421,"date":"2025-08-27T18:35:49","date_gmt":"2025-08-27T15:35:49","guid":{"rendered":"https:\/\/roveyayinevi.com.tr\/index.php\/urun\/dogada-hayat-var\/"},"modified":"2026-04-16T02:28:36","modified_gmt":"2026-04-15T23:28:36","slug":"dogada-hayat-var","status":"publish","type":"product","link":"https:\/\/roveyayinevi.com.tr\/index.php\/urun\/dogada-hayat-var\/","title":{"rendered":"Do\u011fada Hayat Var"},"content":{"rendered":"<p>Sa\u011fl\u0131k insan\u0131n en b\u00fcy\u00fck hazinesi. GDO\u2019lu g\u0131dalar, katk\u0131 maddeli yiyecekler, artan kanser vakalar\u0131, giderek yayg\u0131nla\u015fan obezite ve yayg\u0131n kronik hastal\u0131klar, ila\u00e7lar, takviyeler, al\u0131nan kilolar, verilen kilolar, \u00f6zel diyetler derken sa\u011fl\u0131\u011fa dair bilgi \u00fcretimi giderek yay\u0131l\u0131yor. Farkl\u0131 re\u00e7eteler havada u\u00e7u\u015fuyor; pazar\u0131n manip\u00fclasyonuyla mahk\u00fbm edilen ya da adeta sihirli iksir muamelesi g\u00f6ren g\u0131dalardan bahsediliyor. Peki biz neye inanaca\u011f\u0131z?Biyokimya alan\u0131nda yapt\u0131\u011f\u0131 \u00f6nemli \u00e7al\u0131\u015fmalarla dikkat \u00e7eken Prof. Dr. Aysun Bay Karabulut Do\u011fada Hayat Var\u2019da insana \u2018do\u011fayla b\u00fct\u00fcnl\u00fck i\u00e7inde bir varl\u0131k\u2019 olarak bak\u0131p zihinlerdeki karma\u015fay\u0131 yat\u0131\u015ft\u0131racak bilgiler veriyor. Do\u011fada Hayat Var, terminolojik zorluklara bo\u011fulmadan, kolay ve anla\u015f\u0131l\u0131r bir dille insan v\u00fccudunun i\u015fleyi\u015fini ve do\u011fayla uyumlu yap\u0131s\u0131n\u0131 anlat\u0131yor. Adeta makrokozmosun bir minyat\u00fcr\u00fc (mikrokozmos) olan insan\u0131n do\u011fayla ve do\u011fal olanla irtibat\u0131n\u0131 muhafaza ettik\u00e7e sa\u011fl\u0131\u011f\u0131n\u0131 da korumak yolunda \u00f6nemli bir ad\u0131m atm\u0131\u015f olaca\u011f\u0131n\u0131 g\u00f6steriyor.Beslenmenin ve sa\u011fl\u0131\u011f\u0131n k\u0131sa tarihinden, tarihin g\u00f6rd\u00fc\u011f\u00fc en b\u00fcy\u00fck katil kansere; ya\u015fam kayna\u011f\u0131 vitaminlerden insan v\u00fccudunun koruma kalkan\u0131 minerallere, hormonlardan ya\u011flara, proteinlere, metabolizmam\u0131z i\u00e7in en faydal\u0131 yiyeceklere uzanan bir hatta sa\u011fl\u0131kl\u0131 bir ya\u015fam\u0131n ipu\u00e7lar\u0131n\u0131 veriyor.\u201cDo\u011fada Hayat Var, her ge\u00e7en g\u00fcn \u00f6nemi daha \u00e7ok anla\u015f\u0131lmaya ba\u015flanan do\u011fal insan anlay\u0131\u015f\u0131na t\u0131bb\u00ee \u00e7al\u0131\u015fmalar i\u00e7erisinden bir dipnot d\u00fc\u015fmek amac\u0131yla kaleme al\u0131nd\u0131. Okuyanlar\u0131n bu anlay\u0131\u015f\u0131 daha iyi kavrayacaklar\u0131n\u0131, do\u011fala d\u00f6n\u00fc\u015f yolunda kitab\u0131m\u0131z\u0131 rehber olarak kullanacaklar\u0131n\u0131 umuyoruz.\u201d<\/p>\n","protected":false},"excerpt":{"rendered":"<p>Sa\u011fl\u0131k insan\u0131n en b\u00fcy\u00fck hazinesi. GDO\u2019lu g\u0131dalar, katk\u0131 maddeli yiyecekler, artan kanser vakalar\u0131, giderek yayg\u0131nla\u015fan obezite ve yayg\u0131n kronik hastal\u0131klar, ila\u00e7lar, takviyeler, al\u0131nan kilolar, verilen kilolar,<span class=\"excerpt-hellip\"> [\u2026]<\/span><\/p>\n","protected":false},"featured_media":0,"template":"","meta":{"_monsterinsights_skip_tracking":false,"_monsterinsights_sitenote_active":false,"_monsterinsights_sitenote_note":"","_monsterinsights_sitenote_category":0},"product_brand":[],"product_cat":[20313,13365],"product_tag":[],"class_list":{"0":"post-720421","1":"product","2":"type-product","3":"status-publish","5":"product_cat-basvuru-kitaplari-saglik","6":"product_cat-saglik","7":"pa_cilt-ciltsiz","8":"pa_tur-kitap","9":"pa_yayinevi-timas-yayinlari","10":"pa_yazar-aysun-bay-karabulut","12":"first","13":"instock","14":"sale","15":"shipping-taxable","16":"purchasable","17":"product-type-simple"},"_links":{"self":[{"href":"https:\/\/roveyayinevi.com.tr\/index.php\/wp-json\/wp\/v2\/product\/720421","targetHints":{"allow":["GET"]}}],"collection":[{"href":"https:\/\/roveyayinevi.com.tr\/index.php\/wp-json\/wp\/v2\/product"}],"about":[{"href":"https:\/\/roveyayinevi.com.tr\/index.php\/wp-json\/wp\/v2\/types\/product"}],"wp:attachment":[{"href":"https:\/\/roveyayinevi.com.tr\/index.php\/wp-json\/wp\/v2\/media?parent=720421"}],"wp:term":[{"taxonomy":"product_brand","embeddable":true,"href":"https:\/\/roveyayinevi.com.tr\/index.php\/wp-json\/wp\/v2\/product_brand?post=720421"},{"taxonomy":"product_cat","embeddable":true,"href":"https:\/\/roveyayinevi.com.tr\/index.php\/wp-json\/wp\/v2\/product_cat?post=720421"},{"taxonomy":"product_tag","embeddable":true,"href":"https:\/\/roveyayinevi.com.tr\/index.php\/wp-json\/wp\/v2\/product_tag?post=720421"}],"curies":[{"name":"wp","href":"https:\/\/api.w.org\/{rel}","templated":true}]}}