{"id":720419,"date":"2025-08-27T18:35:47","date_gmt":"2025-08-27T15:35:47","guid":{"rendered":"https:\/\/roveyayinevi.com.tr\/index.php\/urun\/vazgecme\/"},"modified":"2026-04-16T02:28:36","modified_gmt":"2026-04-15T23:28:36","slug":"vazgecme","status":"publish","type":"product","link":"https:\/\/roveyayinevi.com.tr\/index.php\/urun\/vazgecme\/","title":{"rendered":"Vazge\u00e7me"},"content":{"rendered":"<p>S\u0131nanmam\u0131\u015f, ya\u015fanamam\u0131\u015f ac\u0131lar ve olaylar \u00fczerine  Konu\u015fmak \u00e7ok kolayd\u0131r. Bu kitapta yazd\u0131klar\u0131m\u0131n hepsi ger\u00e7ek. Vazge\u00e7mezseniz hayat\u0131n\u0131z\u0131 de\u011fi\u015ftirme ihtimaliniz var! Benim bunu yapacak sihirli bir g\u00fcc\u00fcm yok! Hayat\u0131n\u0131z\u0131 sadece S\u0130Z de\u011fi\u015ftirebilirsiniz! S\u0130Z DE\u011e\u0130\u015eMEDEN  hi\u00e7 bir \u015fey de\u011fi\u015fmeyecek. Mesajlar\u0131m kalpten kalbe akacak Hepimizin kendimizi bir \u00e7\u0131kmaz\u0131n i\u00e7inde hissetti\u00a4i,  G\u00f6zya\u015flar\u0131 d\u00f6kt\u00fc\u00a4\u00fc, hayal k\u0131r\u0131kl\u0131klar\u0131na u\u011frad\u0131\u011f\u0131,  \u00c7aresiz kald\u0131\u011f\u0131, g\u00fcvensiz ve korku dolu anlar\u0131 olmu\u015ftur. Mesajlar\u0131m kalpten kalbe akacak Hepimizin kendimizi bir \u00e7\u0131kmaz\u0131n i\u00e7inde hissetti\u00a4i,  G\u00f6zya\u015flar\u0131 d\u00f6kt\u00fc\u00a4\u00fc, hayal k\u0131r\u0131kl\u0131klar\u0131na u\u011frad\u0131\u011f\u0131,  \u00c7aresiz kald\u0131\u011f\u0131, g\u00fcvensiz ve korku dolu anlar\u0131 olmu\u015ftur. Allah&#8217;\u0131m sadece bir \u0131\u015f\u0131k, bir \u00e7\u0131k\u0131\u015f dersiniz. Buldu\u011funuz an arkas\u0131ndan gideceksiniz&#8230; \u0130\u015fte, insane olarak yolculu\u011fumuz, bunlar\u0131n \u00fcstesinden  Gelme yolculu\u011fudur. Bir \u00e7\u0131k\u0131\u015f ya da ba\u015flang\u0131\u00e7 noktas\u0131 ar\u0131yorsan\u0131z, DO\u011eRU K\u0130TABI EL\u0130N\u0130ZDE TUTUYORSUNUZ\u2026 Kalbiniz ve zihninizi a\u00e7\u0131n l\u00fctfen\u2026 <\/p>\n","protected":false},"excerpt":{"rendered":"<p>S\u0131nanmam\u0131\u015f, ya\u015fanamam\u0131\u015f ac\u0131lar ve olaylar \u00fczerine Konu\u015fmak \u00e7ok kolayd\u0131r. Bu kitapta yazd\u0131klar\u0131m\u0131n hepsi ger\u00e7ek. Vazge\u00e7mezseniz hayat\u0131n\u0131z\u0131 de\u011fi\u015ftirme ihtimaliniz var! Benim bunu yapacak sihirli bir g\u00fcc\u00fcm yok!<span class=\"excerpt-hellip\"> [\u2026]<\/span><\/p>\n","protected":false},"featured_media":0,"template":"","meta":{"_monsterinsights_skip_tracking":false,"_monsterinsights_sitenote_active":false,"_monsterinsights_sitenote_note":"","_monsterinsights_sitenote_category":0},"product_brand":[],"product_cat":[12364,12376],"product_tag":[],"class_list":{"0":"post-720419","1":"product","2":"type-product","3":"status-publish","5":"product_cat-genel-konular","6":"product_cat-kisisel-gelisim","7":"pa_cilt-ciltsiz","8":"pa_tur-kitap","9":"pa_yayinevi-inkilap-kitabevi","10":"pa_yazar-ozan-bahar","12":"first","13":"instock","14":"sale","15":"shipping-taxable","16":"purchasable","17":"product-type-simple"},"_links":{"self":[{"href":"https:\/\/roveyayinevi.com.tr\/index.php\/wp-json\/wp\/v2\/product\/720419","targetHints":{"allow":["GET"]}}],"collection":[{"href":"https:\/\/roveyayinevi.com.tr\/index.php\/wp-json\/wp\/v2\/product"}],"about":[{"href":"https:\/\/roveyayinevi.com.tr\/index.php\/wp-json\/wp\/v2\/types\/product"}],"wp:attachment":[{"href":"https:\/\/roveyayinevi.com.tr\/index.php\/wp-json\/wp\/v2\/media?parent=720419"}],"wp:term":[{"taxonomy":"product_brand","embeddable":true,"href":"https:\/\/roveyayinevi.com.tr\/index.php\/wp-json\/wp\/v2\/product_brand?post=720419"},{"taxonomy":"product_cat","embeddable":true,"href":"https:\/\/roveyayinevi.com.tr\/index.php\/wp-json\/wp\/v2\/product_cat?post=720419"},{"taxonomy":"product_tag","embeddable":true,"href":"https:\/\/roveyayinevi.com.tr\/index.php\/wp-json\/wp\/v2\/product_tag?post=720419"}],"curies":[{"name":"wp","href":"https:\/\/api.w.org\/{rel}","templated":true}]}}