{"id":720417,"date":"2025-08-27T18:35:46","date_gmt":"2025-08-27T15:35:46","guid":{"rendered":"https:\/\/roveyayinevi.com.tr\/index.php\/urun\/asi-ciltli\/"},"modified":"2026-04-16T02:28:36","modified_gmt":"2026-04-15T23:28:36","slug":"asi-ciltli","status":"publish","type":"product","link":"https:\/\/roveyayinevi.com.tr\/index.php\/urun\/asi-ciltli\/","title":{"rendered":"Asi (Ciltli)"},"content":{"rendered":"<p>Efsane\u2019ye sayg\u0131 g\u00f6sterin.Deha\u2019y\u0131 y\u00fcceltin.\u015eampiyon\u2019u \u00f6v\u00fcn.Ancak hi\u00e7bir zamanAsi\u2019yi k\u00fc\u00e7\u00fcmsemeyin.Eden Wing senelerce abisinin g\u00f6lgesinde ya\u015fam\u0131\u015ft\u0131. Ross City\u2019deki \u00fcniversitenin en iyi \u00f6\u011frencisi ve mucidi olmas\u0131na ra\u011fmen, \u00e7o\u011fu ki\u015fi onu Daniel Wing\u2019in karde\u015fi olarak tan\u0131yordu. Daniel on y\u0131l \u00f6nce, Day ismiyle biliniyordu. Cumhuriyet\u2019i kurtaran, devrime \u00f6nc\u00fcl\u00fck eden \u00e7ocuktu. Ancak Day bir zamanlar oldu\u011fu kahraman de\u011fildi art\u0131k. Bug\u00fcnlerde b\u00fct\u00fcn d\u00fcnyadan saklan\u0131p ge\u00e7mi\u015fini geride b\u0131rakmak istiyordu. Tek \u00f6nemsedi\u011fi, Eden\u2019\u0131 g\u00fcvende tutmakt\u0131. Hayat\u0131n\u0131n a\u015fk\u0131 June\u2019u geride b\u0131rakmak zorunda kalsa bile\u2026 Cumhuriyet\u2019ten ayr\u0131ld\u0131klar\u0131 g\u00fcnden bu yana ge\u00e7irdikleri de\u011fi\u015fimi kabul etmekte zorlanan iki karde\u015fin kar\u015f\u0131s\u0131na yeni bir tehlike \u00e7\u0131kacak ve aralar\u0131n\u0131 a\u00e7acakt\u0131. Eden \u00e7ok ge\u00e7meden kendini Ross City\u2019nin karanl\u0131k sokaklar\u0131nda bulacak ve orada kendini \u00f6ylesine kaybedecekti ki, zaman\u0131nda bir milletin kahraman\u0131 olarak g\u00f6r\u00fclen abisi bile onu kurtaramayacakt\u0131.Asi, hi\u00e7bir zaman hayal k\u0131r\u0131kl\u0131\u011f\u0131na u\u011fratmayan g\u00fc\u00e7l\u00fc bir yazar\u0131n kaleme ald\u0131\u011f\u0131 muhte\u015fem bir roman. Marie Lu yazd\u0131\u011f\u0131 her kitapta okuru kendine \u00e2\u015f\u0131k eden b\u00fcy\u00fcl\u00fc bir yazar. Tahereh Mafi, Bana Dokunma serisinin \u00e7oksatan yazar\u0131Gizem, yard\u0131mla\u015fma ve sevgi temalar\u0131n\u0131n i\u015flendi\u011fi bu hik\u00e2ye Efsane hayranlar\u0131n\u0131 ve yeni okurlar\u0131 muhte\u015fem bir d\u00fcnyaya davet ediyor. Ayr\u0131cal\u0131k ve denetim \u00fczerine i\u015fledi\u011fi hik\u00e2yeyi kolayca g\u00fcn\u00fcm\u00fczdeki olaylarda da g\u00f6rebiliriz.Publishers Weekly<\/p>\n","protected":false},"excerpt":{"rendered":"<p>Efsane\u2019ye sayg\u0131 g\u00f6sterin.Deha\u2019y\u0131 y\u00fcceltin.\u015eampiyon\u2019u \u00f6v\u00fcn.Ancak hi\u00e7bir zamanAsi\u2019yi k\u00fc\u00e7\u00fcmsemeyin.Eden Wing senelerce abisinin g\u00f6lgesinde ya\u015fam\u0131\u015ft\u0131. Ross City\u2019deki \u00fcniversitenin en iyi \u00f6\u011frencisi ve mucidi olmas\u0131na ra\u011fmen, \u00e7o\u011fu ki\u015fi onu<span class=\"excerpt-hellip\"> [\u2026]<\/span><\/p>\n","protected":false},"featured_media":0,"template":"","meta":{"_monsterinsights_skip_tracking":false,"_monsterinsights_sitenote_active":false,"_monsterinsights_sitenote_note":"","_monsterinsights_sitenote_category":0},"product_brand":[],"product_cat":[12540,12291],"product_tag":[],"class_list":{"0":"post-720417","1":"product","2":"type-product","3":"status-publish","5":"product_cat-bilim-kurgu","6":"product_cat-edebiyat","7":"pa_cilt-ciltsiz","8":"pa_tur-kitap","9":"pa_yayinevi-epsilon-yayinlari","10":"pa_yazar-marie-lu","12":"first","13":"instock","14":"sale","15":"shipping-taxable","16":"purchasable","17":"product-type-simple"},"_links":{"self":[{"href":"https:\/\/roveyayinevi.com.tr\/index.php\/wp-json\/wp\/v2\/product\/720417","targetHints":{"allow":["GET"]}}],"collection":[{"href":"https:\/\/roveyayinevi.com.tr\/index.php\/wp-json\/wp\/v2\/product"}],"about":[{"href":"https:\/\/roveyayinevi.com.tr\/index.php\/wp-json\/wp\/v2\/types\/product"}],"wp:attachment":[{"href":"https:\/\/roveyayinevi.com.tr\/index.php\/wp-json\/wp\/v2\/media?parent=720417"}],"wp:term":[{"taxonomy":"product_brand","embeddable":true,"href":"https:\/\/roveyayinevi.com.tr\/index.php\/wp-json\/wp\/v2\/product_brand?post=720417"},{"taxonomy":"product_cat","embeddable":true,"href":"https:\/\/roveyayinevi.com.tr\/index.php\/wp-json\/wp\/v2\/product_cat?post=720417"},{"taxonomy":"product_tag","embeddable":true,"href":"https:\/\/roveyayinevi.com.tr\/index.php\/wp-json\/wp\/v2\/product_tag?post=720417"}],"curies":[{"name":"wp","href":"https:\/\/api.w.org\/{rel}","templated":true}]}}