{"id":720416,"date":"2025-08-27T18:35:45","date_gmt":"2025-08-27T15:35:45","guid":{"rendered":"https:\/\/roveyayinevi.com.tr\/index.php\/urun\/cingoz-merihte\/"},"modified":"2026-04-16T02:28:36","modified_gmt":"2026-04-15T23:28:36","slug":"cingoz-merihte","status":"publish","type":"product","link":"https:\/\/roveyayinevi.com.tr\/index.php\/urun\/cingoz-merihte\/","title":{"rendered":"Cing\u00f6z Merih&#8217;te"},"content":{"rendered":"<p>Cing\u00f6z Recai romanlar\u0131n\u0131n s\u0131ra d\u0131\u015f\u0131 bir \u00f6rne\u011fi olan Cing\u00f6z Merih\u2019te\u2019de, kahraman\u0131m\u0131z ve sevgilisi Jale, ilgin\u00e7 bir vakan\u0131n pe\u015finde, bir gizli ilimler ara\u015ft\u0131rma enstit\u00fcs\u00fcn\u00fcn vas\u0131tas\u0131yla Merih\u2019e ruhsal bir yolculuk ger\u00e7ekle\u015ftiriyorlar. Romanda Merih, bir gezegen olmak d\u0131\u015f\u0131nda hem bir ar\u0131nd\u0131r\u0131lma ve cezaland\u0131r\u0131lma yeri hem bizim d\u00fcnyam\u0131zdan \u00e7ok da kopuk olmayan, totaliter bir rejime kar\u015f\u0131 i\u00e7lerinde Max Planck ve Niels Bohr gibi fizik\u00e7ilerin ruhlar\u0131n\u0131n da yer ald\u0131\u011f\u0131 bir muhalif te\u015fkilat\u0131n m\u00fccadele sahnesi olarak kar\u015f\u0131m\u0131za \u00e7\u0131k\u0131yor. Din\u00ee inan\u00e7lar, bilimsel geli\u015fmeler, \u00e7\u00f6z\u00fclmesi gereken muammalar aras\u0131nda Kubelik, Wagner, Beethoven ve kahramanlar\u0131m\u0131z\u0131n elini \u00f6p\u00fcp konu\u015fma imk\u00e2n\u0131 bulduklar\u0131 Talat Pa\u015fa da romanda arz\u0131endam ediyorlar. 18 Aral\u0131k 1955-17 Mart 1956 tarihleri aras\u0131nda Milliyet gazetesinde 91 say\u0131 olarak tefrika edilip ilk defa \u00d6t\u00fcken Ne\u015friyat taraf\u0131ndan Do\u011fan H\u0131zlan\u2019\u0131n sunu\u015fuyla kitapla\u015ft\u0131r\u0131lan Cing\u00f6z Merih\u2019te\u2019yi, Prof. Dr. Seval \u015eahin yay\u0131ma haz\u0131rlad\u0131. <\/p>\n","protected":false},"excerpt":{"rendered":"<p>Cing\u00f6z Recai romanlar\u0131n\u0131n s\u0131ra d\u0131\u015f\u0131 bir \u00f6rne\u011fi olan Cing\u00f6z Merih\u2019te\u2019de, kahraman\u0131m\u0131z ve sevgilisi Jale, ilgin\u00e7 bir vakan\u0131n pe\u015finde, bir gizli ilimler ara\u015ft\u0131rma enstit\u00fcs\u00fcn\u00fcn vas\u0131tas\u0131yla Merih\u2019e ruhsal<span class=\"excerpt-hellip\"> [\u2026]<\/span><\/p>\n","protected":false},"featured_media":0,"template":"","meta":{"_monsterinsights_skip_tracking":false,"_monsterinsights_sitenote_active":false,"_monsterinsights_sitenote_note":"","_monsterinsights_sitenote_category":0},"product_brand":[],"product_cat":[12291,15445],"product_tag":[],"class_list":{"0":"post-720416","1":"product","2":"type-product","3":"status-publish","5":"product_cat-edebiyat","6":"product_cat-polisiye","7":"pa_cilt-ciltsiz","8":"pa_tur-kitap","9":"pa_yayinevi-otuken-nesriyat","10":"pa_yazar-kolektif","12":"first","13":"instock","14":"sale","15":"shipping-taxable","16":"purchasable","17":"product-type-simple"},"_links":{"self":[{"href":"https:\/\/roveyayinevi.com.tr\/index.php\/wp-json\/wp\/v2\/product\/720416","targetHints":{"allow":["GET"]}}],"collection":[{"href":"https:\/\/roveyayinevi.com.tr\/index.php\/wp-json\/wp\/v2\/product"}],"about":[{"href":"https:\/\/roveyayinevi.com.tr\/index.php\/wp-json\/wp\/v2\/types\/product"}],"wp:attachment":[{"href":"https:\/\/roveyayinevi.com.tr\/index.php\/wp-json\/wp\/v2\/media?parent=720416"}],"wp:term":[{"taxonomy":"product_brand","embeddable":true,"href":"https:\/\/roveyayinevi.com.tr\/index.php\/wp-json\/wp\/v2\/product_brand?post=720416"},{"taxonomy":"product_cat","embeddable":true,"href":"https:\/\/roveyayinevi.com.tr\/index.php\/wp-json\/wp\/v2\/product_cat?post=720416"},{"taxonomy":"product_tag","embeddable":true,"href":"https:\/\/roveyayinevi.com.tr\/index.php\/wp-json\/wp\/v2\/product_tag?post=720416"}],"curies":[{"name":"wp","href":"https:\/\/api.w.org\/{rel}","templated":true}]}}