{"id":720415,"date":"2025-08-27T18:35:44","date_gmt":"2025-08-27T15:35:44","guid":{"rendered":"https:\/\/roveyayinevi.com.tr\/index.php\/urun\/lacivert-surgun\/"},"modified":"2026-04-16T02:28:36","modified_gmt":"2026-04-15T23:28:36","slug":"lacivert-surgun","status":"publish","type":"product","link":"https:\/\/roveyayinevi.com.tr\/index.php\/urun\/lacivert-surgun\/","title":{"rendered":"Lacivert S\u00fcrg\u00fcn"},"content":{"rendered":"<p>Halil \u0130lteri\u015f Kutlu, okurunu ilk \u015fiir kitab\u0131 olan Lacivert S\u00fcrg\u00fcn ile kendine has \u015fiir co\u011frafyas\u0131nda gezintiye \u00e7\u0131kart\u0131yor. Semerkant\u2019tan End\u00fcl\u00fcs\u2019e kadar uzanan bu geni\u015f \u015fiir evreninde g\u00fc\u00e7l\u00fc ad\u0131mlarla y\u00fcr\u00fcyen Kutlu\u2019nun geride b\u0131rakt\u0131\u011f\u0131 ayak izlerinde tasavvufi nazariyenin etkisi, kendisini yo\u011fun bir \u015fekilde hissettirmekte. S\u0131ra d\u0131\u015f\u0131 imgeleri ve gelene\u011fin kadim kaynaklar\u0131 \u00fczerindeki h\u00e2kimiyetiyle bamba\u015fka bir \u015fiir evreninin kap\u0131lar\u0131n\u0131 a\u00e7an Kutlu, okuruna i\u00e7inde bulundu\u011fu zamandan metafizik d\u00fcnyaya uzanan bir merdiven hediye ediyor. \u015eiiri, her an yeniden ke\u015ffedilmesi gereken bir \u00e2lem olarak g\u00f6ren Kutlu, sezgi g\u00fcc\u00fc kuvvetli olan okurunun da bu ke\u015fif s\u00fcrecine kat\u0131lmas\u0131na olanak sa\u011fl\u0131yor. \u00dczerine e\u011filip kula\u011f\u0131n\u0131z\u0131 dayad\u0131\u011f\u0131n\u0131zda \u00e7ok k\u00fclt\u00fcrl\u00fcl\u00fc\u011f\u00fcn, tasavvufun ve varl\u0131\u011f\u0131n asl\u0131na duyulan \u00f6zlemin derin na\u011fmelerinin yan\u0131nda modernite ile hakikat aras\u0131nda s\u0131k\u0131\u015fm\u0131\u015f olan insan\u0131n kalb\u00ee ve zihinsel a\u011fr\u0131lar\u0131n\u0131 da fazlas\u0131yla hissedebilece\u011finiz LacivertS\u00fcrg\u00fcn, g\u00fcn\u00fcm\u00fcz T\u00fcrk \u015fiiri i\u00e7inde kendisine \u00f6nemli bir yer edinmeye aday bir kitap.<\/p>\n","protected":false},"excerpt":{"rendered":"<p>Halil \u0130lteri\u015f Kutlu, okurunu ilk \u015fiir kitab\u0131 olan Lacivert S\u00fcrg\u00fcn ile kendine has \u015fiir co\u011frafyas\u0131nda gezintiye \u00e7\u0131kart\u0131yor. Semerkant\u2019tan End\u00fcl\u00fcs\u2019e kadar uzanan bu geni\u015f \u015fiir evreninde g\u00fc\u00e7l\u00fc<span class=\"excerpt-hellip\"> [\u2026]<\/span><\/p>\n","protected":false},"featured_media":0,"template":"","meta":{"_monsterinsights_skip_tracking":false,"_monsterinsights_sitenote_active":false,"_monsterinsights_sitenote_note":"","_monsterinsights_sitenote_category":0},"product_brand":[],"product_cat":[12291,12509],"product_tag":[],"class_list":{"0":"post-720415","1":"product","2":"type-product","3":"status-publish","5":"product_cat-edebiyat","6":"product_cat-siir","7":"pa_cilt-ciltsiz","8":"pa_tur-kitap","9":"pa_yayinevi-otuken-nesriyat","10":"pa_yazar-kolektif","12":"first","13":"instock","14":"sale","15":"shipping-taxable","16":"purchasable","17":"product-type-simple"},"_links":{"self":[{"href":"https:\/\/roveyayinevi.com.tr\/index.php\/wp-json\/wp\/v2\/product\/720415","targetHints":{"allow":["GET"]}}],"collection":[{"href":"https:\/\/roveyayinevi.com.tr\/index.php\/wp-json\/wp\/v2\/product"}],"about":[{"href":"https:\/\/roveyayinevi.com.tr\/index.php\/wp-json\/wp\/v2\/types\/product"}],"wp:attachment":[{"href":"https:\/\/roveyayinevi.com.tr\/index.php\/wp-json\/wp\/v2\/media?parent=720415"}],"wp:term":[{"taxonomy":"product_brand","embeddable":true,"href":"https:\/\/roveyayinevi.com.tr\/index.php\/wp-json\/wp\/v2\/product_brand?post=720415"},{"taxonomy":"product_cat","embeddable":true,"href":"https:\/\/roveyayinevi.com.tr\/index.php\/wp-json\/wp\/v2\/product_cat?post=720415"},{"taxonomy":"product_tag","embeddable":true,"href":"https:\/\/roveyayinevi.com.tr\/index.php\/wp-json\/wp\/v2\/product_tag?post=720415"}],"curies":[{"name":"wp","href":"https:\/\/api.w.org\/{rel}","templated":true}]}}