{"id":720409,"date":"2025-08-27T18:35:40","date_gmt":"2025-08-27T15:35:40","guid":{"rendered":"https:\/\/roveyayinevi.com.tr\/index.php\/urun\/gogsumde-mahser\/"},"modified":"2026-04-16T02:28:36","modified_gmt":"2026-04-15T23:28:36","slug":"gogsumde-mahser","status":"publish","type":"product","link":"https:\/\/roveyayinevi.com.tr\/index.php\/urun\/gogsumde-mahser\/","title":{"rendered":"G\u00f6\u011fs\u00fcmde Mah\u015fer"},"content":{"rendered":"<p>K\u0131rk yanl\u0131\u015fta bir do\u011fru eyledi\u011fim i\u015fimdi Hesab\u0131na bilenen t\u0131rna\u011f\u0131md\u0131 di\u015fimdi Yemin olsun o benim aksakall\u0131 ki\u015fimdi Bilgemden ayr\u0131 d\u00fc\u015ft\u00fcm silinen \u015fanl\u0131 \u00e7inim Farz et Gence&#8217;yim \u015fimdi, \u015fimdi farz et L\u00e2\u00e7in\u2019im   Her kal\u0131ba girenler ya sudur ya al\u00e7\u0131d\u0131r Heykel olabilmekse belki ta\u015fa \u00f6l\u00e7\u00fcd\u00fcr Sen elmas bir mektuptun ondan ad\u0131n El\u00e7i\u2019dir Azatl\u0131\u011fa \u015fahika naralar\u0131n misaldir Bu \u00f6l\u00fcm burda firkat Tanr\u0131da\u011f\u2019da visaldir   T\u00fcrk \u015ferefli bir \u0131rkt\u0131r, hem dilde heyecand\u0131r T\u00fcrk\u00e7\u00fc T\u00fcrk\u00fc ya\u015fayan T\u00fcrke feda bir cand\u0131r Senin b\u00fcy\u00fck miras\u0131n vahit Azerbaycan&#8217;d\u0131r Senin buyurduklar\u0131n binam\u0131z\u0131n harc\u0131d\u0131r Vasiyetin bizlerin boynumuzun borcudur <\/p>\n","protected":false},"excerpt":{"rendered":"<p>K\u0131rk yanl\u0131\u015fta bir do\u011fru eyledi\u011fim i\u015fimdi Hesab\u0131na bilenen t\u0131rna\u011f\u0131md\u0131 di\u015fimdi Yemin olsun o benim aksakall\u0131 ki\u015fimdi Bilgemden ayr\u0131 d\u00fc\u015ft\u00fcm silinen \u015fanl\u0131 \u00e7inim Farz et Gence&#8217;yim \u015fimdi,<span class=\"excerpt-hellip\"> [\u2026]<\/span><\/p>\n","protected":false},"featured_media":0,"template":"","meta":{"_monsterinsights_skip_tracking":false,"_monsterinsights_sitenote_active":false,"_monsterinsights_sitenote_note":"","_monsterinsights_sitenote_category":0},"product_brand":[],"product_cat":[12291,12509],"product_tag":[],"class_list":{"0":"post-720409","1":"product","2":"type-product","3":"status-publish","5":"product_cat-edebiyat","6":"product_cat-siir","7":"pa_cilt-ciltsiz","8":"pa_tur-kitap","9":"pa_yayinevi-otuken-nesriyat","10":"pa_yazar-ahmet-afsin-afkarlioglu","12":"first","13":"instock","14":"sale","15":"shipping-taxable","16":"purchasable","17":"product-type-simple"},"_links":{"self":[{"href":"https:\/\/roveyayinevi.com.tr\/index.php\/wp-json\/wp\/v2\/product\/720409","targetHints":{"allow":["GET"]}}],"collection":[{"href":"https:\/\/roveyayinevi.com.tr\/index.php\/wp-json\/wp\/v2\/product"}],"about":[{"href":"https:\/\/roveyayinevi.com.tr\/index.php\/wp-json\/wp\/v2\/types\/product"}],"wp:attachment":[{"href":"https:\/\/roveyayinevi.com.tr\/index.php\/wp-json\/wp\/v2\/media?parent=720409"}],"wp:term":[{"taxonomy":"product_brand","embeddable":true,"href":"https:\/\/roveyayinevi.com.tr\/index.php\/wp-json\/wp\/v2\/product_brand?post=720409"},{"taxonomy":"product_cat","embeddable":true,"href":"https:\/\/roveyayinevi.com.tr\/index.php\/wp-json\/wp\/v2\/product_cat?post=720409"},{"taxonomy":"product_tag","embeddable":true,"href":"https:\/\/roveyayinevi.com.tr\/index.php\/wp-json\/wp\/v2\/product_tag?post=720409"}],"curies":[{"name":"wp","href":"https:\/\/api.w.org\/{rel}","templated":true}]}}