{"id":720403,"date":"2025-08-27T18:35:35","date_gmt":"2025-08-27T15:35:35","guid":{"rendered":"https:\/\/roveyayinevi.com.tr\/index.php\/urun\/bir-uzun-yol-siirler-1\/"},"modified":"2026-04-16T02:28:36","modified_gmt":"2026-04-15T23:28:36","slug":"bir-uzun-yol-siirler-1","status":"publish","type":"product","link":"https:\/\/roveyayinevi.com.tr\/index.php\/urun\/bir-uzun-yol-siirler-1\/","title":{"rendered":"Bir Uzun Yol \u015eiirler &#8211; 1"},"content":{"rendered":"<p>Yaz\u0131nsal \u00e7al\u0131\u015fmalara \u015fiirle ba\u015flayan Fakir Baykurt dergilerde, gazetelerde on y\u0131l g\u00f6r\u00fcnd\u00fckten sonra imzas\u0131n\u0131 romanlara, \u00f6yk\u00fclere att\u0131.   \u015eiir, insan\u0131n o g\u00fczeller g\u00fczeli ilk sevisi gibidir. Kimileri bir t\u00fcrl\u00fc kopamaz. Baykurt da kopamad\u0131. Ama yay\u0131mlamay\u0131 kesti. Ev aramalar\u0131nda g\u00f6t\u00fcr\u00fclenlerden kalanlarla birlikte, elinde \u00fc\u00e7 kitapl\u0131k \u015fiiri var.   Sanatta \u201cdoyum\u201d denilen, hem de pek az kavu\u015fulan duyguya d\u00fczyaz\u0131lar\u0131nda bile eremeyen bir yazar\u0131n \u015fiirde ermesi kolay m\u0131? Bu y\u00fczden Baykurt \u015fiir kitab\u0131 yay\u0131mlamak i\u00e7in 60\u2019\u0131na kadar bekledi. Gene de \u201cBir Uzun Yol\u201d 45 y\u0131l\u0131 a\u015fan yaz\u0131nsal u\u011fra\u015fmalar\u0131n sonunda s\u0131n\u0131rl\u0131 say\u0131da bas\u0131ld\u0131.   1950 y\u0131llar\u0131nda Fakir Baykurt\u2019un \u201cDemokrasi\u201d adl\u0131 \u015fiirini okumu\u015ftum. Bu \u015fiir kar\u015f\u0131s\u0131nda duydu\u011fum sayg\u0131y\u0131, pek az oyun \u015fiiri kar\u015f\u0131s\u0131nda duymu\u015fumdur. Ozan dille, d\u00fc\u015f\u00fcnceyle ve \u015fiirle bir da\u011f\u0131 kald\u0131r\u0131yordu yerinden. Ceyhun Atuf Kansu (1959)<\/p>\n","protected":false},"excerpt":{"rendered":"<p>Yaz\u0131nsal \u00e7al\u0131\u015fmalara \u015fiirle ba\u015flayan Fakir Baykurt dergilerde, gazetelerde on y\u0131l g\u00f6r\u00fcnd\u00fckten sonra imzas\u0131n\u0131 romanlara, \u00f6yk\u00fclere att\u0131. \u015eiir, insan\u0131n o g\u00fczeller g\u00fczeli ilk sevisi gibidir. Kimileri bir<span class=\"excerpt-hellip\"> [\u2026]<\/span><\/p>\n","protected":false},"featured_media":0,"template":"","meta":{"_monsterinsights_skip_tracking":false,"_monsterinsights_sitenote_active":false,"_monsterinsights_sitenote_note":"","_monsterinsights_sitenote_category":0},"product_brand":[],"product_cat":[12291,12509],"product_tag":[],"class_list":{"0":"post-720403","1":"product","2":"type-product","3":"status-publish","5":"product_cat-edebiyat","6":"product_cat-siir","7":"pa_cilt-ciltsiz","8":"pa_tur-kitap","9":"pa_yayinevi-literatur-yayinevi","10":"pa_yazar-fakir-baykurt","12":"first","13":"instock","14":"sale","15":"shipping-taxable","16":"purchasable","17":"product-type-simple"},"_links":{"self":[{"href":"https:\/\/roveyayinevi.com.tr\/index.php\/wp-json\/wp\/v2\/product\/720403","targetHints":{"allow":["GET"]}}],"collection":[{"href":"https:\/\/roveyayinevi.com.tr\/index.php\/wp-json\/wp\/v2\/product"}],"about":[{"href":"https:\/\/roveyayinevi.com.tr\/index.php\/wp-json\/wp\/v2\/types\/product"}],"wp:attachment":[{"href":"https:\/\/roveyayinevi.com.tr\/index.php\/wp-json\/wp\/v2\/media?parent=720403"}],"wp:term":[{"taxonomy":"product_brand","embeddable":true,"href":"https:\/\/roveyayinevi.com.tr\/index.php\/wp-json\/wp\/v2\/product_brand?post=720403"},{"taxonomy":"product_cat","embeddable":true,"href":"https:\/\/roveyayinevi.com.tr\/index.php\/wp-json\/wp\/v2\/product_cat?post=720403"},{"taxonomy":"product_tag","embeddable":true,"href":"https:\/\/roveyayinevi.com.tr\/index.php\/wp-json\/wp\/v2\/product_tag?post=720403"}],"curies":[{"name":"wp","href":"https:\/\/api.w.org\/{rel}","templated":true}]}}