{"id":720402,"date":"2025-08-27T18:35:34","date_gmt":"2025-08-27T15:35:34","guid":{"rendered":"https:\/\/roveyayinevi.com.tr\/index.php\/urun\/dodo-bay-poset\/"},"modified":"2026-04-16T02:28:36","modified_gmt":"2026-04-15T23:28:36","slug":"dodo-bay-poset","status":"publish","type":"product","link":"https:\/\/roveyayinevi.com.tr\/index.php\/urun\/dodo-bay-poset\/","title":{"rendered":"Dodo Bay Po\u015fet"},"content":{"rendered":"<p>Senin i\u00e7in de insanlar\u0131n fiziksel \u00f6zellikleri de\u011fil kalpleri mi daha \u00f6nemli? Senin i\u00e7in de birileri ile arkada\u015f olmak onlara k\u00f6t\u00fc davranmaktan daha m\u0131 kolay? E\u011fer \u00f6yleyse yeni arkada\u015f\u0131n DOD\u2019nun maceralar\u0131n\u0131 okumaya hemen ba\u015fla. Hadi\u2026 Pozitif ve duygusal kahraman\u0131m\u0131z DODO ile tan\u0131\u015f. Sen de sevginin, arkada\u015fl\u0131\u011f\u0131n, hayal g\u00fcc\u00fcn\u00fcn sonsuz d\u00fcnyas\u0131ndaki ya\u015fama kar\u0131\u015f. <\/p>\n","protected":false},"excerpt":{"rendered":"<p>Senin i\u00e7in de insanlar\u0131n fiziksel \u00f6zellikleri de\u011fil kalpleri mi daha \u00f6nemli? Senin i\u00e7in de birileri ile arkada\u015f olmak onlara k\u00f6t\u00fc davranmaktan daha m\u0131 kolay? E\u011fer \u00f6yleyse<span class=\"excerpt-hellip\"> [\u2026]<\/span><\/p>\n","protected":false},"featured_media":0,"template":"","meta":{"_monsterinsights_skip_tracking":false,"_monsterinsights_sitenote_active":false,"_monsterinsights_sitenote_note":"","_monsterinsights_sitenote_category":0},"product_brand":[],"product_cat":[12274,12284],"product_tag":[],"class_list":{"0":"post-720402","1":"product","2":"type-product","3":"status-publish","5":"product_cat-cocuk-ve-genclik-kitaplari","6":"product_cat-hikayeler","7":"pa_cilt-ciltsiz","8":"pa_tur-kitap","9":"pa_yayinevi-yade-yayinlari","10":"pa_yazar-guliz-sutcu","12":"first","13":"instock","14":"sale","15":"shipping-taxable","16":"purchasable","17":"product-type-simple"},"_links":{"self":[{"href":"https:\/\/roveyayinevi.com.tr\/index.php\/wp-json\/wp\/v2\/product\/720402","targetHints":{"allow":["GET"]}}],"collection":[{"href":"https:\/\/roveyayinevi.com.tr\/index.php\/wp-json\/wp\/v2\/product"}],"about":[{"href":"https:\/\/roveyayinevi.com.tr\/index.php\/wp-json\/wp\/v2\/types\/product"}],"wp:attachment":[{"href":"https:\/\/roveyayinevi.com.tr\/index.php\/wp-json\/wp\/v2\/media?parent=720402"}],"wp:term":[{"taxonomy":"product_brand","embeddable":true,"href":"https:\/\/roveyayinevi.com.tr\/index.php\/wp-json\/wp\/v2\/product_brand?post=720402"},{"taxonomy":"product_cat","embeddable":true,"href":"https:\/\/roveyayinevi.com.tr\/index.php\/wp-json\/wp\/v2\/product_cat?post=720402"},{"taxonomy":"product_tag","embeddable":true,"href":"https:\/\/roveyayinevi.com.tr\/index.php\/wp-json\/wp\/v2\/product_tag?post=720402"}],"curies":[{"name":"wp","href":"https:\/\/api.w.org\/{rel}","templated":true}]}}