{"id":720401,"date":"2025-08-27T18:35:33","date_gmt":"2025-08-27T15:35:33","guid":{"rendered":"https:\/\/roveyayinevi.com.tr\/index.php\/urun\/asiri-yemeyi-yenmek\/"},"modified":"2026-04-16T02:28:36","modified_gmt":"2026-04-15T23:28:36","slug":"asiri-yemeyi-yenmek","status":"publish","type":"product","link":"https:\/\/roveyayinevi.com.tr\/index.php\/urun\/asiri-yemeyi-yenmek\/","title":{"rendered":"A\u015f\u0131r\u0131 Yemeyi Yenmek"},"content":{"rendered":"<p>Yeme ataklar\u0131 her zaman a\u015f\u0131r\u0131 m\u0131d\u0131r?Her zaman arkas\u0131ndan kusma gelir mi?A\u015f\u0131r\u0131 yemek ya\u015fam boyu s\u00fcren bir sorun mudur, \u00fcstesinden gelinebilir mi?T\u0131k\u0131n\u0131rcas\u0131na yeme ba\u015fka bir \u015feylerin yanl\u0131\u015f gitti\u011finin i\u015fareti midir?Kimler a\u015f\u0131r\u0131 yemeye e\u011filimlidir ve ni\u00e7in?En \u00f6nemlisi de, insanlar t\u0131k\u0131n\u0131rcas\u0131na yemenin \u00fcstesinden gelmeyi nas\u0131l \u00f6\u011frenebilir?E\u011fer \u201cyemenizi kontrol etmekte\u201d sorun ya\u015f\u0131yorsan\u0131z ya\u015f\u0131n\u0131z, kilonuz ve cinsiyetiniz ne olursa olsun bu kitap sizin i\u00e7in!\u201cA\u015f\u0131r\u0131 Yemeyi Yenmek\u201d t\u0131k\u0131n\u0131rcas\u0131na yeme sorunlar\u0131n\u0131n ve bunlar\u0131n nas\u0131l \u00fcstesinden gelinece\u011fini kolay okunabilir ve kan\u0131tlara dayal\u0131 olarak anlat\u0131yor.<\/p>\n","protected":false},"excerpt":{"rendered":"<p>Yeme ataklar\u0131 her zaman a\u015f\u0131r\u0131 m\u0131d\u0131r?Her zaman arkas\u0131ndan kusma gelir mi?A\u015f\u0131r\u0131 yemek ya\u015fam boyu s\u00fcren bir sorun mudur, \u00fcstesinden gelinebilir mi?T\u0131k\u0131n\u0131rcas\u0131na yeme ba\u015fka bir \u015feylerin yanl\u0131\u015f<span class=\"excerpt-hellip\"> [\u2026]<\/span><\/p>\n","protected":false},"featured_media":0,"template":"","meta":{"_monsterinsights_skip_tracking":false,"_monsterinsights_sitenote_active":false,"_monsterinsights_sitenote_note":"","_monsterinsights_sitenote_category":0},"product_brand":[],"product_cat":[13402,13365],"product_tag":[],"class_list":{"0":"post-720401","1":"product","2":"type-product","3":"status-publish","5":"product_cat-beslenme-ve-diyet","6":"product_cat-saglik","7":"pa_cilt-ciltsiz","8":"pa_tur-kitap","9":"pa_yayinevi-psikonet-yayinlari","10":"pa_yazar-christopher-g-fairburn","12":"first","13":"instock","14":"sale","15":"shipping-taxable","16":"purchasable","17":"product-type-simple"},"_links":{"self":[{"href":"https:\/\/roveyayinevi.com.tr\/index.php\/wp-json\/wp\/v2\/product\/720401","targetHints":{"allow":["GET"]}}],"collection":[{"href":"https:\/\/roveyayinevi.com.tr\/index.php\/wp-json\/wp\/v2\/product"}],"about":[{"href":"https:\/\/roveyayinevi.com.tr\/index.php\/wp-json\/wp\/v2\/types\/product"}],"wp:attachment":[{"href":"https:\/\/roveyayinevi.com.tr\/index.php\/wp-json\/wp\/v2\/media?parent=720401"}],"wp:term":[{"taxonomy":"product_brand","embeddable":true,"href":"https:\/\/roveyayinevi.com.tr\/index.php\/wp-json\/wp\/v2\/product_brand?post=720401"},{"taxonomy":"product_cat","embeddable":true,"href":"https:\/\/roveyayinevi.com.tr\/index.php\/wp-json\/wp\/v2\/product_cat?post=720401"},{"taxonomy":"product_tag","embeddable":true,"href":"https:\/\/roveyayinevi.com.tr\/index.php\/wp-json\/wp\/v2\/product_tag?post=720401"}],"curies":[{"name":"wp","href":"https:\/\/api.w.org\/{rel}","templated":true}]}}