{"id":720398,"date":"2025-08-27T18:35:31","date_gmt":"2025-08-27T15:35:31","guid":{"rendered":"https:\/\/roveyayinevi.com.tr\/index.php\/urun\/konig\/"},"modified":"2026-04-16T02:28:36","modified_gmt":"2026-04-15T23:28:36","slug":"konig","status":"publish","type":"product","link":"https:\/\/roveyayinevi.com.tr\/index.php\/urun\/konig\/","title":{"rendered":"K\u00f6nig"},"content":{"rendered":"<p>1936 y\u0131l\u0131nda Avrupa\u2019da f*\u015fizm r\u00fczg\u00e2rlar\u0131 eser, \u0130spanya kanl\u0131 bir i\u00e7sava\u015fa sahne olurken direni\u015f\u00e7iler sava\u015fta kullanmak i\u00e7in bombard\u0131man u\u00e7aklar\u0131na ihtiya\u00e7 duyuyordu. U\u00e7aklar\u0131 temin etmek \u00fczere devreye giren uluslararas\u0131 \u00e7etenin kilit oyuncusu ise kurnaz bir T\u00fcrk\u2019t\u00fc: K\u00f6nig (Kral) lakab\u0131yla an\u0131lan Ekrem Hamdi Bakan. Ucu devletin en \u00fcst mercilerine dayand\u0131\u011f\u0131ndan uzun s\u00fcre \u00f6rtbas edilmeye \u00e7al\u0131\u015f\u0131lan bu b\u00fcy\u00fck kumpas\u0131n ba\u015fkahraman\u0131 Ekrem Hamdi, en tehlikeli d\u00f6neme\u00e7lerden k\u0131l pay\u0131 kurtulmay\u0131 ba\u015faran \u00e7apk\u0131n bir d\u00fczenbaz, \u00f6nemli devlet adamlar\u0131yla girift ili\u015fkileri sayesinde yolunu bulan, e\u015fine ancak romanlarda rastlanan nevi \u015fahs\u0131na m\u00fcnhas\u0131r ir \u015fahsiyet. K\u00f6nig: D\u00fcnyay\u0131 D*land\u0131ran T\u00fcrk\u2019\u00fcn Roman\u0131\u2019nda \u00e7o\u011fu ilk kez g\u00fcn y\u00fcz\u00fcne \u00e7\u0131kar\u0131lan belgelerden yola \u00e7\u0131kan ve Paris\u2019ten \u0130stanbul\u2019a, otel odalar\u0131ndaki gizli toplant\u0131lardan Meclis koridorlar\u0131na uzanan nefes kesici bir maceraya tan\u0131k olacaks\u0131n\u0131z. <\/p>\n","protected":false},"excerpt":{"rendered":"<p>1936 y\u0131l\u0131nda Avrupa\u2019da f*\u015fizm r\u00fczg\u00e2rlar\u0131 eser, \u0130spanya kanl\u0131 bir i\u00e7sava\u015fa sahne olurken direni\u015f\u00e7iler sava\u015fta kullanmak i\u00e7in bombard\u0131man u\u00e7aklar\u0131na ihtiya\u00e7 duyuyordu. U\u00e7aklar\u0131 temin etmek \u00fczere devreye giren<span class=\"excerpt-hellip\"> [\u2026]<\/span><\/p>\n","protected":false},"featured_media":0,"template":"","meta":{"_monsterinsights_skip_tracking":false,"_monsterinsights_sitenote_active":false,"_monsterinsights_sitenote_note":"","_monsterinsights_sitenote_category":0},"product_brand":[],"product_cat":[12291,12745],"product_tag":[],"class_list":{"0":"post-720398","1":"product","2":"type-product","3":"status-publish","5":"product_cat-edebiyat","6":"product_cat-tarihi-roman","7":"pa_cilt-ciltsiz","8":"pa_tur-kitap","9":"pa_yayinevi-mundi","10":"pa_yazar-ayse-basci","12":"first","13":"instock","14":"sale","15":"shipping-taxable","16":"purchasable","17":"product-type-simple"},"_links":{"self":[{"href":"https:\/\/roveyayinevi.com.tr\/index.php\/wp-json\/wp\/v2\/product\/720398","targetHints":{"allow":["GET"]}}],"collection":[{"href":"https:\/\/roveyayinevi.com.tr\/index.php\/wp-json\/wp\/v2\/product"}],"about":[{"href":"https:\/\/roveyayinevi.com.tr\/index.php\/wp-json\/wp\/v2\/types\/product"}],"wp:attachment":[{"href":"https:\/\/roveyayinevi.com.tr\/index.php\/wp-json\/wp\/v2\/media?parent=720398"}],"wp:term":[{"taxonomy":"product_brand","embeddable":true,"href":"https:\/\/roveyayinevi.com.tr\/index.php\/wp-json\/wp\/v2\/product_brand?post=720398"},{"taxonomy":"product_cat","embeddable":true,"href":"https:\/\/roveyayinevi.com.tr\/index.php\/wp-json\/wp\/v2\/product_cat?post=720398"},{"taxonomy":"product_tag","embeddable":true,"href":"https:\/\/roveyayinevi.com.tr\/index.php\/wp-json\/wp\/v2\/product_tag?post=720398"}],"curies":[{"name":"wp","href":"https:\/\/api.w.org\/{rel}","templated":true}]}}