{"id":720393,"date":"2025-08-27T18:35:27","date_gmt":"2025-08-27T15:35:27","guid":{"rendered":"https:\/\/roveyayinevi.com.tr\/index.php\/urun\/beklerken-zamanin-bilgisi-ve-oznenin-donusumu\/"},"modified":"2026-04-16T02:28:36","modified_gmt":"2026-04-15T23:28:36","slug":"beklerken-zamanin-bilgisi-ve-oznenin-donusumu","status":"publish","type":"product","link":"https:\/\/roveyayinevi.com.tr\/index.php\/urun\/beklerken-zamanin-bilgisi-ve-oznenin-donusumu\/","title":{"rendered":"Beklerken &#8211; Zaman\u0131n Bilgisi ve \u00d6znenin D\u00f6n\u00fc\u015f\u00fcm\u00fc"},"content":{"rendered":"<p>\u201cBeklemek zamanla ilgili bir eylem. (\u2026) Art arda gelen zamanda arkadan gelecek olan\u0131 i\u00e7eriyor. Bir t\u00fcr zaman\u0131n i\u00e7inde bekleme, bir nevi \u2018sakin ol, arkadan gelecek\u2019 anlam\u0131 ta\u015f\u0131yan bir bekleme hali. (\u2026) Epistemolojik olarak yumu\u015fakl\u0131kla, sakinlikle bir alakas\u0131 var \u2018bekleme\u2019 s\u00f6zc\u00fc\u011f\u00fcn\u00fcn. Bir t\u00fcr s\u00fck\u00fbnet, eylemsizlik ayn\u0131 zamanda. Sert bir eylemsizli\u011fi \u00e7a\u011f\u0131ran bir eylem asl\u0131nda beklemek.\u201d -Nilg\u00fcn Toker\u0130ktidar ile \u00f6znenin ili\u015fkisinde beklemenin, daha do\u011frusu bekletilmenin, eylemsizli\u011fe zorlayan bir niteli\u011fi var. Bununla beraber bekle(til)me deneyimi, yeniden bi\u00e7imlendirdi\u011fi \u00f6zneyi yeni bir eylemlili\u011fe sevk edebiliyor. Nas\u0131l? Bekle(til)mek insana ne yapar, onu nas\u0131l etkiler? Bekle(til)menin ritmi ve rutini, nas\u0131l duygusal etkilere yol a\u00e7ar? Ola\u011fan\u00fcst\u00fc hal politikalar\u0131 \u201calt\u0131nda,\u201d hukuki pratiklerin adaletsizli\u011fi kar\u015f\u0131s\u0131nda, belirsizlik ve s\u00fcrekli tetiklik halindeki bekleyi\u015f\u2026 Mahkeme kap\u0131lar\u0131ndakilerin bekleyi\u015fi\u2026 A\u00e7l\u0131k grevi ve \u00f6l\u00fcm oru\u00e7lar\u0131ndaki bekleyi\u015f\u2026 M\u00fcltecilerin ve s\u0131n\u0131rda kalan veya s\u0131n\u0131r ge\u00e7enlerin \u201cyerle\u015fme\u201d bekleyi\u015fi\u2026 Ve bamba\u015fka bir deneyim: Bekta\u015filerin tekke ve zaviyelerinin kapat\u0131lmas\u0131 \u00fczerine \u201ckollektif eylemsizlik\u201d i\u00e7inde d\u00f6ng\u00fcsel zaman\u0131n getirece\u011fi adaleti bekleyi\u015fleri&#8230; Zerrin \u00d6zlem Biner ve \u00d6zge Biner\u2019in haz\u0131rlad\u0131klar\u0131 derlemede ayr\u0131ca \u00d6zlem Durmaz, Asl\u0131 \u0130kizo\u011flu Erens\u00fc, \u00d6zg\u00fcr Sevgi G\u00f6ral, Rabia Harman\u015fah, Sevcan Karc\u0131, Kemal Vural Tarlan ve Nilg\u00fcn Toker\u2019in katk\u0131lar\u0131 yer al\u0131yor.<\/p>\n","protected":false},"excerpt":{"rendered":"<p>\u201cBeklemek zamanla ilgili bir eylem. (\u2026) Art arda gelen zamanda arkadan gelecek olan\u0131 i\u00e7eriyor. Bir t\u00fcr zaman\u0131n i\u00e7inde bekleme, bir nevi \u2018sakin ol, arkadan gelecek\u2019 anlam\u0131<span class=\"excerpt-hellip\"> [\u2026]<\/span><\/p>\n","protected":false},"featured_media":0,"template":"","meta":{"_monsterinsights_skip_tracking":false,"_monsterinsights_sitenote_active":false,"_monsterinsights_sitenote_note":"","_monsterinsights_sitenote_category":0},"product_brand":[],"product_cat":[13072,12291],"product_tag":[],"class_list":{"0":"post-720393","1":"product","2":"type-product","3":"status-publish","5":"product_cat-arastirma-inceleme-referans","6":"product_cat-edebiyat","7":"pa_cilt-ciltsiz","8":"pa_tur-kitap","9":"pa_yayinevi-iletisim-yayinlari","10":"pa_yazar-zerrin-ozlem-biner-ozge-biner","12":"first","13":"instock","14":"sale","15":"shipping-taxable","16":"purchasable","17":"product-type-simple"},"_links":{"self":[{"href":"https:\/\/roveyayinevi.com.tr\/index.php\/wp-json\/wp\/v2\/product\/720393","targetHints":{"allow":["GET"]}}],"collection":[{"href":"https:\/\/roveyayinevi.com.tr\/index.php\/wp-json\/wp\/v2\/product"}],"about":[{"href":"https:\/\/roveyayinevi.com.tr\/index.php\/wp-json\/wp\/v2\/types\/product"}],"wp:attachment":[{"href":"https:\/\/roveyayinevi.com.tr\/index.php\/wp-json\/wp\/v2\/media?parent=720393"}],"wp:term":[{"taxonomy":"product_brand","embeddable":true,"href":"https:\/\/roveyayinevi.com.tr\/index.php\/wp-json\/wp\/v2\/product_brand?post=720393"},{"taxonomy":"product_cat","embeddable":true,"href":"https:\/\/roveyayinevi.com.tr\/index.php\/wp-json\/wp\/v2\/product_cat?post=720393"},{"taxonomy":"product_tag","embeddable":true,"href":"https:\/\/roveyayinevi.com.tr\/index.php\/wp-json\/wp\/v2\/product_tag?post=720393"}],"curies":[{"name":"wp","href":"https:\/\/api.w.org\/{rel}","templated":true}]}}