{"id":720392,"date":"2025-08-27T18:35:27","date_gmt":"2025-08-27T15:35:27","guid":{"rendered":"https:\/\/roveyayinevi.com.tr\/index.php\/urun\/cihan-harbini-yasamak-ve-hatirlamak\/"},"modified":"2026-04-16T02:28:36","modified_gmt":"2026-04-15T23:28:36","slug":"cihan-harbini-yasamak-ve-hatirlamak","status":"publish","type":"product","link":"https:\/\/roveyayinevi.com.tr\/index.php\/urun\/cihan-harbini-yasamak-ve-hatirlamak\/","title":{"rendered":"Cihan Harbi&#8217;ni Ya\u015famak ve Hat\u0131rlamak"},"content":{"rendered":"<p>Mehmet Be\u015fik\u00e7i, Cihan Harbi\u2019ni Ya\u015famak ve Hat\u0131rlamak\u2019ta Birinci D\u00fcnya Sava\u015f\u0131 tecr\u00fcbesini askerlere ait otobiyografik kaynaklar \u00fczerinden inceliyor. Cihan Harbi tecr\u00fcbesi ve askerlerin bu tecr\u00fcbeyi hat\u0131rlama bi\u00e7imiyle, T\u00fcrkiye\u2019deki sorunlu resm\u00ee ve kolektif Birinci D\u00fcnya Sava\u015f\u0131 haf\u0131zas\u0131 aras\u0131nda organik bir ili\u015fki oldu\u011fu tespitini yapan kitap, bu ili\u015fkinin analizi i\u00e7in asker\u00ee tarihle haf\u0131za \u00e7al\u0131\u015fmalar\u0131 alanlar\u0131n\u0131 harmanlayan bir perspektif sunuyor. Kafkas, \u00c7anakkale, Irak ve Sina-Filistin cephelerine dair haf\u0131zalara kaz\u0131nanlar; farkl\u0131 dinleri ve kimlikleriyle Osmanl\u0131 askerlerinin harp tecr\u00fcbelerinin an\u0131lara yans\u0131yan \u00e7e\u015fitlili\u011fi; Osmanl\u0131 ve \u0130ngiliz askerlerinin harbi hat\u0131rlama bi\u00e7imlerinin mukayesesi; cephelerin g\u00fcndelik hayat\u0131, siper sava\u015f\u0131n\u0131n kendine \u00f6zg\u00fc zorluklar\u0131, kimi zaman ric\u2019at halinde bir ordunun haf\u0131za kay\u0131tlar\u0131ndaki hali p\u00fcr melali&#8230; Be\u015fik\u00e7i, sadece hat\u0131ralar\u0131n nas\u0131l incelenmesi gerekti\u011finin de\u011fil, T\u00fcrk toplumunun yak\u0131n tarihe dair kolektif haf\u0131zas\u0131n\u0131 anlamada asker\u00ee tarihin nas\u0131l muazzam bir kaynak olarak ele al\u0131nabilece\u011finin yetkin bir \u00f6rne\u011fini sunuyor.\u201cBu kitap, Birinci D\u00fcnya Sava\u015f\u0131\u2019na kat\u0131lan Osmanl\u0131 askerlerinin yar\u0131m kalan hik\u00e2yelerinin izini s\u00fcrmek istiyor ve bunu onlar\u0131n kendi hat\u0131rlad\u0131klar\u0131 ve kaydettikleri an\u0131lar\u0131 \u00fczerinden yapmay\u0131 hedefliyor. Sava\u015f\u0131 bizzat y\u00fcr\u00fctenlerin cephe tecr\u00fcbelerini ve onlar\u0131n bu tecr\u00fcbeleri nas\u0131l hat\u0131rlad\u0131klar\u0131n\u0131 anlamaya \u00e7al\u0131\u015farak, deyim yerindeyse Cihan Harbi\u2019nin insan boyutuna ve haf\u0131zas\u0131na \u0131\u015f\u0131k tutmay\u0131 hedefliyor.\u201dMehmet Be\u015fik\u00e7i<\/p>\n","protected":false},"excerpt":{"rendered":"<p>Mehmet Be\u015fik\u00e7i, Cihan Harbi\u2019ni Ya\u015famak ve Hat\u0131rlamak\u2019ta Birinci D\u00fcnya Sava\u015f\u0131 tecr\u00fcbesini askerlere ait otobiyografik kaynaklar \u00fczerinden inceliyor. Cihan Harbi tecr\u00fcbesi ve askerlerin bu tecr\u00fcbeyi hat\u0131rlama bi\u00e7imiyle,<span class=\"excerpt-hellip\"> [\u2026]<\/span><\/p>\n","protected":false},"featured_media":0,"template":"","meta":{"_monsterinsights_skip_tracking":false,"_monsterinsights_sitenote_active":false,"_monsterinsights_sitenote_note":"","_monsterinsights_sitenote_category":0},"product_brand":[],"product_cat":[12370,12304],"product_tag":[],"class_list":{"0":"post-720392","1":"product","2":"type-product","3":"status-publish","5":"product_cat-arastirma-inceleme","6":"product_cat-tarih","7":"pa_cilt-ciltsiz","8":"pa_tur-kitap","9":"pa_yayinevi-iletisim-yayinlari","10":"pa_yazar-mehmet-besikci","12":"first","13":"instock","14":"sale","15":"shipping-taxable","16":"purchasable","17":"product-type-simple"},"_links":{"self":[{"href":"https:\/\/roveyayinevi.com.tr\/index.php\/wp-json\/wp\/v2\/product\/720392","targetHints":{"allow":["GET"]}}],"collection":[{"href":"https:\/\/roveyayinevi.com.tr\/index.php\/wp-json\/wp\/v2\/product"}],"about":[{"href":"https:\/\/roveyayinevi.com.tr\/index.php\/wp-json\/wp\/v2\/types\/product"}],"wp:attachment":[{"href":"https:\/\/roveyayinevi.com.tr\/index.php\/wp-json\/wp\/v2\/media?parent=720392"}],"wp:term":[{"taxonomy":"product_brand","embeddable":true,"href":"https:\/\/roveyayinevi.com.tr\/index.php\/wp-json\/wp\/v2\/product_brand?post=720392"},{"taxonomy":"product_cat","embeddable":true,"href":"https:\/\/roveyayinevi.com.tr\/index.php\/wp-json\/wp\/v2\/product_cat?post=720392"},{"taxonomy":"product_tag","embeddable":true,"href":"https:\/\/roveyayinevi.com.tr\/index.php\/wp-json\/wp\/v2\/product_tag?post=720392"}],"curies":[{"name":"wp","href":"https:\/\/api.w.org\/{rel}","templated":true}]}}