{"id":720389,"date":"2025-08-27T18:35:24","date_gmt":"2025-08-27T15:35:24","guid":{"rendered":"https:\/\/roveyayinevi.com.tr\/index.php\/urun\/siyaset-yonetimi-felsefesi\/"},"modified":"2026-04-16T02:28:36","modified_gmt":"2026-04-15T23:28:36","slug":"siyaset-yonetimi-felsefesi","status":"publish","type":"product","link":"https:\/\/roveyayinevi.com.tr\/index.php\/urun\/siyaset-yonetimi-felsefesi\/","title":{"rendered":"Siyaset Y\u00f6netimi Felsefesi"},"content":{"rendered":"<p>Bu \u00e7al\u0131\u015fmada birey, toplum ve iktidar ili\u015fkisi siyaset felsefesi normlar\u0131 i\u00e7erisinde aksiyolojik de\u011fer felsefesi paradigmas\u0131 ile a\u00e7\u0131klanmaya \u00e7al\u0131\u015f\u0131lm\u0131\u015ft\u0131r. Nitekim \u00f6z\u00fcnde felsefe, ontolojik olarak e\u015fyan\u0131n tabiat\u0131n\u0131n yani varolu\u015funun hikmetini anlamland\u0131rma ve izah etme \u00e7abas\u0131d\u0131r. Bu nedenle bu kitapta siyaset, bireysel ve toplumsal sorumluluk ba\u011flam\u0131nda ele al\u0131nm\u0131\u015ft\u0131r.Bu kitapta k\u0131r\u0131c\u0131 olmayan, her g\u00f6r\u00fc\u015fe sayg\u0131l\u0131, analitik ve alegorik, okuyucu ile e\u015fit mesafede, m\u00fctevaz\u0131, sohbet tad\u0131nda, muhatab\u0131 ikna etmekten ziyade olgular \u00fczerinde birlikte kafa yormaya ve olaylar\u0131 anlamland\u0131rmaya davet eden, diyalektik bir \u00fcslup benimsenmi\u015ftir<\/p>\n","protected":false},"excerpt":{"rendered":"<p>Bu \u00e7al\u0131\u015fmada birey, toplum ve iktidar ili\u015fkisi siyaset felsefesi normlar\u0131 i\u00e7erisinde aksiyolojik de\u011fer felsefesi paradigmas\u0131 ile a\u00e7\u0131klanmaya \u00e7al\u0131\u015f\u0131lm\u0131\u015ft\u0131r. Nitekim \u00f6z\u00fcnde felsefe, ontolojik olarak e\u015fyan\u0131n tabiat\u0131n\u0131n yani<span class=\"excerpt-hellip\"> [\u2026]<\/span><\/p>\n","protected":false},"featured_media":0,"template":"","meta":{"_monsterinsights_skip_tracking":false,"_monsterinsights_sitenote_active":false,"_monsterinsights_sitenote_note":"","_monsterinsights_sitenote_category":0},"product_brand":[],"product_cat":[12337,14706],"product_tag":[],"class_list":{"0":"post-720389","1":"product","2":"type-product","3":"status-publish","5":"product_cat-politika-siyaset","6":"product_cat-siyaset-bilimi","7":"pa_cilt-ciltsiz","8":"pa_tur-kitap","9":"pa_yayinevi-astana-yayinlari","10":"pa_yazar-murat-sengoz","12":"first","13":"instock","14":"sale","15":"shipping-taxable","16":"purchasable","17":"product-type-simple"},"_links":{"self":[{"href":"https:\/\/roveyayinevi.com.tr\/index.php\/wp-json\/wp\/v2\/product\/720389","targetHints":{"allow":["GET"]}}],"collection":[{"href":"https:\/\/roveyayinevi.com.tr\/index.php\/wp-json\/wp\/v2\/product"}],"about":[{"href":"https:\/\/roveyayinevi.com.tr\/index.php\/wp-json\/wp\/v2\/types\/product"}],"wp:attachment":[{"href":"https:\/\/roveyayinevi.com.tr\/index.php\/wp-json\/wp\/v2\/media?parent=720389"}],"wp:term":[{"taxonomy":"product_brand","embeddable":true,"href":"https:\/\/roveyayinevi.com.tr\/index.php\/wp-json\/wp\/v2\/product_brand?post=720389"},{"taxonomy":"product_cat","embeddable":true,"href":"https:\/\/roveyayinevi.com.tr\/index.php\/wp-json\/wp\/v2\/product_cat?post=720389"},{"taxonomy":"product_tag","embeddable":true,"href":"https:\/\/roveyayinevi.com.tr\/index.php\/wp-json\/wp\/v2\/product_tag?post=720389"}],"curies":[{"name":"wp","href":"https:\/\/api.w.org\/{rel}","templated":true}]}}