{"id":720386,"date":"2025-08-27T18:35:22","date_gmt":"2025-08-27T15:35:22","guid":{"rendered":"https:\/\/roveyayinevi.com.tr\/index.php\/urun\/leibowitz-icin-bir-ilahi\/"},"modified":"2026-04-16T02:28:36","modified_gmt":"2026-04-15T23:28:36","slug":"leibowitz-icin-bir-ilahi","status":"publish","type":"product","link":"https:\/\/roveyayinevi.com.tr\/index.php\/urun\/leibowitz-icin-bir-ilahi\/","title":{"rendered":"Leibowitz \u0130\u00e7in Bir \u0130lahi"},"content":{"rendered":"<p>\u201cEtkisi asla ge\u00e7meyecek bir eser. Okuduktan sonra bir daha ayn\u0131 olmayacaks\u0131n\u0131z.\u201d \u2013Mary Doria Russell   \u201cKitab\u0131 ne zaman okusam hayret ediyorum. Olup olabilecek en b\u00fcy\u00fck sayg\u0131y\u0131 hak ediyor.\u201d \u2013Walker Percy   Hugo En \u0130yi Roman \u00d6d\u00fcl\u00fc &#8220;Do\u011fa Sizi \u00d6nceden Haz\u0131rlamad\u0131\u011f\u0131 Hi\u00e7 Bir \u015eeye Maruz B\u0131rakmaz &#8220;Walter M. Miller, Jr., sadece bilimkurgunun de\u011fil, t\u00fcm edebiyat tarihinin en s\u0131rad\u0131\u015f\u0131 yazarlar\u0131ndan biri. Kariyerine bir \u00f6yk\u00fcc\u00fc olarak ba\u015flayan yazar, bir ba\u015fyap\u0131t olan ilk roman\u0131n\u0131 yay\u0131mlad\u0131ktan sonra yazarl\u0131\u011f\u0131 b\u0131rakt\u0131. Bu ilk roman, yani Leibowitz \u0130\u00e7in Bir \u0130lahi  ise, pek \u00e7oklar\u0131nca bilimkurgunun en iyi roman\u0131 kabul edilmekle birlikte, kitab\u0131n t\u00fcr i\u00e7erisinde yaz\u0131lm\u0131\u015f en iyi ilk roman oldu\u011fu neredeyse kesin.   N\u00fckleer sava\u015f sonras\u0131nda d\u00fcnyadaki ya\u015fam neredeyse yok olmu\u015ftur. Ama n\u00fckleer sava\u015fa giden yolda medeniyet halihaz\u0131rda \u00e7\u00f6kmeye ba\u015flam\u0131\u015f, cehalet evrensel hale gelmi\u015f ve kitaplar yak\u0131lm\u0131\u015f, hatta okuma yazma bilenler \u00f6ld\u00fcr\u00fclm\u00fc\u015ft\u00fcr.   Sava\u015ftan sa\u011f kurtulan ve bu d\u00fczene kar\u015f\u0131 duran elektrik m\u00fchendisi Isaac Edward Leibowitz ise kitaplar\u0131 saklayarak, onlar\u0131 \u00e7o\u011faltarak ve ezberleyerek medeniyeti kurtarmay\u0131 ama\u00e7lamaktad\u0131r. Bu idealizmi sayesinde m\u00fcritler edinen Leibowitz\u2019in pe\u015finden giden karde\u015fli\u011fi de onun kurtarabildi\u011fi bu bilgileri her ne olursa olsun korumaya yemin etmi\u015ftir. Bu olay \u00fczerinden ge\u00e7en yakla\u015f\u0131k 1800 y\u0131ll\u0131k bir s\u00fcre\u00e7te hem d\u00fcnya hem de Leibowitz\u2019in miras\u0131 b\u00fcy\u00fck de\u011fi\u015fimler ge\u00e7irecek ama her \u015fey bir o kadar da ayn\u0131 kalacakt\u0131r. <\/p>\n","protected":false},"excerpt":{"rendered":"<p>\u201cEtkisi asla ge\u00e7meyecek bir eser. Okuduktan sonra bir daha ayn\u0131 olmayacaks\u0131n\u0131z.\u201d \u2013Mary Doria Russell \u201cKitab\u0131 ne zaman okusam hayret ediyorum. Olup olabilecek en b\u00fcy\u00fck sayg\u0131y\u0131 hak<span class=\"excerpt-hellip\"> [\u2026]<\/span><\/p>\n","protected":false},"featured_media":0,"template":"","meta":{"_monsterinsights_skip_tracking":false,"_monsterinsights_sitenote_active":false,"_monsterinsights_sitenote_note":"","_monsterinsights_sitenote_category":0},"product_brand":[],"product_cat":[13005,37328],"product_tag":[],"class_list":{"0":"post-720386","1":"product","2":"type-product","3":"status-publish","5":"product_cat-bilim-muhendislik","6":"product_cat-diger-bilim-muhendislik","7":"pa_cilt-ciltsiz","8":"pa_tur-kitap","9":"pa_yayinevi-ithaki-yayinlari","10":"pa_yazar-jr","11":"pa_yazar-walter-m-miller","13":"first","14":"instock","15":"sale","16":"shipping-taxable","17":"purchasable","18":"product-type-simple"},"_links":{"self":[{"href":"https:\/\/roveyayinevi.com.tr\/index.php\/wp-json\/wp\/v2\/product\/720386","targetHints":{"allow":["GET"]}}],"collection":[{"href":"https:\/\/roveyayinevi.com.tr\/index.php\/wp-json\/wp\/v2\/product"}],"about":[{"href":"https:\/\/roveyayinevi.com.tr\/index.php\/wp-json\/wp\/v2\/types\/product"}],"wp:attachment":[{"href":"https:\/\/roveyayinevi.com.tr\/index.php\/wp-json\/wp\/v2\/media?parent=720386"}],"wp:term":[{"taxonomy":"product_brand","embeddable":true,"href":"https:\/\/roveyayinevi.com.tr\/index.php\/wp-json\/wp\/v2\/product_brand?post=720386"},{"taxonomy":"product_cat","embeddable":true,"href":"https:\/\/roveyayinevi.com.tr\/index.php\/wp-json\/wp\/v2\/product_cat?post=720386"},{"taxonomy":"product_tag","embeddable":true,"href":"https:\/\/roveyayinevi.com.tr\/index.php\/wp-json\/wp\/v2\/product_tag?post=720386"}],"curies":[{"name":"wp","href":"https:\/\/api.w.org\/{rel}","templated":true}]}}