{"id":720385,"date":"2025-08-27T18:35:22","date_gmt":"2025-08-27T15:35:22","guid":{"rendered":"https:\/\/roveyayinevi.com.tr\/index.php\/urun\/avrasya-stratejileri\/"},"modified":"2026-04-16T02:28:36","modified_gmt":"2026-04-15T23:28:36","slug":"avrasya-stratejileri","status":"publish","type":"product","link":"https:\/\/roveyayinevi.com.tr\/index.php\/urun\/avrasya-stratejileri\/","title":{"rendered":"Avrasya Stratejileri"},"content":{"rendered":"<p>Avrasyac\u0131l\u0131k, Rusya\u2019n\u0131n jeopolitik \u00fcst\u00fcnl\u00fc\u011f\u00fcn\u00fc koruma stratejisi oldu\u011fu halde g\u00fcn\u00fcm\u00fcz \u015fartlar\u0131nda yeni anlamlar kazanm\u0131\u015ft\u0131r. So\u011fuk sava\u015f sonras\u0131 sistemin, ABD \u00f6nderli\u011finde &#8220;tek d\u00fcnyac\u0131l\u0131\u011fa\u201d evrilmesi, 1990lar boyunca Rusya Federasyonu\u2019nun dahi par\u00e7alanma sinyallerini vermesine yol a\u00e7m\u0131\u015ft\u0131r. Yeni Rusya\u2019n\u0131n s\u00fcper g\u00fc\u00e7 olmas\u0131n\u0131n tehlikeli bir hayalcilikten ibaret oldu\u011funu savunup tek \u00e7arenin ABD \u00f6nderli\u011finde bat\u0131n\u0131n talimatlar\u0131n\u0131 uygulamak oldu\u011funu savunan liberaller yan\u0131nda eski topraklar\u0131 geri almak i\u00e7in daha fazla g\u00fc\u00e7 ve \u015fiddet kullanman\u0131n gereklili\u011fini s\u00f6yleyen Rus milliyet\u00e7ileri veya kom\u00fcnistleri de bulunmaktayd\u0131. Avrasyac\u0131lar ise \u00e7\u00f6z\u00fcm yolu olarak eski topraklarda egemenlik kurmadan, \u00c7arl\u0131k ve Sovyet rejimlerindeki bask\u0131c\u0131 hataya d\u00fc\u015fmeden, Avrasya\u2019daki devletleri ekonomik sistem, siyasal rejim, din, dil ve k\u00fclt\u00fcrel alanlarda olabildi\u011fince \u00f6zg\u00fcr olmalar\u0131n\u0131 kabul etmeyi; ancak genel stratejik konularda ABD\u2019nin g\u00fcd\u00fcm\u00fcne girmeyi engellemeyi, Rusya\u2019n\u0131n \u00e7\u0131karlar\u0131na halel getirmemeyi, k\u0131saca NATO ve AB\u2019nin geni\u015flemesini \u00f6nlemeyi \u00f6nermektedirler. Bu ba\u011flamda ba\u015fta \u00c7in olmak \u00fczere di\u011fer b\u00f6lge \u00fclkeleriyle i\u015fbirli\u011fi zeminini g\u00fc\u00e7lendirmek, uluslararas\u0131 \u00f6rg\u00fctler \u00fczerinden etkinlik alan\u0131n\u0131 geni\u015fletmek, Rusya a\u00e7\u0131s\u0131ndan enerji arz imk\u00e2n\u0131n\u0131 olabildi\u011fince kullanmak da Avrasyac\u0131 stratejiler olarak kitapta incelenmektedir<\/p>\n","protected":false},"excerpt":{"rendered":"<p>Avrasyac\u0131l\u0131k, Rusya\u2019n\u0131n jeopolitik \u00fcst\u00fcnl\u00fc\u011f\u00fcn\u00fc koruma stratejisi oldu\u011fu halde g\u00fcn\u00fcm\u00fcz \u015fartlar\u0131nda yeni anlamlar kazanm\u0131\u015ft\u0131r. So\u011fuk sava\u015f sonras\u0131 sistemin, ABD \u00f6nderli\u011finde &#8220;tek d\u00fcnyac\u0131l\u0131\u011fa\u201d evrilmesi, 1990lar boyunca Rusya Federasyonu\u2019nun<span class=\"excerpt-hellip\"> [\u2026]<\/span><\/p>\n","protected":false},"featured_media":0,"template":"","meta":{"_monsterinsights_skip_tracking":false,"_monsterinsights_sitenote_active":false,"_monsterinsights_sitenote_note":"","_monsterinsights_sitenote_category":0},"product_brand":[],"product_cat":[12337,17225],"product_tag":[],"class_list":{"0":"post-720385","1":"product","2":"type-product","3":"status-publish","5":"product_cat-politika-siyaset","6":"product_cat-uluslararasi-iliskiler","7":"pa_cilt-ciltsiz","8":"pa_tur-kitap","9":"pa_yayinevi-astana-yayinlari","10":"pa_yazar-alaeddin-yalcinkaya-derya-tuglu","12":"first","13":"instock","14":"sale","15":"shipping-taxable","16":"purchasable","17":"product-type-simple"},"_links":{"self":[{"href":"https:\/\/roveyayinevi.com.tr\/index.php\/wp-json\/wp\/v2\/product\/720385","targetHints":{"allow":["GET"]}}],"collection":[{"href":"https:\/\/roveyayinevi.com.tr\/index.php\/wp-json\/wp\/v2\/product"}],"about":[{"href":"https:\/\/roveyayinevi.com.tr\/index.php\/wp-json\/wp\/v2\/types\/product"}],"wp:attachment":[{"href":"https:\/\/roveyayinevi.com.tr\/index.php\/wp-json\/wp\/v2\/media?parent=720385"}],"wp:term":[{"taxonomy":"product_brand","embeddable":true,"href":"https:\/\/roveyayinevi.com.tr\/index.php\/wp-json\/wp\/v2\/product_brand?post=720385"},{"taxonomy":"product_cat","embeddable":true,"href":"https:\/\/roveyayinevi.com.tr\/index.php\/wp-json\/wp\/v2\/product_cat?post=720385"},{"taxonomy":"product_tag","embeddable":true,"href":"https:\/\/roveyayinevi.com.tr\/index.php\/wp-json\/wp\/v2\/product_tag?post=720385"}],"curies":[{"name":"wp","href":"https:\/\/api.w.org\/{rel}","templated":true}]}}