{"id":720384,"date":"2025-08-27T18:35:21","date_gmt":"2025-08-27T15:35:21","guid":{"rendered":"https:\/\/roveyayinevi.com.tr\/index.php\/urun\/lokinin-mujdesi\/"},"modified":"2026-04-16T02:28:36","modified_gmt":"2026-04-15T23:28:36","slug":"lokinin-mujdesi","status":"publish","type":"product","link":"https:\/\/roveyayinevi.com.tr\/index.php\/urun\/lokinin-mujdesi\/","title":{"rendered":"Loki\u2019nin M\u00fcjdesi"},"content":{"rendered":"<p>Mythopoeic En \u0130yi Fantastik Roman \u00d6d\u00fcl\u00fc Aday\u0131   Odin\u2019in bir s\u00fcr\u00fc ismi var. Benim de. Ve birazdan okuyacaklar\u0131n\u0131z benim s\u0131rlar\u0131m\u0131 ortaya \u00e7\u0131karaca\u011f\u0131 ic\u0327in gelin bu seferlik so\u0308ze benden bas\u0327layal\u0131m. O\u0308tekiler olaylar\u0131n kendilerince bir versiyonunu anlatma f\u0131rsat\u0131 zaten buldular.   Bu nac\u0327iz anlat\u0131m hakk\u0131nda bilmeniz gereken ilk s\u0327ey, ortada gerc\u0327ek bir bas\u0327lang\u0131c\u0131n olmad\u0131g\u0306\u0131. Ayn\u0131 s\u0327ekilde gerc\u0327ek bir sonun da; ama elbette her ikisinden de bol bol mevcut. Sonlar, bas\u0327lang\u0131c\u0327lar, kehanetler, destanlar, o\u0308yku\u0308ler, efsaneler ve yalanlar&#8230;   Yalan demi\u015fken\u2026 Yalanlar\u0131n Babas\u0131 olarak akl\u0131n\u0131za benim gelmem do\u011fal. Loki\u2026 bu benim. Is\u0327\u0131k Yaratan, yanl\u0131s\u0327 anlas\u0327\u0131lan, kaypak, bu teferruatl\u0131 yalanlar silsilesinin yak\u0131s\u0327\u0131kl\u0131 ve mu\u0308tevaz\u0131 kahraman\u0131. Eserime s\u0327u\u0308pheyle yaklas\u0327abilirsiniz ama en az resmi versiyon kadar dog\u0306ru ve hatta bana kal\u0131rsa daha eg\u0306lenceli. Tarih, s\u0327imdiye dek yaz\u0131ld\u0131\u011f\u0131 haliyle bana gayet ku\u0308c\u0327u\u0308k du\u0308s\u0327u\u0308ru\u0308cu\u0308 bir rol bic\u0327ti. Sahneye c\u0327\u0131kma s\u0131ras\u0131 art\u0131k bende.   Loki\u2019nin M\u00fcjdesi\u2019nde Joanne M. Harris, tarihin en oyunbaz tanr\u0131s\u0131n\u0131n Kaos\u2019un i\u00e7inden \u00e7\u0131k\u0131p nas\u0131l Asgard tanr\u0131lar\u0131n\u0131n yan\u0131na yerle\u015fti\u011fini, Odin\u2019le nas\u0131l kan karde\u015fi oldu\u011funu, Thor\u2019un ve di\u011fer \u0130skandinav tanr\u0131lar\u0131n\u0131n ba\u015f\u0131na ne t\u00fcr dertler a\u00e7t\u0131\u011f\u0131n\u0131 ve bunlar\u0131 yaparken asl\u0131nda ne kadar \u201cmasum\u201d oldu\u011funu esprili bir dille, bizzat Loki\u2019nin a\u011fz\u0131ndan anlat\u0131yor. Loki\u2019nin her numaras\u0131yla, Ragnar\u00f6k bir ad\u0131m daha yakla\u015f\u0131yor.   \u201cLoki\u2019nin M\u00fcjdesi kusursuz ve b\u00fcy\u00fcleyici bir roman.\u201d \u2013Tor.com \u201cMarvel filmlerindeki Loki\u2019yi sevenler bu kitaptan b\u00fcy\u00fck keyif alacak.\u201d Guardian <\/p>\n","protected":false},"excerpt":{"rendered":"<p>Mythopoeic En \u0130yi Fantastik Roman \u00d6d\u00fcl\u00fc Aday\u0131 Odin\u2019in bir s\u00fcr\u00fc ismi var. Benim de. Ve birazdan okuyacaklar\u0131n\u0131z benim s\u0131rlar\u0131m\u0131 ortaya \u00e7\u0131karaca\u011f\u0131 ic\u0327in gelin bu seferlik so\u0308ze<span class=\"excerpt-hellip\"> [\u2026]<\/span><\/p>\n","protected":false},"featured_media":0,"template":"","meta":{"_monsterinsights_skip_tracking":false,"_monsterinsights_sitenote_active":false,"_monsterinsights_sitenote_note":"","_monsterinsights_sitenote_category":0},"product_brand":[],"product_cat":[12291,14777],"product_tag":[],"class_list":{"0":"post-720384","1":"product","2":"type-product","3":"status-publish","5":"product_cat-edebiyat","6":"product_cat-fantastik","7":"pa_cilt-ciltsiz","8":"pa_tur-kitap","9":"pa_yayinevi-ithaki-yayinlari","10":"pa_yazar-joanne-m-harris","12":"first","13":"instock","14":"sale","15":"shipping-taxable","16":"purchasable","17":"product-type-simple"},"_links":{"self":[{"href":"https:\/\/roveyayinevi.com.tr\/index.php\/wp-json\/wp\/v2\/product\/720384","targetHints":{"allow":["GET"]}}],"collection":[{"href":"https:\/\/roveyayinevi.com.tr\/index.php\/wp-json\/wp\/v2\/product"}],"about":[{"href":"https:\/\/roveyayinevi.com.tr\/index.php\/wp-json\/wp\/v2\/types\/product"}],"wp:attachment":[{"href":"https:\/\/roveyayinevi.com.tr\/index.php\/wp-json\/wp\/v2\/media?parent=720384"}],"wp:term":[{"taxonomy":"product_brand","embeddable":true,"href":"https:\/\/roveyayinevi.com.tr\/index.php\/wp-json\/wp\/v2\/product_brand?post=720384"},{"taxonomy":"product_cat","embeddable":true,"href":"https:\/\/roveyayinevi.com.tr\/index.php\/wp-json\/wp\/v2\/product_cat?post=720384"},{"taxonomy":"product_tag","embeddable":true,"href":"https:\/\/roveyayinevi.com.tr\/index.php\/wp-json\/wp\/v2\/product_tag?post=720384"}],"curies":[{"name":"wp","href":"https:\/\/api.w.org\/{rel}","templated":true}]}}