{"id":720383,"date":"2025-08-27T18:35:20","date_gmt":"2025-08-27T15:35:20","guid":{"rendered":"https:\/\/roveyayinevi.com.tr\/index.php\/urun\/evren-yaratilis-ve-koken-mitleri\/"},"modified":"2026-04-16T02:28:36","modified_gmt":"2026-04-15T23:28:36","slug":"evren-yaratilis-ve-koken-mitleri","status":"publish","type":"product","link":"https:\/\/roveyayinevi.com.tr\/index.php\/urun\/evren-yaratilis-ve-koken-mitleri\/","title":{"rendered":"Evren, Yarat\u0131l\u0131\u015f ve K\u00f6ken Mitleri"},"content":{"rendered":"<p>&#8220;Art\u0131k elinde mitolojinin anahtar\u0131 var. Ruhun t\u00fcm kap\u0131lar\u0131n\u0131 a\u00e7makta \u00f6zg\u00fcrs\u00fcn.&#8221; Carl GustavJung   &#8220;\u0130nsan, bir tanr\u0131n\u0131n ya da mitolojik kahraman\u0131n \u00f6rnek eylemlerini taklit etmek ya da sadece maceralar\u0131n\u0131 anlatmak suretiyle, kendisini geri kalm\u0131\u015f toplumdan inan\u00e7s\u0131z zamandan ay\u0131r\u0131r ve ulu d\u00fcnyaya, kutsal d\u00fcnyaya sihirli bir \u015fekilde yeniden girmi\u015f olur.&#8221;   Mircea Eliade \u201cMitoloji, rastlant\u0131sal olaylar\u0131n kaotik ak\u0131\u015f\u0131n\u0131n \u00f6tesine ge\u00e7memize ve ger\u00e7ekli\u011fin \u00f6z\u00fcne g\u00f6z atmam\u0131za yard\u0131mc\u0131 olan, tarihin \u00f6tesine, insan varl\u0131\u011f\u0131ndaki zaman\u0131 olmayan \u015feye i\u015faret eden bir sanat t\u00fcr\u00fcd\u00fcr.&#8221; Karen Armstrong   \u201cKelt\u201d i\u00e7ine herhangi bir \u015feyin konulaca\u011f\u0131 ve herhangi bir \u015feyin \u00e7\u0131kar\u0131labilece\u011fi bir t\u00fcr sihirli torbad\u0131r\u2026 \u00dcnl\u00fc Kelt alacakaranl\u0131\u011f\u0131nda her \u015fey m\u00fcmk\u00fcnd\u00fcr ve bu tanr\u0131lar\u0131nkinden \u00e7ok mant\u0131\u011f\u0131n alacakaranl\u0131\u011f\u0131d\u0131r.\u201d J. R. R. Tolkien <\/p>\n","protected":false},"excerpt":{"rendered":"<p>&#8220;Art\u0131k elinde mitolojinin anahtar\u0131 var. Ruhun t\u00fcm kap\u0131lar\u0131n\u0131 a\u00e7makta \u00f6zg\u00fcrs\u00fcn.&#8221; Carl GustavJung &#8220;\u0130nsan, bir tanr\u0131n\u0131n ya da mitolojik kahraman\u0131n \u00f6rnek eylemlerini taklit etmek ya da sadece<span class=\"excerpt-hellip\"> [\u2026]<\/span><\/p>\n","protected":false},"featured_media":0,"template":"","meta":{"_monsterinsights_skip_tracking":false,"_monsterinsights_sitenote_active":false,"_monsterinsights_sitenote_note":"","_monsterinsights_sitenote_category":0},"product_brand":[],"product_cat":[12718,12858],"product_tag":[],"class_list":{"0":"post-720383","1":"product","2":"type-product","3":"status-publish","5":"product_cat-din","6":"product_cat-mitolojiler","7":"pa_cilt-ciltsiz","8":"pa_tur-kitap","9":"pa_yayinevi-otuken-nesriyat","10":"pa_yazar-mahir-sanli","12":"first","13":"instock","14":"sale","15":"shipping-taxable","16":"purchasable","17":"product-type-simple"},"_links":{"self":[{"href":"https:\/\/roveyayinevi.com.tr\/index.php\/wp-json\/wp\/v2\/product\/720383","targetHints":{"allow":["GET"]}}],"collection":[{"href":"https:\/\/roveyayinevi.com.tr\/index.php\/wp-json\/wp\/v2\/product"}],"about":[{"href":"https:\/\/roveyayinevi.com.tr\/index.php\/wp-json\/wp\/v2\/types\/product"}],"wp:attachment":[{"href":"https:\/\/roveyayinevi.com.tr\/index.php\/wp-json\/wp\/v2\/media?parent=720383"}],"wp:term":[{"taxonomy":"product_brand","embeddable":true,"href":"https:\/\/roveyayinevi.com.tr\/index.php\/wp-json\/wp\/v2\/product_brand?post=720383"},{"taxonomy":"product_cat","embeddable":true,"href":"https:\/\/roveyayinevi.com.tr\/index.php\/wp-json\/wp\/v2\/product_cat?post=720383"},{"taxonomy":"product_tag","embeddable":true,"href":"https:\/\/roveyayinevi.com.tr\/index.php\/wp-json\/wp\/v2\/product_tag?post=720383"}],"curies":[{"name":"wp","href":"https:\/\/api.w.org\/{rel}","templated":true}]}}