{"id":720380,"date":"2025-08-27T18:35:18","date_gmt":"2025-08-27T15:35:18","guid":{"rendered":"https:\/\/roveyayinevi.com.tr\/index.php\/urun\/ilow-i-yeni-bir-alem\/"},"modified":"2026-04-16T02:28:35","modified_gmt":"2026-04-15T23:28:35","slug":"ilow-i-yeni-bir-alem","status":"publish","type":"product","link":"https:\/\/roveyayinevi.com.tr\/index.php\/urun\/ilow-i-yeni-bir-alem\/","title":{"rendered":"\u0130low I &#8211; Yeni Bir Alem"},"content":{"rendered":"<p>Bir u\u00e7ak normal yolculu\u011funa devam ederken birden bire a\u015f\u0131r\u0131 derecede h\u0131zlanarak atmosferden \u00e7\u0131kar ve par\u00e7alan\u0131r\u2026   Ali \u00f6ld\u00fc\u011f\u00fcn\u00fc d\u00fc\u015f\u00fcn\u00fcrken Robert,  Sarah ve di\u011ferleri ile birlikte kendini bir uzay gemisinde bulur\u2026 Bu uzay gemisi insanl\u0131\u011f\u0131n on \u00fc\u00e7 biny\u0131ll\u0131k yeni bir \u00e2leme yol almaktad\u0131r\u2026 <\/p>\n","protected":false},"excerpt":{"rendered":"<p>Bir u\u00e7ak normal yolculu\u011funa devam ederken birden bire a\u015f\u0131r\u0131 derecede h\u0131zlanarak atmosferden \u00e7\u0131kar ve par\u00e7alan\u0131r\u2026 Ali \u00f6ld\u00fc\u011f\u00fcn\u00fc d\u00fc\u015f\u00fcn\u00fcrken Robert, Sarah ve di\u011ferleri ile birlikte kendini bir<span class=\"excerpt-hellip\"> [\u2026]<\/span><\/p>\n","protected":false},"featured_media":0,"template":"","meta":{"_monsterinsights_skip_tracking":false,"_monsterinsights_sitenote_active":false,"_monsterinsights_sitenote_note":"","_monsterinsights_sitenote_category":0},"product_brand":[],"product_cat":[12291,14777],"product_tag":[],"class_list":{"0":"post-720380","1":"product","2":"type-product","3":"status-publish","5":"product_cat-edebiyat","6":"product_cat-fantastik","7":"pa_cilt-ciltsiz","8":"pa_tur-kitap","9":"pa_yayinevi-imla-yayinevi","10":"pa_yazar-bahattin-seven","12":"first","13":"instock","14":"sale","15":"shipping-taxable","16":"purchasable","17":"product-type-simple"},"_links":{"self":[{"href":"https:\/\/roveyayinevi.com.tr\/index.php\/wp-json\/wp\/v2\/product\/720380","targetHints":{"allow":["GET"]}}],"collection":[{"href":"https:\/\/roveyayinevi.com.tr\/index.php\/wp-json\/wp\/v2\/product"}],"about":[{"href":"https:\/\/roveyayinevi.com.tr\/index.php\/wp-json\/wp\/v2\/types\/product"}],"wp:attachment":[{"href":"https:\/\/roveyayinevi.com.tr\/index.php\/wp-json\/wp\/v2\/media?parent=720380"}],"wp:term":[{"taxonomy":"product_brand","embeddable":true,"href":"https:\/\/roveyayinevi.com.tr\/index.php\/wp-json\/wp\/v2\/product_brand?post=720380"},{"taxonomy":"product_cat","embeddable":true,"href":"https:\/\/roveyayinevi.com.tr\/index.php\/wp-json\/wp\/v2\/product_cat?post=720380"},{"taxonomy":"product_tag","embeddable":true,"href":"https:\/\/roveyayinevi.com.tr\/index.php\/wp-json\/wp\/v2\/product_tag?post=720380"}],"curies":[{"name":"wp","href":"https:\/\/api.w.org\/{rel}","templated":true}]}}