{"id":720379,"date":"2025-08-27T18:35:17","date_gmt":"2025-08-27T15:35:17","guid":{"rendered":"https:\/\/roveyayinevi.com.tr\/index.php\/urun\/gecenin-kiz-kardesi\/"},"modified":"2026-04-16T02:28:35","modified_gmt":"2026-04-15T23:28:35","slug":"gecenin-kiz-kardesi","status":"publish","type":"product","link":"https:\/\/roveyayinevi.com.tr\/index.php\/urun\/gecenin-kiz-kardesi\/","title":{"rendered":"Gecenin K\u0131z Karde\u015fi"},"content":{"rendered":"<p>\u201cGelgitlerin aras\u0131nda ters tuttu\u011fum bulmaca ba\u015ftan a\u015fa\u011f\u0131 yanl\u0131\u015f Yine, havada sal\u0131nan yerini bulamam\u0131\u015f s\u00f6zc\u00fckler&#8230;\u201d <\/p>\n","protected":false},"excerpt":{"rendered":"<p>\u201cGelgitlerin aras\u0131nda ters tuttu\u011fum bulmaca ba\u015ftan a\u015fa\u011f\u0131 yanl\u0131\u015f Yine, havada sal\u0131nan yerini bulamam\u0131\u015f s\u00f6zc\u00fckler&#8230;\u201d<\/p>\n","protected":false},"featured_media":0,"template":"","meta":{"_monsterinsights_skip_tracking":false,"_monsterinsights_sitenote_active":false,"_monsterinsights_sitenote_note":"","_monsterinsights_sitenote_category":0},"product_brand":[],"product_cat":[12291,12509],"product_tag":[],"class_list":{"0":"post-720379","1":"product","2":"type-product","3":"status-publish","5":"product_cat-edebiyat","6":"product_cat-siir","7":"pa_cilt-ciltsiz","8":"pa_tur-kitap","9":"pa_yayinevi-perseus","10":"pa_yazar-damla-oces","12":"first","13":"instock","14":"sale","15":"shipping-taxable","16":"purchasable","17":"product-type-simple"},"_links":{"self":[{"href":"https:\/\/roveyayinevi.com.tr\/index.php\/wp-json\/wp\/v2\/product\/720379","targetHints":{"allow":["GET"]}}],"collection":[{"href":"https:\/\/roveyayinevi.com.tr\/index.php\/wp-json\/wp\/v2\/product"}],"about":[{"href":"https:\/\/roveyayinevi.com.tr\/index.php\/wp-json\/wp\/v2\/types\/product"}],"wp:attachment":[{"href":"https:\/\/roveyayinevi.com.tr\/index.php\/wp-json\/wp\/v2\/media?parent=720379"}],"wp:term":[{"taxonomy":"product_brand","embeddable":true,"href":"https:\/\/roveyayinevi.com.tr\/index.php\/wp-json\/wp\/v2\/product_brand?post=720379"},{"taxonomy":"product_cat","embeddable":true,"href":"https:\/\/roveyayinevi.com.tr\/index.php\/wp-json\/wp\/v2\/product_cat?post=720379"},{"taxonomy":"product_tag","embeddable":true,"href":"https:\/\/roveyayinevi.com.tr\/index.php\/wp-json\/wp\/v2\/product_tag?post=720379"}],"curies":[{"name":"wp","href":"https:\/\/api.w.org\/{rel}","templated":true}]}}