{"id":720378,"date":"2025-08-27T18:35:16","date_gmt":"2025-08-27T15:35:16","guid":{"rendered":"https:\/\/roveyayinevi.com.tr\/index.php\/urun\/ezgi-coplugu\/"},"modified":"2026-04-16T02:28:35","modified_gmt":"2026-04-15T23:28:35","slug":"ezgi-coplugu","status":"publish","type":"product","link":"https:\/\/roveyayinevi.com.tr\/index.php\/urun\/ezgi-coplugu\/","title":{"rendered":"Ezgi \u00c7\u00f6pl\u00fc\u011f\u00fc"},"content":{"rendered":"<p>Bir &#8220;ak\u015fam \u00fcst\u00fc&#8221; yan\u0131p K\u00dcL olmu\u015ftu. hep belirli bir anlat\u0131 kipi yaratmak u\u011fruna. bir ak\u015fam \u00fcst\u00fc yan\u0131p K\u00dcL olmu\u015fsa bundan kime ne. herkes bir ak\u015fam \u00fcst\u00fcne basa basa bir K\u00dcL konserinde. kendinden ge\u00e7en Pembe yan\u0131k tenli bir Peri&#8217;nin kanat devir teslim t\u00f6renindeki bir ak\u015fam \u00fcst\u00fcn\u00fc kim dert eder ki kendine? hep dolayl\u0131 s\u00f6ylemlerde kalan bir &#8220;ak\u015fam \u00fcst\u00fcn\u00fc&#8221; yani. kanats\u0131z K\u00dcL rengi bir H\u0131z\u0131r&#8217;\u0131n dolan g\u00f6zlerinden kime ne! sonu\u00e7ta herkes K\u00dcL&#8217;den ola\u011fan bir ak\u015fam \u00fcst\u00fc.konserinde. kas\u0131tl\u0131 belirsizle\u015fen bir \u00e7izgi bu, anlat\u0131 d\u00fczeyleri aras\u0131nda bir &#8220;ihtilal ihlali s\u0131n\u0131r\u0131nda&#8221; kald\u0131k ya kas\u0131tl\u0131, il\u00fczyonik kurbanlar verdi g\u00f6zlerimiz, her zamankinden daha \u00e7ok il\u00fczyonikti her \u015fey. bir il\u00fczyona kurban gitti Peri. d\u00fczeysiz de\u011fi\u015fimlerle oynad\u0131 H\u0131z\u0131r. sadece Pembe Peri ve H\u0131z\u0131r i\u00e7in ola\u011fan\u0131n d\u0131\u015f\u0131na itilmi\u015f bir ak\u015fam \u00fcst\u00fc bu. bu da Pembe Peri ve H\u0131z\u0131r masal\u0131n\u0131n son parodisiydi i\u015fte&#8230;<\/p>\n","protected":false},"excerpt":{"rendered":"<p>Bir &#8220;ak\u015fam \u00fcst\u00fc&#8221; yan\u0131p K\u00dcL olmu\u015ftu. hep belirli bir anlat\u0131 kipi yaratmak u\u011fruna. bir ak\u015fam \u00fcst\u00fc yan\u0131p K\u00dcL olmu\u015fsa bundan kime ne. herkes bir ak\u015fam \u00fcst\u00fcne<span class=\"excerpt-hellip\"> [\u2026]<\/span><\/p>\n","protected":false},"featured_media":0,"template":"","meta":{"_monsterinsights_skip_tracking":false,"_monsterinsights_sitenote_active":false,"_monsterinsights_sitenote_note":"","_monsterinsights_sitenote_category":0},"product_brand":[],"product_cat":[12291,12509],"product_tag":[],"class_list":{"0":"post-720378","1":"product","2":"type-product","3":"status-publish","5":"product_cat-edebiyat","6":"product_cat-siir","7":"pa_cilt-ciltsiz","8":"pa_tur-kitap","9":"pa_yayinevi-perseus","10":"pa_yazar-ciwan","12":"first","13":"instock","14":"sale","15":"shipping-taxable","16":"purchasable","17":"product-type-simple"},"_links":{"self":[{"href":"https:\/\/roveyayinevi.com.tr\/index.php\/wp-json\/wp\/v2\/product\/720378","targetHints":{"allow":["GET"]}}],"collection":[{"href":"https:\/\/roveyayinevi.com.tr\/index.php\/wp-json\/wp\/v2\/product"}],"about":[{"href":"https:\/\/roveyayinevi.com.tr\/index.php\/wp-json\/wp\/v2\/types\/product"}],"wp:attachment":[{"href":"https:\/\/roveyayinevi.com.tr\/index.php\/wp-json\/wp\/v2\/media?parent=720378"}],"wp:term":[{"taxonomy":"product_brand","embeddable":true,"href":"https:\/\/roveyayinevi.com.tr\/index.php\/wp-json\/wp\/v2\/product_brand?post=720378"},{"taxonomy":"product_cat","embeddable":true,"href":"https:\/\/roveyayinevi.com.tr\/index.php\/wp-json\/wp\/v2\/product_cat?post=720378"},{"taxonomy":"product_tag","embeddable":true,"href":"https:\/\/roveyayinevi.com.tr\/index.php\/wp-json\/wp\/v2\/product_tag?post=720378"}],"curies":[{"name":"wp","href":"https:\/\/api.w.org\/{rel}","templated":true}]}}