{"id":720375,"date":"2025-08-27T18:35:14","date_gmt":"2025-08-27T15:35:14","guid":{"rendered":"https:\/\/roveyayinevi.com.tr\/index.php\/urun\/insanlik-basarabilecek-mi\/"},"modified":"2026-04-16T02:28:35","modified_gmt":"2026-04-15T23:28:35","slug":"insanlik-basarabilecek-mi","status":"publish","type":"product","link":"https:\/\/roveyayinevi.com.tr\/index.php\/urun\/insanlik-basarabilecek-mi\/","title":{"rendered":"\u0130nsanl\u0131k Ba\u015farabilecek mi?"},"content":{"rendered":"<p>Birinci ve \u0130kinci Du\u0308nya Sava\u015flar\u0131nda bar\u0131\u015f ancak, her iki taraftan milyonlarca kad\u0131n ve erke\u011fin \u00f6ldu\u0308\u011fu\u0308 anlams\u0131z k\u0131y\u0131mdan ve sava\u015f\u0131n nihai sonucu belirginle\u015ftikten uzun su\u0308re sonra gelmi\u015ftir. Zorunlu kararlar her iki taraf\u00e7a zorunda kalmadan \u00f6nce g\u00f6nu\u0308llu\u0308 olarak kabul edilseydi insanl\u0131k kazanm\u0131\u015f olmaz m\u0131yd\u0131? \u0130leriye y\u00f6nelik bir anla\u015fma, korkun\u00e7 kay\u0131plar\u0131 ve toptan ac\u0131mas\u0131zla\u015fmay\u0131 engellemi\u015f olmaz m\u0131yd\u0131? <\/p>\n","protected":false},"excerpt":{"rendered":"<p>Birinci ve \u0130kinci Du\u0308nya Sava\u015flar\u0131nda bar\u0131\u015f ancak, her iki taraftan milyonlarca kad\u0131n ve erke\u011fin \u00f6ldu\u0308\u011fu\u0308 anlams\u0131z k\u0131y\u0131mdan ve sava\u015f\u0131n nihai sonucu belirginle\u015ftikten uzun su\u0308re sonra gelmi\u015ftir.<span class=\"excerpt-hellip\"> [\u2026]<\/span><\/p>\n","protected":false},"featured_media":0,"template":"","meta":{"_monsterinsights_skip_tracking":false,"_monsterinsights_sitenote_active":false,"_monsterinsights_sitenote_note":"","_monsterinsights_sitenote_category":0},"product_brand":[],"product_cat":[48062,12337],"product_tag":[],"class_list":{"0":"post-720375","1":"product","2":"type-product","3":"status-publish","5":"product_cat-dis-politika","6":"product_cat-politika-siyaset","7":"pa_cilt-ciltsiz","8":"pa_tur-kitap","9":"pa_yayinevi-say-yayinlari","10":"pa_yazar-erich-fromm","12":"first","13":"instock","14":"sale","15":"shipping-taxable","16":"purchasable","17":"product-type-simple"},"_links":{"self":[{"href":"https:\/\/roveyayinevi.com.tr\/index.php\/wp-json\/wp\/v2\/product\/720375","targetHints":{"allow":["GET"]}}],"collection":[{"href":"https:\/\/roveyayinevi.com.tr\/index.php\/wp-json\/wp\/v2\/product"}],"about":[{"href":"https:\/\/roveyayinevi.com.tr\/index.php\/wp-json\/wp\/v2\/types\/product"}],"wp:attachment":[{"href":"https:\/\/roveyayinevi.com.tr\/index.php\/wp-json\/wp\/v2\/media?parent=720375"}],"wp:term":[{"taxonomy":"product_brand","embeddable":true,"href":"https:\/\/roveyayinevi.com.tr\/index.php\/wp-json\/wp\/v2\/product_brand?post=720375"},{"taxonomy":"product_cat","embeddable":true,"href":"https:\/\/roveyayinevi.com.tr\/index.php\/wp-json\/wp\/v2\/product_cat?post=720375"},{"taxonomy":"product_tag","embeddable":true,"href":"https:\/\/roveyayinevi.com.tr\/index.php\/wp-json\/wp\/v2\/product_tag?post=720375"}],"curies":[{"name":"wp","href":"https:\/\/api.w.org\/{rel}","templated":true}]}}