{"id":720374,"date":"2025-08-27T18:35:14","date_gmt":"2025-08-27T15:35:14","guid":{"rendered":"https:\/\/roveyayinevi.com.tr\/index.php\/urun\/beynimiz-nasil-calisir\/"},"modified":"2026-04-15T02:37:58","modified_gmt":"2026-04-14T23:37:58","slug":"beynimiz-nasil-calisir","status":"publish","type":"product","link":"https:\/\/roveyayinevi.com.tr\/index.php\/urun\/beynimiz-nasil-calisir\/","title":{"rendered":"Beynimiz Nas\u0131l \u00c7al\u0131\u015f\u0131r?"},"content":{"rendered":"<p>Kafan\u0131z\u0131n i\u00e7inde neler oldu\u011funu hi\u00e7 merak ettiniz mi?   Beyin ebatlar\u0131n\u0131n \u00f6nemi yoktur. Ortalama bir erkek beyni yakla\u015f\u0131k 1400 gram a\u011f\u0131rl\u0131\u011f\u0131ndad\u0131r. Einstein\u2019\u0131n 1230 gram a\u011f\u0131rl\u0131\u011f\u0131ndaki beyni ortalamadan biraz daha hafiftir. 1921\u2019de Nobel Edebiyat \u00d6du\u0308lu\u0308\u2019nu\u0308 almaya hak kazanan Anatole France\u2019\u0131n beyni ise yaln\u0131zca 1017 gram a\u011f\u0131rl\u0131\u011f\u0131ndayd\u0131. Bu adamlar\u0131 birer d\u00e2hi yapan unsur her neyse, bu ortalamadan bu\u0308yu\u0308k bir beyne sahip olmalar\u0131 de\u011fildi.   Art\u0131k zeki olman\u0131n beynin b\u00fcy\u00fck veya a\u011f\u0131r olmas\u0131yla ilgili olmad\u0131\u011f\u0131 biliniyor. Bug\u00fcn beynin yap\u0131s\u0131n\u0131 anl\u0131yor, her bir b\u00f6lu\u0308mu\u0308nu\u0308n bizi nas\u0131l biz yapt\u0131\u011f\u0131n\u0131 biliyoruz. Beyin h\u00fccreleri aras\u0131ndaki al\u0131\u015fveri\u015fi kaydedebiliyor, beynimizin her bir k\u00f6\u015fesini hareket halindeyken g\u00f6r\u00fcnt\u00fcleyebiliyor, beyin i\u00e7indeki ba\u011flant\u0131lar\u0131 takip edip bir hasardan sonra kendilerini nas\u0131l onard\u0131klar\u0131n\u0131 anbean izleyebiliyoruz.   Beynimiz Nas\u0131l \u00c7al\u0131\u015f\u0131r?, beynimizin i\u00e7inde olup bitenleri, \u00f6nemli ara\u015ft\u0131rmac\u0131lar\u0131 ve teknolojideki geli\u015fmelerin beyin ara\u015ft\u0131rmalar\u0131na nas\u0131l katk\u0131 sa\u011flad\u0131\u011f\u0131n\u0131 ke\u015ffetmeniz i\u00e7in mu\u0308kemmel bir kaynak. <\/p>\n","protected":false},"excerpt":{"rendered":"<p>Kafan\u0131z\u0131n i\u00e7inde neler oldu\u011funu hi\u00e7 merak ettiniz mi? Beyin ebatlar\u0131n\u0131n \u00f6nemi yoktur. Ortalama bir erkek beyni yakla\u015f\u0131k 1400 gram a\u011f\u0131rl\u0131\u011f\u0131ndad\u0131r. Einstein\u2019\u0131n 1230 gram a\u011f\u0131rl\u0131\u011f\u0131ndaki beyni ortalamadan<span class=\"excerpt-hellip\"> [\u2026]<\/span><\/p>\n","protected":false},"featured_media":0,"template":"","meta":{"_monsterinsights_skip_tracking":false,"_monsterinsights_sitenote_active":false,"_monsterinsights_sitenote_note":"","_monsterinsights_sitenote_category":0},"product_brand":[],"product_cat":[13005,13006],"product_tag":[],"class_list":{"0":"post-720374","1":"product","2":"type-product","3":"status-publish","5":"product_cat-bilim-muhendislik","6":"product_cat-populer-bilim","7":"pa_cilt-ciltsiz","8":"pa_tur-kitap","9":"pa_yayinevi-say-yayinlari","10":"pa_yazar-new-scientist","12":"first","13":"instock","14":"sale","15":"shipping-taxable","16":"purchasable","17":"product-type-simple"},"_links":{"self":[{"href":"https:\/\/roveyayinevi.com.tr\/index.php\/wp-json\/wp\/v2\/product\/720374","targetHints":{"allow":["GET"]}}],"collection":[{"href":"https:\/\/roveyayinevi.com.tr\/index.php\/wp-json\/wp\/v2\/product"}],"about":[{"href":"https:\/\/roveyayinevi.com.tr\/index.php\/wp-json\/wp\/v2\/types\/product"}],"wp:attachment":[{"href":"https:\/\/roveyayinevi.com.tr\/index.php\/wp-json\/wp\/v2\/media?parent=720374"}],"wp:term":[{"taxonomy":"product_brand","embeddable":true,"href":"https:\/\/roveyayinevi.com.tr\/index.php\/wp-json\/wp\/v2\/product_brand?post=720374"},{"taxonomy":"product_cat","embeddable":true,"href":"https:\/\/roveyayinevi.com.tr\/index.php\/wp-json\/wp\/v2\/product_cat?post=720374"},{"taxonomy":"product_tag","embeddable":true,"href":"https:\/\/roveyayinevi.com.tr\/index.php\/wp-json\/wp\/v2\/product_tag?post=720374"}],"curies":[{"name":"wp","href":"https:\/\/api.w.org\/{rel}","templated":true}]}}