{"id":720373,"date":"2025-08-27T18:35:13","date_gmt":"2025-08-27T15:35:13","guid":{"rendered":"https:\/\/roveyayinevi.com.tr\/index.php\/urun\/kocluk-kitabin\/"},"modified":"2026-04-12T02:34:00","modified_gmt":"2026-04-11T23:34:00","slug":"kocluk-kitabin","status":"publish","type":"product","link":"https:\/\/roveyayinevi.com.tr\/index.php\/urun\/kocluk-kitabin\/","title":{"rendered":"Ko\u00e7luk Kitab\u0131n"},"content":{"rendered":"<p>Bu kitap ko\u00e7luk mesle\u011fine 14 y\u0131ll\u0131k hizmetimin bir ad\u0131m\u0131 olarak ve sa\u011flad\u0131\u011f\u0131 binlerce faydaya te\u015fekk\u00fcr etmek amac\u0131yla yaz\u0131ld\u0131. Bir de ki\u015fisel geli\u015fim dejenerasyonunun yaratt\u0131\u011f\u0131 kafa kar\u0131\u015f\u0131kl\u0131\u011f\u0131na belki bir damla belki bir okyanus su serper umuduyla\u2026   Bir\u00e7ok geli\u015fim arac\u0131ndan farkl\u0131 olarak, ko\u00e7luk sisteminin manivela noktas\u0131 \u201cbireyin biricikli\u011fidir.\u201d Kitap isminin sonundaki \u201cn\u201d harfinin sebebi tam da budur. Uygulamalardaki sorular\u0131n cevaplar\u0131 yaz\u0131ld\u0131k\u00e7a, okuyan ki\u015fi say\u0131s\u0131 kadar farkl\u0131 kitap ortaya \u00e7\u0131kacak; b\u00f6ylece her bir ko\u00e7luk kitab\u0131n\u0131n yazar\u0131, kesinlikle okuyucunun kendisi olacakt\u0131r.   Elma Yay\u0131nevinden gene keyifle okunacak bir eser okuyucusuyla bulu\u015fuyor\u2026 Ko\u00e7luk Kitab\u0131n<\/p>\n","protected":false},"excerpt":{"rendered":"<p>Bu kitap ko\u00e7luk mesle\u011fine 14 y\u0131ll\u0131k hizmetimin bir ad\u0131m\u0131 olarak ve sa\u011flad\u0131\u011f\u0131 binlerce faydaya te\u015fekk\u00fcr etmek amac\u0131yla yaz\u0131ld\u0131. Bir de ki\u015fisel geli\u015fim dejenerasyonunun yaratt\u0131\u011f\u0131 kafa kar\u0131\u015f\u0131kl\u0131\u011f\u0131na<span class=\"excerpt-hellip\"> [\u2026]<\/span><\/p>\n","protected":false},"featured_media":0,"template":"","meta":{"_monsterinsights_skip_tracking":false,"_monsterinsights_sitenote_active":false,"_monsterinsights_sitenote_note":"","_monsterinsights_sitenote_category":0},"product_brand":[],"product_cat":[12364,12376],"product_tag":[],"class_list":{"0":"post-720373","1":"product","2":"type-product","3":"status-publish","5":"product_cat-genel-konular","6":"product_cat-kisisel-gelisim","7":"pa_cilt-ciltsiz","8":"pa_tur-kitap","9":"pa_yayinevi-elma-yayinevi","10":"pa_yazar-rana-kaplan","12":"first","13":"instock","14":"sale","15":"shipping-taxable","16":"purchasable","17":"product-type-simple"},"_links":{"self":[{"href":"https:\/\/roveyayinevi.com.tr\/index.php\/wp-json\/wp\/v2\/product\/720373","targetHints":{"allow":["GET"]}}],"collection":[{"href":"https:\/\/roveyayinevi.com.tr\/index.php\/wp-json\/wp\/v2\/product"}],"about":[{"href":"https:\/\/roveyayinevi.com.tr\/index.php\/wp-json\/wp\/v2\/types\/product"}],"wp:attachment":[{"href":"https:\/\/roveyayinevi.com.tr\/index.php\/wp-json\/wp\/v2\/media?parent=720373"}],"wp:term":[{"taxonomy":"product_brand","embeddable":true,"href":"https:\/\/roveyayinevi.com.tr\/index.php\/wp-json\/wp\/v2\/product_brand?post=720373"},{"taxonomy":"product_cat","embeddable":true,"href":"https:\/\/roveyayinevi.com.tr\/index.php\/wp-json\/wp\/v2\/product_cat?post=720373"},{"taxonomy":"product_tag","embeddable":true,"href":"https:\/\/roveyayinevi.com.tr\/index.php\/wp-json\/wp\/v2\/product_tag?post=720373"}],"curies":[{"name":"wp","href":"https:\/\/api.w.org\/{rel}","templated":true}]}}