{"id":720370,"date":"2025-08-27T18:35:11","date_gmt":"2025-08-27T15:35:11","guid":{"rendered":"https:\/\/roveyayinevi.com.tr\/index.php\/urun\/enerjik\/"},"modified":"2026-04-16T02:28:35","modified_gmt":"2026-04-15T23:28:35","slug":"enerjik","status":"publish","type":"product","link":"https:\/\/roveyayinevi.com.tr\/index.php\/urun\/enerjik\/","title":{"rendered":"Enerjik"},"content":{"rendered":"<p>Y\u00fczmeyi \u00e7ok seviyorum. Her hafta basketbol oynuyorum, haftada iki g\u00fcn futbol ma\u00e7\u0131 yap\u0131yorum. K\u0131\u015flar\u0131 kayak yapmaya gidiyor, yazlar\u0131 do\u011fa sporlar\u0131yla u\u011fra\u015f\u0131yorum. Ge\u00e7enlerde ya\u011fl\u0131 g\u00fcre\u015fi denedim, kick-boksa merak sald\u0131m, tenis turnuvalar\u0131na kat\u0131ld\u0131m. Halk oyunlar\u0131 oynad\u0131m, Anadolu Ate\u015fi\u2019yle turnelere \u00e7\u0131kt\u0131m&#8230;Bug\u00fcne kadarki t\u00fcm denemelerim sayesinde art\u0131k beni neyin mutlu etti\u011fini biliyorum \u00e7\u00fcnk\u00fc deneme imk\u00e2n\u0131m olan her \u015feyi denedim. Bu bana neyi istedi\u011fimi, neyi sevdi\u011fimi g\u00f6sterdi\u011fi kadar neyi istemedi\u011fimi de g\u00f6sterdi.Ben \u015fimdilik kendim i\u00e7in do\u011fru olan\u0131 buldu\u011fumu d\u00fc\u015f\u00fcn\u00fcyorum. Kim bilir belki sen de bu kitab\u0131 okuduktan sonra ho\u015funa gitme ihtimali olan spor dallar\u0131n\u0131 d\u00fc\u015f\u00fcnecek ve belki de yava\u015f yava\u015f denemeye ba\u015flayacaks\u0131n. Unutma ki devam etmek ya da etmemekten \u00f6nceki en \u00f6nemli a\u015fama denemek.<\/p>\n","protected":false},"excerpt":{"rendered":"<p>Y\u00fczmeyi \u00e7ok seviyorum. Her hafta basketbol oynuyorum, haftada iki g\u00fcn futbol ma\u00e7\u0131 yap\u0131yorum. K\u0131\u015flar\u0131 kayak yapmaya gidiyor, yazlar\u0131 do\u011fa sporlar\u0131yla u\u011fra\u015f\u0131yorum. Ge\u00e7enlerde ya\u011fl\u0131 g\u00fcre\u015fi denedim, kick-boksa<span class=\"excerpt-hellip\"> [\u2026]<\/span><\/p>\n","protected":false},"featured_media":0,"template":"","meta":{"_monsterinsights_skip_tracking":false,"_monsterinsights_sitenote_active":false,"_monsterinsights_sitenote_note":"","_monsterinsights_sitenote_category":0},"product_brand":[],"product_cat":[12274,12284],"product_tag":[],"class_list":{"0":"post-720370","1":"product","2":"type-product","3":"status-publish","5":"product_cat-cocuk-ve-genclik-kitaplari","6":"product_cat-hikayeler","7":"pa_cilt-ciltsiz","8":"pa_tur-kitap","9":"pa_yayinevi-masalperest","10":"pa_yazar-serkan-ocak","12":"first","13":"instock","14":"sale","15":"shipping-taxable","16":"purchasable","17":"product-type-simple"},"_links":{"self":[{"href":"https:\/\/roveyayinevi.com.tr\/index.php\/wp-json\/wp\/v2\/product\/720370","targetHints":{"allow":["GET"]}}],"collection":[{"href":"https:\/\/roveyayinevi.com.tr\/index.php\/wp-json\/wp\/v2\/product"}],"about":[{"href":"https:\/\/roveyayinevi.com.tr\/index.php\/wp-json\/wp\/v2\/types\/product"}],"wp:attachment":[{"href":"https:\/\/roveyayinevi.com.tr\/index.php\/wp-json\/wp\/v2\/media?parent=720370"}],"wp:term":[{"taxonomy":"product_brand","embeddable":true,"href":"https:\/\/roveyayinevi.com.tr\/index.php\/wp-json\/wp\/v2\/product_brand?post=720370"},{"taxonomy":"product_cat","embeddable":true,"href":"https:\/\/roveyayinevi.com.tr\/index.php\/wp-json\/wp\/v2\/product_cat?post=720370"},{"taxonomy":"product_tag","embeddable":true,"href":"https:\/\/roveyayinevi.com.tr\/index.php\/wp-json\/wp\/v2\/product_tag?post=720370"}],"curies":[{"name":"wp","href":"https:\/\/api.w.org\/{rel}","templated":true}]}}