{"id":720369,"date":"2025-08-27T18:35:10","date_gmt":"2025-08-27T15:35:10","guid":{"rendered":"https:\/\/roveyayinevi.com.tr\/index.php\/urun\/hayat-oyunla-baslar-0-3-yas\/"},"modified":"2026-04-08T02:35:17","modified_gmt":"2026-04-07T23:35:17","slug":"hayat-oyunla-baslar-0-3-yas","status":"publish","type":"product","link":"https:\/\/roveyayinevi.com.tr\/index.php\/urun\/hayat-oyunla-baslar-0-3-yas\/","title":{"rendered":"Hayat Oyunla Ba\u015flar 0-3 Ya\u015f"},"content":{"rendered":"<p>\u201c\u00c7evrenizde oyun oynamayan bir \u00e7ocuk varsa \u00e7ocuklu\u011fu elinden al\u0131nm\u0131\u015ft\u0131r.\u201d   \u00c7ocuklu\u011funuzu hat\u0131rlar m\u0131s\u0131n\u0131z? Peki \u00e7ocuklu\u011funuzla ilgili an\u0131lar\u0131n\u0131z nas\u0131ld\u0131r? Olumlu? Olumsuz? Hepimiz \u00e7ocuklu\u011fumuzla ilgili pek \u00e7ok an\u0131 biriktirdik. Zorlu ve engebeli yollardan ge\u00e7tik. Kimimiz g\u00fczel an\u0131lar biriktirdik, kimimiz k\u00f6t\u00fc\u2026 \u00c7ocuklu\u011funuzda oynad\u0131\u011f\u0131n\u0131z oyunlar akl\u0131n\u0131zda m\u0131 h\u00e2l\u00e2? En sevdi\u011finiz oyun neydi? S\u00fcrekli oynad\u0131\u011f\u0131n\u0131z oyuncaklar\u0131n\u0131z hangileriydi? Belki \u00e7ocuklu\u011funuz boyunca sadece bir oyunca\u011f\u0131n hayalini kurdunuz. Neydi o oyuncak? \u0130lk paran\u0131z\u0131 kazand\u0131\u011f\u0131n\u0131zda gidip o oyunca\u011f\u0131 sat\u0131n m\u0131 ald\u0131n\u0131z yoksa vaz m\u0131 ge\u00e7tiniz? Peki sizin zaman\u0131n\u0131zda sokaklar tekin miydi? Ebeveyniniz sizi ekmek alman\u0131z i\u00e7in f\u0131r\u0131na g\u00f6nderir miydi?   Ben f\u0131r\u0131ndan taze \u00e7\u0131kan ekmeklerin beyaz k\u0131s\u0131mlar\u0131n\u0131 \u00e7ok severdim. Her seferinde babam\u0131n ba\u015f\u0131n\u0131 sallay\u0131p g\u00fcl\u00fcmseyerek s\u00f6yledi\u011fi, \u201cBizim eve fare girmi\u015f,\u201d s\u00f6zlerine k\u0131s k\u0131s g\u00fcld\u00fc\u011f\u00fcm\u00fc d\u00fcn gibi hat\u0131rlar\u0131m\u2026 \u015eimdi ka\u00e7\u0131m\u0131z \u00e7ocuklar\u0131m\u0131z\u0131 7-8 ya\u015f\u0131ndan \u00f6nce g\u00fcvenlikli sitelerde ve semtlerde oturdu\u011fumuz halde f\u0131r\u0131na bir ba\u015f\u0131na yollayabiliyor?   Maalesef bu art\u0131k pek de m\u00fcmk\u00fcn de\u011fil, \u00e7\u00fcnk\u00fc  sokaklar \u00f6ld\u00fc. Oyunlarsa yaln\u0131zca bir ekran\u0131n kar\u015f\u0131s\u0131nda devam ediyor. Hadi \u015fimdi gelin birlikte ge\u00e7mi\u015fe gidelim. \u0130ndirelim tozlu raflardaki an\u0131lar\u0131\u2026 Bu an\u0131lar \u00f6ncelikle sizler i\u00e7in, sonra da \u00e7ocuklar\u0131n\u0131za aktar\u0131lacaklar listesine eklenmek i\u00e7in olsun\u2026 <\/p>\n","protected":false},"excerpt":{"rendered":"<p>\u201c\u00c7evrenizde oyun oynamayan bir \u00e7ocuk varsa \u00e7ocuklu\u011fu elinden al\u0131nm\u0131\u015ft\u0131r.\u201d \u00c7ocuklu\u011funuzu hat\u0131rlar m\u0131s\u0131n\u0131z? Peki \u00e7ocuklu\u011funuzla ilgili an\u0131lar\u0131n\u0131z nas\u0131ld\u0131r? Olumlu? Olumsuz? Hepimiz \u00e7ocuklu\u011fumuzla ilgili pek \u00e7ok an\u0131 biriktirdik.<span class=\"excerpt-hellip\"> [\u2026]<\/span><\/p>\n","protected":false},"featured_media":0,"template":"","meta":{"_monsterinsights_skip_tracking":false,"_monsterinsights_sitenote_active":false,"_monsterinsights_sitenote_note":"","_monsterinsights_sitenote_category":0},"product_brand":[],"product_cat":[12364,12376],"product_tag":[],"class_list":{"0":"post-720369","1":"product","2":"type-product","3":"status-publish","5":"product_cat-genel-konular","6":"product_cat-kisisel-gelisim","7":"pa_cilt-ciltsiz","8":"pa_tur-kitap","9":"pa_yayinevi-nemesis-kitap","10":"pa_yazar-gozde-erdogan","12":"first","13":"instock","14":"sale","15":"shipping-taxable","16":"purchasable","17":"product-type-simple"},"_links":{"self":[{"href":"https:\/\/roveyayinevi.com.tr\/index.php\/wp-json\/wp\/v2\/product\/720369","targetHints":{"allow":["GET"]}}],"collection":[{"href":"https:\/\/roveyayinevi.com.tr\/index.php\/wp-json\/wp\/v2\/product"}],"about":[{"href":"https:\/\/roveyayinevi.com.tr\/index.php\/wp-json\/wp\/v2\/types\/product"}],"wp:attachment":[{"href":"https:\/\/roveyayinevi.com.tr\/index.php\/wp-json\/wp\/v2\/media?parent=720369"}],"wp:term":[{"taxonomy":"product_brand","embeddable":true,"href":"https:\/\/roveyayinevi.com.tr\/index.php\/wp-json\/wp\/v2\/product_brand?post=720369"},{"taxonomy":"product_cat","embeddable":true,"href":"https:\/\/roveyayinevi.com.tr\/index.php\/wp-json\/wp\/v2\/product_cat?post=720369"},{"taxonomy":"product_tag","embeddable":true,"href":"https:\/\/roveyayinevi.com.tr\/index.php\/wp-json\/wp\/v2\/product_tag?post=720369"}],"curies":[{"name":"wp","href":"https:\/\/api.w.org\/{rel}","templated":true}]}}