{"id":720366,"date":"2025-08-27T18:35:08","date_gmt":"2025-08-27T15:35:08","guid":{"rendered":"https:\/\/roveyayinevi.com.tr\/index.php\/urun\/hayat-oyunla-baslar-3-6-yas\/"},"modified":"2026-04-08T02:35:17","modified_gmt":"2026-04-07T23:35:17","slug":"hayat-oyunla-baslar-3-6-yas","status":"publish","type":"product","link":"https:\/\/roveyayinevi.com.tr\/index.php\/urun\/hayat-oyunla-baslar-3-6-yas\/","title":{"rendered":"Hayat Oyunla Ba\u015flar (3-6 Ya\u015f)"},"content":{"rendered":"<p>\u201cOyun ya\u015fam\u0131n provas\u0131d\u0131r.\u201d\u00c7ocuklar\u0131m\u0131zla oyun oynarken, oyuncaklar\u0131n\u0131n onu her ko\u015fulda geli\u015ftirmesini arzu ederiz. \u00c7ocuklar\u0131m\u0131z i\u00e7in onun geli\u015fimini destekleyen, zihnini \u00e7al\u0131\u015ft\u0131ran ve kavramlar\u0131 \u00f6\u011frenmesini sa\u011flayan oyunlar\u0131 se\u00e7eriz. \u00c7ocu\u011funuzun zihnini geli\u015ftirdiniz.Tamam. Peki ya ruhu?Hayat\u0131n i\u00e7inde pek \u00e7ok imk\u00e2na ve zenginli\u011fe sahibiz. Ayn\u0131 imk\u00e2nlar\u0131 \u00e7ocuklar\u0131m\u0131za da fazlas\u0131yla sunuyoruz. \u00c7ocu\u011fumuz \u00f6yle de\u011ferli ki ya\u015fam\u0131m\u0131zdaki her \u015feyi bo\u011farcas\u0131na etkinliklerle ya da oyuncaklarla ona sunuyoruz. Oyuncaklar\u0131n\u0131 \u00f6n\u00fcne y\u0131\u011f\u0131yor, bo\u011farcas\u0131na ona ekranlar\u0131 da veriyoruz. Benim hayatta alt\u0131n\u0131 doldurmay\u0131 en sevdi\u011fim kelimelerden biri \u201cdenge\u201ddir. Denge, ebeveynlikte de ula\u015fmam\u0131z gereken nokta olmal\u0131d\u0131r\u2026 Ben bu durumun ad\u0131na t\u0131pk\u0131 Donald Winnicott gibi \u201cyeterince iyi ebeveynlik\u201d diyorum. Yeterince iyi bir ebeveyn olmaya \u00e7al\u0131\u015f\u0131rken, oyun konusunda \u00f6nceli\u011finiz bilgi olmas\u0131n. \u00c7\u00fcnk\u00fc bu tutum, oyun ad\u0131 alt\u0131nda \u00e7ocuk \u00fczerinde kurulan bir bask\u0131d\u0131r. Bu kitapta, \u00e7ocu\u011funuzun ruhuna iyi gelecek oyunlar\u0131 \u00f6\u011frenecek ve kaliteli zamanlar\u0131n asl\u0131nda hi\u00e7bir nesnel kar\u015f\u0131l\u0131\u011f\u0131 olmad\u0131\u011f\u0131n\u0131 da g\u00f6receksiniz.<\/p>\n","protected":false},"excerpt":{"rendered":"<p>\u201cOyun ya\u015fam\u0131n provas\u0131d\u0131r.\u201d\u00c7ocuklar\u0131m\u0131zla oyun oynarken, oyuncaklar\u0131n\u0131n onu her ko\u015fulda geli\u015ftirmesini arzu ederiz. \u00c7ocuklar\u0131m\u0131z i\u00e7in onun geli\u015fimini destekleyen, zihnini \u00e7al\u0131\u015ft\u0131ran ve kavramlar\u0131 \u00f6\u011frenmesini sa\u011flayan oyunlar\u0131 se\u00e7eriz. \u00c7ocu\u011funuzun<span class=\"excerpt-hellip\"> [\u2026]<\/span><\/p>\n","protected":false},"featured_media":0,"template":"","meta":{"_monsterinsights_skip_tracking":false,"_monsterinsights_sitenote_active":false,"_monsterinsights_sitenote_note":"","_monsterinsights_sitenote_category":0},"product_brand":[],"product_cat":[12364,12376],"product_tag":[],"class_list":{"0":"post-720366","1":"product","2":"type-product","3":"status-publish","5":"product_cat-genel-konular","6":"product_cat-kisisel-gelisim","7":"pa_cilt-ciltsiz","8":"pa_tur-kitap","9":"pa_yayinevi-nemesis-kitap","10":"pa_yazar-gozde-erdogan","12":"first","13":"instock","14":"sale","15":"shipping-taxable","16":"purchasable","17":"product-type-simple"},"_links":{"self":[{"href":"https:\/\/roveyayinevi.com.tr\/index.php\/wp-json\/wp\/v2\/product\/720366","targetHints":{"allow":["GET"]}}],"collection":[{"href":"https:\/\/roveyayinevi.com.tr\/index.php\/wp-json\/wp\/v2\/product"}],"about":[{"href":"https:\/\/roveyayinevi.com.tr\/index.php\/wp-json\/wp\/v2\/types\/product"}],"wp:attachment":[{"href":"https:\/\/roveyayinevi.com.tr\/index.php\/wp-json\/wp\/v2\/media?parent=720366"}],"wp:term":[{"taxonomy":"product_brand","embeddable":true,"href":"https:\/\/roveyayinevi.com.tr\/index.php\/wp-json\/wp\/v2\/product_brand?post=720366"},{"taxonomy":"product_cat","embeddable":true,"href":"https:\/\/roveyayinevi.com.tr\/index.php\/wp-json\/wp\/v2\/product_cat?post=720366"},{"taxonomy":"product_tag","embeddable":true,"href":"https:\/\/roveyayinevi.com.tr\/index.php\/wp-json\/wp\/v2\/product_tag?post=720366"}],"curies":[{"name":"wp","href":"https:\/\/api.w.org\/{rel}","templated":true}]}}