{"id":720365,"date":"2025-08-27T18:35:08","date_gmt":"2025-08-27T15:35:08","guid":{"rendered":"https:\/\/roveyayinevi.com.tr\/index.php\/urun\/hayat-evde-baslar\/"},"modified":"2026-04-08T02:35:17","modified_gmt":"2026-04-07T23:35:17","slug":"hayat-evde-baslar","status":"publish","type":"product","link":"https:\/\/roveyayinevi.com.tr\/index.php\/urun\/hayat-evde-baslar\/","title":{"rendered":"Hayat Evde Ba\u015flar"},"content":{"rendered":"<p>Ebeveyn olarak \u00e7ocu\u011fumuzu g\u00fc\u00e7l\u00fc, kendi ayaklar\u0131 \u00fczerinde durabilen, kendine g\u00fcvenen, ba\u015far\u0131l\u0131 bireyler olarak yeti\u015ftirmek istiyoruz. Peki \u00e7ocu\u011fun kimlik ve ki\u015fili\u011finin geli\u015fti\u011fi, hayata kar\u015f\u0131 duru\u015funun belirlendi\u011fi 0-6 ya\u015f d\u00f6neminde hayalimizdeki \u00e7ocu\u011fu nas\u0131l yeti\u015ftirmeliyiz?0-6 ya\u015f d\u00f6neminde \u00e7ocu\u011fun hayat\u0131nda beslenme, uyku ve oyun vard\u0131r. Oyun, bir \u00e7ocu\u011fun hayat\u0131nda ebeveyne ba\u011f\u0131ml\u0131 olmadan, her ko\u015fulda kolayl\u0131kla geli\u015febilir. Peki yemek ve uyku al\u0131\u015fkanl\u0131\u011f\u0131? Bana g\u00f6re yemek ve uyku al\u0131\u015fkanl\u0131\u011f\u0131, \u00e7ocu\u011fun temel ve fizyolojik ihtiyac\u0131 olsa da bu ihtiya\u00e7lar\u0131n giderildi\u011fi zamanlar \u00e7ocu\u011funuzla en s\u0131k ileti\u015fime ge\u00e7ti\u011finiz zamanlard\u0131r.\u0130\u015fte bu kitapta, anne baban\u0131n \u00e7ocu\u011fu ile ili\u015fkisini belirleyen yemek ve uyku ihtiya\u00e7lar\u0131nda nas\u0131l davranmas\u0131 gerekti\u011fini, ebeveynin davran\u0131\u015f \u015feklini \u00e7ocu\u011funun ihtiyac\u0131na g\u00f6re nas\u0131l \u015fekillendirebilece\u011fini ve \u00e7ocu\u011fun ger\u00e7ek ihtiya\u00e7lar\u0131n\u0131 asl\u0131nda \u00e7o\u011fu zaman g\u00f6remedi\u011fimiz detaylardan anlayabilece\u011finizi sizlerle payla\u015fmak istedim.Hep hat\u0131rlay\u0131n, \u201c\u00e7ocuklar\u0131m\u0131z\u0131n hayat\u0131n\u0131 kolayla\u015ft\u0131rmaktan de\u011fil, hayat\u0131 t\u00fcm eksi ve art\u0131lar\u0131yla onlara \u00f6\u011fretmekten sorumluyuz.\u201d<\/p>\n","protected":false},"excerpt":{"rendered":"<p>Ebeveyn olarak \u00e7ocu\u011fumuzu g\u00fc\u00e7l\u00fc, kendi ayaklar\u0131 \u00fczerinde durabilen, kendine g\u00fcvenen, ba\u015far\u0131l\u0131 bireyler olarak yeti\u015ftirmek istiyoruz. Peki \u00e7ocu\u011fun kimlik ve ki\u015fili\u011finin geli\u015fti\u011fi, hayata kar\u015f\u0131 duru\u015funun belirlendi\u011fi 0-6<span class=\"excerpt-hellip\"> [\u2026]<\/span><\/p>\n","protected":false},"featured_media":0,"template":"","meta":{"_monsterinsights_skip_tracking":false,"_monsterinsights_sitenote_active":false,"_monsterinsights_sitenote_note":"","_monsterinsights_sitenote_category":0},"product_brand":[],"product_cat":[12364,12376],"product_tag":[],"class_list":{"0":"post-720365","1":"product","2":"type-product","3":"status-publish","5":"product_cat-genel-konular","6":"product_cat-kisisel-gelisim","7":"pa_cilt-ciltsiz","8":"pa_tur-kitap","9":"pa_yayinevi-nemesis-kitap","10":"pa_yazar-gozde-erdogan","12":"first","13":"instock","14":"sale","15":"shipping-taxable","16":"purchasable","17":"product-type-simple"},"_links":{"self":[{"href":"https:\/\/roveyayinevi.com.tr\/index.php\/wp-json\/wp\/v2\/product\/720365","targetHints":{"allow":["GET"]}}],"collection":[{"href":"https:\/\/roveyayinevi.com.tr\/index.php\/wp-json\/wp\/v2\/product"}],"about":[{"href":"https:\/\/roveyayinevi.com.tr\/index.php\/wp-json\/wp\/v2\/types\/product"}],"wp:attachment":[{"href":"https:\/\/roveyayinevi.com.tr\/index.php\/wp-json\/wp\/v2\/media?parent=720365"}],"wp:term":[{"taxonomy":"product_brand","embeddable":true,"href":"https:\/\/roveyayinevi.com.tr\/index.php\/wp-json\/wp\/v2\/product_brand?post=720365"},{"taxonomy":"product_cat","embeddable":true,"href":"https:\/\/roveyayinevi.com.tr\/index.php\/wp-json\/wp\/v2\/product_cat?post=720365"},{"taxonomy":"product_tag","embeddable":true,"href":"https:\/\/roveyayinevi.com.tr\/index.php\/wp-json\/wp\/v2\/product_tag?post=720365"}],"curies":[{"name":"wp","href":"https:\/\/api.w.org\/{rel}","templated":true}]}}