{"id":720364,"date":"2025-08-27T18:35:07","date_gmt":"2025-08-27T15:35:07","guid":{"rendered":"https:\/\/roveyayinevi.com.tr\/index.php\/urun\/ben-ne-soylerim-cocugum-ne-anlar\/"},"modified":"2026-04-16T02:28:35","modified_gmt":"2026-04-15T23:28:35","slug":"ben-ne-soylerim-cocugum-ne-anlar","status":"publish","type":"product","link":"https:\/\/roveyayinevi.com.tr\/index.php\/urun\/ben-ne-soylerim-cocugum-ne-anlar\/","title":{"rendered":"Ben Ne S\u00f6ylerim \u00c7ocu\u011fum Ne Anlar"},"content":{"rendered":"<p>\u201cYa\u015fad\u0131klar\u0131m\u0131 unutabilirim, alg\u0131lamayabilirim ama hissetti\u011fim duygular\u0131 asla unutmam!\u201d   Bir ebeveyn olarak \u00e7ocu\u011funuza en iyiyi sunma endi\u015fesiyle \u00e7abalarken, bu endi\u015fe ve bug\u00fcne kadar \u00e7evrenizden \u00f6\u011frendikleriniz sizi yanl\u0131\u015f y\u00f6nlendiriyor olabilir mi? Her zaman \u00e7ocuklar\u0131m\u0131z\u0131n ya\u015fam\u0131ndan bizlerin sorumlu oldu\u011funu savunurum. Bu nedenledir ki bir \u00e7ocuk, ebeveyninin ona sundu\u011fu ortamda, kendi do\u011fas\u0131nda geli\u015fip olgunla\u015f\u0131rken de\u011fi\u015fece\u011fini savundu\u011fum taraf her zaman ebeveynlerdir.   Bu kitap kendi ge\u00e7mi\u015finize ufak da olsa g\u00f6z at\u0131p k\u00fc\u00e7\u00fck bir insan olarak ya\u015fad\u0131\u011f\u0131n\u0131z zorluklar\u0131 hat\u0131rlayarak \u00e7ocu\u011funuz ile empati kurman\u0131z\u0131 ve aran\u0131zdaki g\u00fcven ili\u015fkisini g\u00fc\u00e7lendirmeyi ama\u00e7 ediniyor.   Unutmay\u0131n, \u201cebeveynli\u011fimiz \u00e7ocuklu\u011fumuzda gizlidir.\u201d <\/p>\n","protected":false},"excerpt":{"rendered":"<p>\u201cYa\u015fad\u0131klar\u0131m\u0131 unutabilirim, alg\u0131lamayabilirim ama hissetti\u011fim duygular\u0131 asla unutmam!\u201d Bir ebeveyn olarak \u00e7ocu\u011funuza en iyiyi sunma endi\u015fesiyle \u00e7abalarken, bu endi\u015fe ve bug\u00fcne kadar \u00e7evrenizden \u00f6\u011frendikleriniz sizi yanl\u0131\u015f<span class=\"excerpt-hellip\"> [\u2026]<\/span><\/p>\n","protected":false},"featured_media":0,"template":"","meta":{"_monsterinsights_skip_tracking":false,"_monsterinsights_sitenote_active":false,"_monsterinsights_sitenote_note":"","_monsterinsights_sitenote_category":0},"product_brand":[],"product_cat":[12831,12324],"product_tag":[],"class_list":{"0":"post-720364","1":"product","2":"type-product","3":"status-publish","5":"product_cat-aile-ve-cocuk","6":"product_cat-sosyoloji","7":"pa_cilt-ciltsiz","8":"pa_tur-kitap","9":"pa_yayinevi-nemesis-kitap","10":"pa_yazar-gozde-erdogan","12":"first","13":"instock","14":"sale","15":"shipping-taxable","16":"purchasable","17":"product-type-simple"},"_links":{"self":[{"href":"https:\/\/roveyayinevi.com.tr\/index.php\/wp-json\/wp\/v2\/product\/720364","targetHints":{"allow":["GET"]}}],"collection":[{"href":"https:\/\/roveyayinevi.com.tr\/index.php\/wp-json\/wp\/v2\/product"}],"about":[{"href":"https:\/\/roveyayinevi.com.tr\/index.php\/wp-json\/wp\/v2\/types\/product"}],"wp:attachment":[{"href":"https:\/\/roveyayinevi.com.tr\/index.php\/wp-json\/wp\/v2\/media?parent=720364"}],"wp:term":[{"taxonomy":"product_brand","embeddable":true,"href":"https:\/\/roveyayinevi.com.tr\/index.php\/wp-json\/wp\/v2\/product_brand?post=720364"},{"taxonomy":"product_cat","embeddable":true,"href":"https:\/\/roveyayinevi.com.tr\/index.php\/wp-json\/wp\/v2\/product_cat?post=720364"},{"taxonomy":"product_tag","embeddable":true,"href":"https:\/\/roveyayinevi.com.tr\/index.php\/wp-json\/wp\/v2\/product_tag?post=720364"}],"curies":[{"name":"wp","href":"https:\/\/api.w.org\/{rel}","templated":true}]}}