{"id":720363,"date":"2025-08-27T18:35:07","date_gmt":"2025-08-27T15:35:07","guid":{"rendered":"https:\/\/roveyayinevi.com.tr\/index.php\/urun\/yds-e-yds-soru-cozum-kampi-1\/"},"modified":"2026-04-06T12:50:01","modified_gmt":"2026-04-06T09:50:01","slug":"yds-e-yds-soru-cozum-kampi-1","status":"publish","type":"product","link":"https:\/\/roveyayinevi.com.tr\/index.php\/urun\/yds-e-yds-soru-cozum-kampi-1\/","title":{"rendered":"YDS  E-YDS Soru \u00c7\u00f6z\u00fcm Kamp\u0131 1"},"content":{"rendered":"<p>YDS  E-YDS Soru \u00c7\u00f6z\u00fcm Kamp\u0131<\/p>\n","protected":false},"excerpt":{"rendered":"<p>YDS E-YDS Soru \u00c7\u00f6z\u00fcm Kamp\u0131<\/p>\n","protected":false},"featured_media":0,"template":"","meta":{"_monsterinsights_skip_tracking":false,"_monsterinsights_sitenote_active":false,"_monsterinsights_sitenote_note":"","_monsterinsights_sitenote_category":0},"product_brand":[],"product_cat":[12566,13473],"product_tag":[],"class_list":{"0":"post-720363","1":"product","2":"type-product","3":"status-publish","5":"product_cat-egitim","6":"product_cat-sinavlara-hazirlik-okula-yardimci-kaynaklar","7":"pa_cilt-ciltsiz","8":"pa_tur-kitap","9":"pa_yayinevi-ankara-dil-akademisi","10":"pa_yazar-tijen-tan-gulse-umit-isikli","12":"first","13":"instock","14":"sale","15":"shipping-taxable","16":"purchasable","17":"product-type-simple"},"_links":{"self":[{"href":"https:\/\/roveyayinevi.com.tr\/index.php\/wp-json\/wp\/v2\/product\/720363","targetHints":{"allow":["GET"]}}],"collection":[{"href":"https:\/\/roveyayinevi.com.tr\/index.php\/wp-json\/wp\/v2\/product"}],"about":[{"href":"https:\/\/roveyayinevi.com.tr\/index.php\/wp-json\/wp\/v2\/types\/product"}],"wp:attachment":[{"href":"https:\/\/roveyayinevi.com.tr\/index.php\/wp-json\/wp\/v2\/media?parent=720363"}],"wp:term":[{"taxonomy":"product_brand","embeddable":true,"href":"https:\/\/roveyayinevi.com.tr\/index.php\/wp-json\/wp\/v2\/product_brand?post=720363"},{"taxonomy":"product_cat","embeddable":true,"href":"https:\/\/roveyayinevi.com.tr\/index.php\/wp-json\/wp\/v2\/product_cat?post=720363"},{"taxonomy":"product_tag","embeddable":true,"href":"https:\/\/roveyayinevi.com.tr\/index.php\/wp-json\/wp\/v2\/product_tag?post=720363"}],"curies":[{"name":"wp","href":"https:\/\/api.w.org\/{rel}","templated":true}]}}