{"id":720351,"date":"2025-08-27T18:34:57","date_gmt":"2025-08-27T15:34:57","guid":{"rendered":"https:\/\/roveyayinevi.com.tr\/index.php\/urun\/kerem-ile-minik-canavarlar-sahildeki-canavarlar\/"},"modified":"2026-04-16T02:28:35","modified_gmt":"2026-04-15T23:28:35","slug":"kerem-ile-minik-canavarlar-sahildeki-canavarlar","status":"publish","type":"product","link":"https:\/\/roveyayinevi.com.tr\/index.php\/urun\/kerem-ile-minik-canavarlar-sahildeki-canavarlar\/","title":{"rendered":"Kerem ile Minik Canavarlar &#8211; Sahildeki Canavarlar"},"content":{"rendered":"<p>Kerem ve ailesi sahilde harika bir g\u00fcn ge\u00e7iriyorlard\u0131. M\u0130N\u0130K CANAVARLAR da denizi \u00e7ok sevmi\u015flerdi. Sahilde kumdan kaleler yap\u0131p, e\u011flendiler. Her \u015fey \u00e7ok g\u00fczel gidiyordu\u2026 \u2026 ta ki Borazan, bir mart\u0131 taraf\u0131ndan ka\u00e7\u0131r\u0131lana dek! Bakal\u0131m Kerem onu nas\u0131l kurtaracak? Bu, bir canavar maceras\u0131! \u00c7ILGIN \u00c7\u0130ZG\u0130 ROMANLAR SER\u0130S\u0130 E\u011flenceli resimler, kolay okunan metinler ve birbirinden komik maceralar!.. <\/p>\n","protected":false},"excerpt":{"rendered":"<p>Kerem ve ailesi sahilde harika bir g\u00fcn ge\u00e7iriyorlard\u0131. M\u0130N\u0130K CANAVARLAR da denizi \u00e7ok sevmi\u015flerdi. Sahilde kumdan kaleler yap\u0131p, e\u011flendiler. Her \u015fey \u00e7ok g\u00fczel gidiyordu\u2026 \u2026 ta<span class=\"excerpt-hellip\"> [\u2026]<\/span><\/p>\n","protected":false},"featured_media":0,"template":"","meta":{"_monsterinsights_skip_tracking":false,"_monsterinsights_sitenote_active":false,"_monsterinsights_sitenote_note":"","_monsterinsights_sitenote_category":0},"product_brand":[],"product_cat":[12689,12274],"product_tag":[],"class_list":{"0":"post-720351","1":"product","2":"type-product","3":"status-publish","5":"product_cat-cizgi-roman-cocuk-ve-genclik-kitaplari","6":"product_cat-cocuk-ve-genclik-kitaplari","7":"pa_cilt-ciltsiz","8":"pa_tur-kitap","9":"pa_yayinevi-is-bankasi-kultur-yayinlari","10":"pa_yazar-zanna-davidson","12":"first","13":"instock","14":"sale","15":"shipping-taxable","16":"purchasable","17":"product-type-simple"},"_links":{"self":[{"href":"https:\/\/roveyayinevi.com.tr\/index.php\/wp-json\/wp\/v2\/product\/720351","targetHints":{"allow":["GET"]}}],"collection":[{"href":"https:\/\/roveyayinevi.com.tr\/index.php\/wp-json\/wp\/v2\/product"}],"about":[{"href":"https:\/\/roveyayinevi.com.tr\/index.php\/wp-json\/wp\/v2\/types\/product"}],"wp:attachment":[{"href":"https:\/\/roveyayinevi.com.tr\/index.php\/wp-json\/wp\/v2\/media?parent=720351"}],"wp:term":[{"taxonomy":"product_brand","embeddable":true,"href":"https:\/\/roveyayinevi.com.tr\/index.php\/wp-json\/wp\/v2\/product_brand?post=720351"},{"taxonomy":"product_cat","embeddable":true,"href":"https:\/\/roveyayinevi.com.tr\/index.php\/wp-json\/wp\/v2\/product_cat?post=720351"},{"taxonomy":"product_tag","embeddable":true,"href":"https:\/\/roveyayinevi.com.tr\/index.php\/wp-json\/wp\/v2\/product_tag?post=720351"}],"curies":[{"name":"wp","href":"https:\/\/api.w.org\/{rel}","templated":true}]}}