{"id":720349,"date":"2025-08-27T18:34:55","date_gmt":"2025-08-27T15:34:55","guid":{"rendered":"https:\/\/roveyayinevi.com.tr\/index.php\/urun\/kerem-ile-minik-canavarlar-canavarlar-tasiniyor\/"},"modified":"2026-04-16T02:28:35","modified_gmt":"2026-04-15T23:28:35","slug":"kerem-ile-minik-canavarlar-canavarlar-tasiniyor","status":"publish","type":"product","link":"https:\/\/roveyayinevi.com.tr\/index.php\/urun\/kerem-ile-minik-canavarlar-canavarlar-tasiniyor\/","title":{"rendered":"Kerem ile Minik Canavarlar &#8211; Canavarlar Ta\u015f\u0131n\u0131yor"},"content":{"rendered":"<p>Kerem\u2019in ailesi ta\u015f\u0131nmaya karar verdi ve HER \u015eEY de\u011fi\u015fti \u2013 yeni oda, yeni kom\u015fular, yeni okul. En az\u0131ndan M\u0130N\u0130K CANAVARLAR yan\u0131ndayd\u0131\u2026 ya da Kerem \u00f6yle san\u0131yordu.M\u0130N\u0130K CANAVARLAR ta\u015f\u0131n\u0131rken kayboldular. Acaba Kerem\u2019e giden yolu nas\u0131l bulacaklar? Bu, bir canavar maceras\u0131! \u00c7ILGIN \u00c7\u0130ZG\u0130 ROMANLAR SER\u0130S\u0130 E\u011flenceli resimler, kolay okunan metinler ve birbirinden komik maceralar!.. <\/p>\n","protected":false},"excerpt":{"rendered":"<p>Kerem\u2019in ailesi ta\u015f\u0131nmaya karar verdi ve HER \u015eEY de\u011fi\u015fti \u2013 yeni oda, yeni kom\u015fular, yeni okul. En az\u0131ndan M\u0130N\u0130K CANAVARLAR yan\u0131ndayd\u0131\u2026 ya da Kerem \u00f6yle san\u0131yordu.M\u0130N\u0130K<span class=\"excerpt-hellip\"> [\u2026]<\/span><\/p>\n","protected":false},"featured_media":0,"template":"","meta":{"_monsterinsights_skip_tracking":false,"_monsterinsights_sitenote_active":false,"_monsterinsights_sitenote_note":"","_monsterinsights_sitenote_category":0},"product_brand":[],"product_cat":[12689,12274],"product_tag":[],"class_list":{"0":"post-720349","1":"product","2":"type-product","3":"status-publish","5":"product_cat-cizgi-roman-cocuk-ve-genclik-kitaplari","6":"product_cat-cocuk-ve-genclik-kitaplari","7":"pa_cilt-ciltsiz","8":"pa_tur-kitap","9":"pa_yayinevi-is-bankasi-kultur-yayinlari","10":"pa_yazar-zanna-davidson","12":"first","13":"instock","14":"sale","15":"shipping-taxable","16":"purchasable","17":"product-type-simple"},"_links":{"self":[{"href":"https:\/\/roveyayinevi.com.tr\/index.php\/wp-json\/wp\/v2\/product\/720349","targetHints":{"allow":["GET"]}}],"collection":[{"href":"https:\/\/roveyayinevi.com.tr\/index.php\/wp-json\/wp\/v2\/product"}],"about":[{"href":"https:\/\/roveyayinevi.com.tr\/index.php\/wp-json\/wp\/v2\/types\/product"}],"wp:attachment":[{"href":"https:\/\/roveyayinevi.com.tr\/index.php\/wp-json\/wp\/v2\/media?parent=720349"}],"wp:term":[{"taxonomy":"product_brand","embeddable":true,"href":"https:\/\/roveyayinevi.com.tr\/index.php\/wp-json\/wp\/v2\/product_brand?post=720349"},{"taxonomy":"product_cat","embeddable":true,"href":"https:\/\/roveyayinevi.com.tr\/index.php\/wp-json\/wp\/v2\/product_cat?post=720349"},{"taxonomy":"product_tag","embeddable":true,"href":"https:\/\/roveyayinevi.com.tr\/index.php\/wp-json\/wp\/v2\/product_tag?post=720349"}],"curies":[{"name":"wp","href":"https:\/\/api.w.org\/{rel}","templated":true}]}}