{"id":720348,"date":"2025-08-27T18:34:54","date_gmt":"2025-08-27T15:34:54","guid":{"rendered":"https:\/\/roveyayinevi.com.tr\/index.php\/urun\/kerem-ile-minik-canavarlar-canavarlar-partide\/"},"modified":"2026-04-16T02:28:05","modified_gmt":"2026-04-15T23:28:05","slug":"kerem-ile-minik-canavarlar-canavarlar-partide","status":"publish","type":"product","link":"https:\/\/roveyayinevi.com.tr\/index.php\/urun\/kerem-ile-minik-canavarlar-canavarlar-partide\/","title":{"rendered":"Kerem ile Minik Canavarlar &#8211; Canavarlar Partide"},"content":{"rendered":"<p>Kerem bir do\u011fum g\u00fcn\u00fc partisine gidece\u011fi i\u00e7in sab\u0131rs\u0131zlan\u0131yordu. Tabii M\u0130N\u0130K CANAVARLAR da\u2026 gizlice partiye gittiler. \u00c7ok ge\u00e7meden Bal\u00e7\u0131k, j\u00f6lenin i\u00e7inde g\u00f6r\u00fcl\u00fcr, Borazan bir balonun \u00fcst\u00fcndedir ve Di\u015f-Surat do\u011fum g\u00fcn\u00fc s\u00fcrprizinin ta kendisi oluverir\u2026 Bu, bir canavar maceras\u0131! \u00c7ILGIN \u00c7\u0130ZG\u0130 ROMANLAR SER\u0130S\u0130 E\u011flenceli resimler, kolay okunan metinler ve birbirinden komik maceralar!.. <\/p>\n","protected":false},"excerpt":{"rendered":"<p>Kerem bir do\u011fum g\u00fcn\u00fc partisine gidece\u011fi i\u00e7in sab\u0131rs\u0131zlan\u0131yordu. Tabii M\u0130N\u0130K CANAVARLAR da\u2026 gizlice partiye gittiler. \u00c7ok ge\u00e7meden Bal\u00e7\u0131k, j\u00f6lenin i\u00e7inde g\u00f6r\u00fcl\u00fcr, Borazan bir balonun \u00fcst\u00fcndedir ve<span class=\"excerpt-hellip\"> [\u2026]<\/span><\/p>\n","protected":false},"featured_media":0,"template":"","meta":{"_monsterinsights_skip_tracking":false,"_monsterinsights_sitenote_active":false,"_monsterinsights_sitenote_note":"","_monsterinsights_sitenote_category":0},"product_brand":[],"product_cat":[12689,12274],"product_tag":[],"class_list":{"0":"post-720348","1":"product","2":"type-product","3":"status-publish","5":"product_cat-cizgi-roman-cocuk-ve-genclik-kitaplari","6":"product_cat-cocuk-ve-genclik-kitaplari","7":"pa_cilt-ciltsiz","8":"pa_tur-kitap","9":"pa_yayinevi-is-bankasi-kultur-yayinlari","10":"pa_yazar-zanna-davidson","12":"first","13":"instock","14":"sale","15":"shipping-taxable","16":"purchasable","17":"product-type-simple"},"_links":{"self":[{"href":"https:\/\/roveyayinevi.com.tr\/index.php\/wp-json\/wp\/v2\/product\/720348","targetHints":{"allow":["GET"]}}],"collection":[{"href":"https:\/\/roveyayinevi.com.tr\/index.php\/wp-json\/wp\/v2\/product"}],"about":[{"href":"https:\/\/roveyayinevi.com.tr\/index.php\/wp-json\/wp\/v2\/types\/product"}],"wp:attachment":[{"href":"https:\/\/roveyayinevi.com.tr\/index.php\/wp-json\/wp\/v2\/media?parent=720348"}],"wp:term":[{"taxonomy":"product_brand","embeddable":true,"href":"https:\/\/roveyayinevi.com.tr\/index.php\/wp-json\/wp\/v2\/product_brand?post=720348"},{"taxonomy":"product_cat","embeddable":true,"href":"https:\/\/roveyayinevi.com.tr\/index.php\/wp-json\/wp\/v2\/product_cat?post=720348"},{"taxonomy":"product_tag","embeddable":true,"href":"https:\/\/roveyayinevi.com.tr\/index.php\/wp-json\/wp\/v2\/product_tag?post=720348"}],"curies":[{"name":"wp","href":"https:\/\/api.w.org\/{rel}","templated":true}]}}