{"id":720347,"date":"2025-08-27T18:34:54","date_gmt":"2025-08-27T15:34:54","guid":{"rendered":"https:\/\/roveyayinevi.com.tr\/index.php\/urun\/kerem-ile-minik-canavarlar-canavarlar-ucuyor\/"},"modified":"2026-04-16T02:28:05","modified_gmt":"2026-04-15T23:28:05","slug":"kerem-ile-minik-canavarlar-canavarlar-ucuyor","status":"publish","type":"product","link":"https:\/\/roveyayinevi.com.tr\/index.php\/urun\/kerem-ile-minik-canavarlar-canavarlar-ucuyor\/","title":{"rendered":"Kerem ile Minik Canavarlar- Canavarlar U\u00e7uyor"},"content":{"rendered":"<p>KEREM VE M\u0130N\u0130K CANAVARLARI i\u00e7in tatil zaman\u0131 gelmi\u015fti! U\u00e7akla \u0130spanya\u2019ya gideceklerdi. Gelin g\u00f6r\u00fcn ki, ufak iki sorun vard\u0131. Havaalan\u0131n\u0131n g\u00fcvenlik g\u00f6revlileri G\u00f6zc\u00fc\u2019y\u00fc g\u00f6rd\u00fcler ve Bal\u00e7\u0131k bagajlar\u0131n aras\u0131nda kayboldu. KEREM, M\u0130N\u0130K CANAVARLARINI u\u00e7ak kalkmadan yan\u0131na almay\u0131 ba\u015farabilecek mi? Bu bir canavar maceras\u0131! \u00c7ILGIN \u00c7\u0130ZG\u0130 ROMANLAR SER\u0130S\u0130 E\u011flenceli resimler, kolay okunan metinler ve birbirinden komik maceralar!.. <\/p>\n","protected":false},"excerpt":{"rendered":"<p>KEREM VE M\u0130N\u0130K CANAVARLARI i\u00e7in tatil zaman\u0131 gelmi\u015fti! U\u00e7akla \u0130spanya\u2019ya gideceklerdi. Gelin g\u00f6r\u00fcn ki, ufak iki sorun vard\u0131. Havaalan\u0131n\u0131n g\u00fcvenlik g\u00f6revlileri G\u00f6zc\u00fc\u2019y\u00fc g\u00f6rd\u00fcler ve Bal\u00e7\u0131k bagajlar\u0131n<span class=\"excerpt-hellip\"> [\u2026]<\/span><\/p>\n","protected":false},"featured_media":0,"template":"","meta":{"_monsterinsights_skip_tracking":false,"_monsterinsights_sitenote_active":false,"_monsterinsights_sitenote_note":"","_monsterinsights_sitenote_category":0},"product_brand":[],"product_cat":[12689,12274],"product_tag":[],"class_list":{"0":"post-720347","1":"product","2":"type-product","3":"status-publish","5":"product_cat-cizgi-roman-cocuk-ve-genclik-kitaplari","6":"product_cat-cocuk-ve-genclik-kitaplari","7":"pa_cilt-ciltsiz","8":"pa_tur-kitap","9":"pa_yayinevi-is-bankasi-kultur-yayinlari","10":"pa_yazar-zanna-davidson","12":"first","13":"instock","14":"sale","15":"shipping-taxable","16":"purchasable","17":"product-type-simple"},"_links":{"self":[{"href":"https:\/\/roveyayinevi.com.tr\/index.php\/wp-json\/wp\/v2\/product\/720347","targetHints":{"allow":["GET"]}}],"collection":[{"href":"https:\/\/roveyayinevi.com.tr\/index.php\/wp-json\/wp\/v2\/product"}],"about":[{"href":"https:\/\/roveyayinevi.com.tr\/index.php\/wp-json\/wp\/v2\/types\/product"}],"wp:attachment":[{"href":"https:\/\/roveyayinevi.com.tr\/index.php\/wp-json\/wp\/v2\/media?parent=720347"}],"wp:term":[{"taxonomy":"product_brand","embeddable":true,"href":"https:\/\/roveyayinevi.com.tr\/index.php\/wp-json\/wp\/v2\/product_brand?post=720347"},{"taxonomy":"product_cat","embeddable":true,"href":"https:\/\/roveyayinevi.com.tr\/index.php\/wp-json\/wp\/v2\/product_cat?post=720347"},{"taxonomy":"product_tag","embeddable":true,"href":"https:\/\/roveyayinevi.com.tr\/index.php\/wp-json\/wp\/v2\/product_tag?post=720347"}],"curies":[{"name":"wp","href":"https:\/\/api.w.org\/{rel}","templated":true}]}}