{"id":720345,"date":"2025-08-27T18:34:52","date_gmt":"2025-08-27T15:34:52","guid":{"rendered":"https:\/\/roveyayinevi.com.tr\/index.php\/urun\/kerem-ile-minik-canavarlar-canavarlar-firarda\/"},"modified":"2026-04-16T02:28:05","modified_gmt":"2026-04-15T23:28:05","slug":"kerem-ile-minik-canavarlar-canavarlar-firarda","status":"publish","type":"product","link":"https:\/\/roveyayinevi.com.tr\/index.php\/urun\/kerem-ile-minik-canavarlar-canavarlar-firarda\/","title":{"rendered":"Kerem ile Minik Canavarlar &#8211; Canavarlar Firarda"},"content":{"rendered":"<p>Kerem\u2019in evcil M\u0130N\u0130K CANAVARLARI onunla okula gitmek istiyorlar. Kerem ise bu fikirden pek ho\u015flanm\u0131yor. Zaten okuldaki kaba bir \u00e7ocukla ba\u015f\u0131 yeterince dertte. Ama belki de CANAVARLAR ona sand\u0131\u011f\u0131ndan daha fazla yard\u0131mc\u0131 olabilir\u2026 Bu, bir canavar maceras\u0131! \u00c7ILGIN \u00c7\u0130ZG\u0130 ROMANLAR SER\u0130S\u0130 E\u011flenceli resimler, kolay okunan metinler ve birbirinden komik maceralar!.. <\/p>\n","protected":false},"excerpt":{"rendered":"<p>Kerem\u2019in evcil M\u0130N\u0130K CANAVARLARI onunla okula gitmek istiyorlar. Kerem ise bu fikirden pek ho\u015flanm\u0131yor. Zaten okuldaki kaba bir \u00e7ocukla ba\u015f\u0131 yeterince dertte. Ama belki de CANAVARLAR<span class=\"excerpt-hellip\"> [\u2026]<\/span><\/p>\n","protected":false},"featured_media":0,"template":"","meta":{"_monsterinsights_skip_tracking":false,"_monsterinsights_sitenote_active":false,"_monsterinsights_sitenote_note":"","_monsterinsights_sitenote_category":0},"product_brand":[],"product_cat":[12689,12274],"product_tag":[],"class_list":{"0":"post-720345","1":"product","2":"type-product","3":"status-publish","5":"product_cat-cizgi-roman-cocuk-ve-genclik-kitaplari","6":"product_cat-cocuk-ve-genclik-kitaplari","7":"pa_cilt-ciltsiz","8":"pa_tur-kitap","9":"pa_yayinevi-is-bankasi-kultur-yayinlari","10":"pa_yazar-zanna-davidson","12":"first","13":"instock","14":"sale","15":"shipping-taxable","16":"purchasable","17":"product-type-simple"},"_links":{"self":[{"href":"https:\/\/roveyayinevi.com.tr\/index.php\/wp-json\/wp\/v2\/product\/720345","targetHints":{"allow":["GET"]}}],"collection":[{"href":"https:\/\/roveyayinevi.com.tr\/index.php\/wp-json\/wp\/v2\/product"}],"about":[{"href":"https:\/\/roveyayinevi.com.tr\/index.php\/wp-json\/wp\/v2\/types\/product"}],"wp:attachment":[{"href":"https:\/\/roveyayinevi.com.tr\/index.php\/wp-json\/wp\/v2\/media?parent=720345"}],"wp:term":[{"taxonomy":"product_brand","embeddable":true,"href":"https:\/\/roveyayinevi.com.tr\/index.php\/wp-json\/wp\/v2\/product_brand?post=720345"},{"taxonomy":"product_cat","embeddable":true,"href":"https:\/\/roveyayinevi.com.tr\/index.php\/wp-json\/wp\/v2\/product_cat?post=720345"},{"taxonomy":"product_tag","embeddable":true,"href":"https:\/\/roveyayinevi.com.tr\/index.php\/wp-json\/wp\/v2\/product_tag?post=720345"}],"curies":[{"name":"wp","href":"https:\/\/api.w.org\/{rel}","templated":true}]}}