{"id":720344,"date":"2025-08-27T18:34:51","date_gmt":"2025-08-27T15:34:51","guid":{"rendered":"https:\/\/roveyayinevi.com.tr\/index.php\/urun\/kerem-ile-minik-canavarlar-karanliktaki-canavarlar\/"},"modified":"2026-04-16T02:28:05","modified_gmt":"2026-04-15T23:28:05","slug":"kerem-ile-minik-canavarlar-karanliktaki-canavarlar","status":"publish","type":"product","link":"https:\/\/roveyayinevi.com.tr\/index.php\/urun\/kerem-ile-minik-canavarlar-karanliktaki-canavarlar\/","title":{"rendered":"Kerem ile Minik Canavarlar-Karanl\u0131ktaki Canavarlar"},"content":{"rendered":"<p>Kerem karanl\u0131ktaki KORKUTUCU yarat\u0131klar gelmesin diye uyan\u0131k kalmaya \u00e7al\u0131\u015f\u0131yordu. Ama k\u0131sa s\u00fcre sonra c\u0131z\u0131rt\u0131l\u0131, tiz bir ses duydu ve minik, mor ayak izlerini fark etti. \u00dcstelik, B\u0130R \u015eEY peynirli sandvi\u00e7ine SALDIRMI\u015eTI. Acaba bunlar\u0131 kim yap\u0131yordu? Kerem ne oldu\u011funu bulmaya cesaret edebilecek miydi? Bu, bir canavar maceras\u0131! <\/p>\n","protected":false},"excerpt":{"rendered":"<p>Kerem karanl\u0131ktaki KORKUTUCU yarat\u0131klar gelmesin diye uyan\u0131k kalmaya \u00e7al\u0131\u015f\u0131yordu. Ama k\u0131sa s\u00fcre sonra c\u0131z\u0131rt\u0131l\u0131, tiz bir ses duydu ve minik, mor ayak izlerini fark etti. \u00dcstelik,<span class=\"excerpt-hellip\"> [\u2026]<\/span><\/p>\n","protected":false},"featured_media":0,"template":"","meta":{"_monsterinsights_skip_tracking":false,"_monsterinsights_sitenote_active":false,"_monsterinsights_sitenote_note":"","_monsterinsights_sitenote_category":0},"product_brand":[],"product_cat":[12689,12274],"product_tag":[],"class_list":{"0":"post-720344","1":"product","2":"type-product","3":"status-publish","5":"product_cat-cizgi-roman-cocuk-ve-genclik-kitaplari","6":"product_cat-cocuk-ve-genclik-kitaplari","7":"pa_cilt-ciltsiz","8":"pa_tur-kitap","9":"pa_yayinevi-is-bankasi-kultur-yayinlari","10":"pa_yazar-zanna-davidson","12":"first","13":"instock","14":"sale","15":"shipping-taxable","16":"purchasable","17":"product-type-simple"},"_links":{"self":[{"href":"https:\/\/roveyayinevi.com.tr\/index.php\/wp-json\/wp\/v2\/product\/720344","targetHints":{"allow":["GET"]}}],"collection":[{"href":"https:\/\/roveyayinevi.com.tr\/index.php\/wp-json\/wp\/v2\/product"}],"about":[{"href":"https:\/\/roveyayinevi.com.tr\/index.php\/wp-json\/wp\/v2\/types\/product"}],"wp:attachment":[{"href":"https:\/\/roveyayinevi.com.tr\/index.php\/wp-json\/wp\/v2\/media?parent=720344"}],"wp:term":[{"taxonomy":"product_brand","embeddable":true,"href":"https:\/\/roveyayinevi.com.tr\/index.php\/wp-json\/wp\/v2\/product_brand?post=720344"},{"taxonomy":"product_cat","embeddable":true,"href":"https:\/\/roveyayinevi.com.tr\/index.php\/wp-json\/wp\/v2\/product_cat?post=720344"},{"taxonomy":"product_tag","embeddable":true,"href":"https:\/\/roveyayinevi.com.tr\/index.php\/wp-json\/wp\/v2\/product_tag?post=720344"}],"curies":[{"name":"wp","href":"https:\/\/api.w.org\/{rel}","templated":true}]}}