{"id":720342,"date":"2025-08-27T18:34:50","date_gmt":"2025-08-27T15:34:50","guid":{"rendered":"https:\/\/roveyayinevi.com.tr\/index.php\/urun\/v-muradin-oglu-selahaddin-efendinin-evrak-ve-yazilari-1-cilt-ciltli\/"},"modified":"2026-04-16T02:28:05","modified_gmt":"2026-04-15T23:28:05","slug":"v-muradin-oglu-selahaddin-efendinin-evrak-ve-yazilari-1-cilt-ciltli","status":"publish","type":"product","link":"https:\/\/roveyayinevi.com.tr\/index.php\/urun\/v-muradin-oglu-selahaddin-efendinin-evrak-ve-yazilari-1-cilt-ciltli\/","title":{"rendered":"V. Murad&#8217;\u0131n O\u011flu Selahaddin Efendi&#8217;nin Evrak ve Yaz\u0131lar\u0131 1. Cilt (Ciltli)"},"content":{"rendered":"<p>\u015eehzade Selahaddin Efendi (1861-1915), 1876 y\u0131l\u0131nda \u00fc\u00e7 ay ve \u00fc\u00e7 g\u00fcn saltanat s\u00fcrm\u00fc\u015f 33. Osmanl\u0131 padi\u015fah\u0131 V. Murad\u2019\u0131n tek o\u011fludur. Babas\u0131n\u0131n tahttan indirilmesinden sonra, hen\u00fcz 15 ya\u015f\u0131ndayken ailenin di\u011fer fertleri ve hane halk\u0131yla birlikte g\u00f6zetim alt\u0131nda ya\u015famak mecburiyetinde kalm\u0131\u015ft\u0131r. V. Murad\u2019\u0131n 1904\u2019teki \u00f6l\u00fcm\u00fcne kadar s\u00fcren 28 y\u0131ll\u0131k bu tecrit boyunca Selahaddin Efendi, zaman\u0131n\u0131n \u00f6nemli bir k\u0131sm\u0131n\u0131 an\u0131, d\u00fc\u015f\u00fcnce ve duygular\u0131n\u0131 kaleme almaya ay\u0131rm\u0131\u015ft\u0131r. \u201cSada-y\u0131 Mahpus\u201d (Hapisteki Ses) ad\u0131 alt\u0131nda toplad\u0131\u011f\u0131 yaz\u0131 ve kay\u0131tlar\u0131na ilaveten birka\u00e7 y\u0131ll\u0131k g\u00fcnl\u00fcklerini kapsayan bu yaz\u0131lar, son d\u00f6nem Osmanl\u0131 tarihinin en ilgin\u00e7 ve \u00f6zg\u00fcn kaynaklar\u0131ndan birini olu\u015fturmaktad\u0131r. Tarih\u00e7i Prof. Dr. Edhem Eldem\u2019in yeni harflere aktard\u0131\u011f\u0131, ayr\u0131nt\u0131l\u0131 a\u00e7\u0131klama ve yorumlarla yay\u0131na haz\u0131rlad\u0131\u011f\u0131 V. Murad\u2019\u0131n O\u011flu Selahaddin Efendi\u2019nin Evrak ve Yaz\u0131lar\u0131 metinlerin t\u0131pk\u0131bas\u0131mlar\u0131n\u0131n yan\u0131 s\u0131ra, Eldem\u2019in her cildi tarihsel ve toplumsal ba\u011flam\u0131 i\u00e7ine yerle\u015ftiren giri\u015f yaz\u0131lar\u0131yla birlikte okuyuculara sunulmaktad\u0131r. Dizinin ilk cildinde, \u201cSada-y\u0131 Mahpus\u201d defterlerinin yedincisinin yar\u0131s\u0131n\u0131 olu\u015fturan, V. Murad ile Cl\u00e9anthi Scalieri (1833-1892) aras\u0131ndaki gizli yaz\u0131\u015fman\u0131n kay\u0131tlar\u0131 ele al\u0131nmaktad\u0131r. Scalieri, Proodos (Terakki) mason locas\u0131n\u0131n ba\u015f\u0131ndayken, o s\u0131rada hen\u00fcz \u015fehzade olan Murad\u2019a yak\u0131nl\u0131\u011f\u0131yla bilinirdi. Gen\u00e7 veliahd\u0131 1872 y\u0131l\u0131nda masonlu\u011fa kabul ettirmi\u015f, k\u0131sa saltanat\u0131ndan sonra da onu tekrar tahta ge\u00e7irmek i\u00e7in m\u00fccadele etmi\u015f, 1878\u2019de Atina\u2019ya ka\u00e7mak zorunda kald\u0131\u011f\u0131 halde Murad\u2019la haberle\u015fmeye devam etmeyi ba\u015farm\u0131\u015ft\u0131r. 1883 ile 1886 y\u0131llar\u0131 aras\u0131ndaki bu iki y\u00f6nl\u00fc yaz\u0131\u015fmay\u0131 \u00c7\u0131ra\u011fan cephesinde y\u00fcr\u00fcten Selahaddin Efendi, bu deftere de kaydederek bug\u00fcne kadar gelmesini sa\u011flam\u0131\u015ft\u0131r. Eldem\u2019in yay\u0131na haz\u0131rlad\u0131\u011f\u0131 malzemenin b\u00fct\u00fcn\u00fcn\u00fc tan\u0131t\u0131p d\u00f6nemin genel bir de\u011ferlendirmesini yapt\u0131\u011f\u0131 uzun giri\u015f yaz\u0131s\u0131yla birlikte, V. Murad\u2019\u0131n O\u011flu Selahaddin Efendi\u2019nin Evrak ve Yaz\u0131lar\u0131\u2019n\u0131n birinci cildindeki metinler ve yaz\u0131\u015fmalar, II. Abd\u00fclhamid d\u00f6neminin en karanl\u0131k ve\u00e7helerinden birine \u0131\u015f\u0131k tutman\u0131n \u00f6tesinde, d\u00f6nemin siyaset ve zihniyet d\u00fcnyas\u0131n\u0131 daha iyi anlamam\u0131za imk\u00e2n vermektedir.<\/p>\n","protected":false},"excerpt":{"rendered":"<p>\u015eehzade Selahaddin Efendi (1861-1915), 1876 y\u0131l\u0131nda \u00fc\u00e7 ay ve \u00fc\u00e7 g\u00fcn saltanat s\u00fcrm\u00fc\u015f 33. Osmanl\u0131 padi\u015fah\u0131 V. Murad\u2019\u0131n tek o\u011fludur. Babas\u0131n\u0131n tahttan indirilmesinden sonra, hen\u00fcz 15<span class=\"excerpt-hellip\"> [\u2026]<\/span><\/p>\n","protected":false},"featured_media":0,"template":"","meta":{"_monsterinsights_skip_tracking":false,"_monsterinsights_sitenote_active":false,"_monsterinsights_sitenote_note":"","_monsterinsights_sitenote_category":0},"product_brand":[],"product_cat":[12370,12304],"product_tag":[],"class_list":{"0":"post-720342","1":"product","2":"type-product","3":"status-publish","5":"product_cat-arastirma-inceleme","6":"product_cat-tarih","7":"pa_cilt-ciltsiz","8":"pa_tur-kitap","9":"pa_yayinevi-is-bankasi-kultur-yayinlari","10":"pa_yazar-edhem-eldem","12":"first","13":"instock","14":"sale","15":"shipping-taxable","16":"purchasable","17":"product-type-simple"},"_links":{"self":[{"href":"https:\/\/roveyayinevi.com.tr\/index.php\/wp-json\/wp\/v2\/product\/720342","targetHints":{"allow":["GET"]}}],"collection":[{"href":"https:\/\/roveyayinevi.com.tr\/index.php\/wp-json\/wp\/v2\/product"}],"about":[{"href":"https:\/\/roveyayinevi.com.tr\/index.php\/wp-json\/wp\/v2\/types\/product"}],"wp:attachment":[{"href":"https:\/\/roveyayinevi.com.tr\/index.php\/wp-json\/wp\/v2\/media?parent=720342"}],"wp:term":[{"taxonomy":"product_brand","embeddable":true,"href":"https:\/\/roveyayinevi.com.tr\/index.php\/wp-json\/wp\/v2\/product_brand?post=720342"},{"taxonomy":"product_cat","embeddable":true,"href":"https:\/\/roveyayinevi.com.tr\/index.php\/wp-json\/wp\/v2\/product_cat?post=720342"},{"taxonomy":"product_tag","embeddable":true,"href":"https:\/\/roveyayinevi.com.tr\/index.php\/wp-json\/wp\/v2\/product_tag?post=720342"}],"curies":[{"name":"wp","href":"https:\/\/api.w.org\/{rel}","templated":true}]}}