{"id":720340,"date":"2025-08-27T18:34:48","date_gmt":"2025-08-27T15:34:48","guid":{"rendered":"https:\/\/roveyayinevi.com.tr\/index.php\/urun\/canavar\/"},"modified":"2026-04-16T02:28:05","modified_gmt":"2026-04-15T23:28:05","slug":"canavar","status":"publish","type":"product","link":"https:\/\/roveyayinevi.com.tr\/index.php\/urun\/canavar\/","title":{"rendered":"Canavar"},"content":{"rendered":"<p>1898 y\u0131l\u0131nda yay\u0131mlanan Canavar, Stephen Crane\u2019in en bilinen novellalar\u0131ndan biridir. New York yak\u0131nlar\u0131nda yer alan Whilomville adl\u0131 kurgusal bir kasabada; \u00f6nyarg\u0131lar\u0131n, korkunun ve tecridin g\u00f6lgesinde ge\u00e7en bu hik\u00e2yede, beyaz \u0131rktan bir \u00e7ocu\u011fu kurtarmak u\u011fruna yang\u0131n\u0131n ortas\u0131na dalarak feci \u015fekilde yanan siyahi bir gencin toplumdan nas\u0131l d\u0131\u015fland\u0131\u011f\u0131na \u015fahit oluruz. K\u00f6leli\u011fin kald\u0131r\u0131lmas\u0131yla birlikte siyahilere duyulan nefretin ayyuka \u00e7\u0131kmas\u0131 yetmezmi\u015f gibi, siyahi yard\u0131mc\u0131 Henry Johnson\u2019\u0131n da korkulan bir \u201ccanavara\u201d d\u00f6n\u00fc\u015fmesiyle karakterler aras\u0131ndaki b\u00fct\u00fcn ili\u015fkiler de\u011fi\u015fir. G\u00f6r\u00fcnen o ki bir insan\u0131n y\u00fcz\u00fcn\u00fc kaybetmesi, toplumda ona atfedilen rol\u00fc de kaybederek tan\u0131nmaz hale gelmesi demektir. Yazar ise as\u0131l canavar\u0131n Henry mi, yoksa kendinden olmayan\u0131 nefretle d\u0131\u015flayan toplum mu oldu\u011funa karar vermeyi okuruna b\u0131rak\u0131r. <\/p>\n","protected":false},"excerpt":{"rendered":"<p>1898 y\u0131l\u0131nda yay\u0131mlanan Canavar, Stephen Crane\u2019in en bilinen novellalar\u0131ndan biridir. New York yak\u0131nlar\u0131nda yer alan Whilomville adl\u0131 kurgusal bir kasabada; \u00f6nyarg\u0131lar\u0131n, korkunun ve tecridin g\u00f6lgesinde ge\u00e7en<span class=\"excerpt-hellip\"> [\u2026]<\/span><\/p>\n","protected":false},"featured_media":0,"template":"","meta":{"_monsterinsights_skip_tracking":false,"_monsterinsights_sitenote_active":false,"_monsterinsights_sitenote_note":"","_monsterinsights_sitenote_category":0},"product_brand":[],"product_cat":[12291,13872],"product_tag":[],"class_list":{"0":"post-720340","1":"product","2":"type-product","3":"status-publish","5":"product_cat-edebiyat","6":"product_cat-klasikler","7":"pa_cilt-ciltsiz","8":"pa_tur-kitap","9":"pa_yayinevi-is-bankasi-kultur-yayinlari","10":"pa_yazar-stephen-crane","12":"first","13":"instock","14":"sale","15":"shipping-taxable","16":"purchasable","17":"product-type-simple"},"_links":{"self":[{"href":"https:\/\/roveyayinevi.com.tr\/index.php\/wp-json\/wp\/v2\/product\/720340","targetHints":{"allow":["GET"]}}],"collection":[{"href":"https:\/\/roveyayinevi.com.tr\/index.php\/wp-json\/wp\/v2\/product"}],"about":[{"href":"https:\/\/roveyayinevi.com.tr\/index.php\/wp-json\/wp\/v2\/types\/product"}],"wp:attachment":[{"href":"https:\/\/roveyayinevi.com.tr\/index.php\/wp-json\/wp\/v2\/media?parent=720340"}],"wp:term":[{"taxonomy":"product_brand","embeddable":true,"href":"https:\/\/roveyayinevi.com.tr\/index.php\/wp-json\/wp\/v2\/product_brand?post=720340"},{"taxonomy":"product_cat","embeddable":true,"href":"https:\/\/roveyayinevi.com.tr\/index.php\/wp-json\/wp\/v2\/product_cat?post=720340"},{"taxonomy":"product_tag","embeddable":true,"href":"https:\/\/roveyayinevi.com.tr\/index.php\/wp-json\/wp\/v2\/product_tag?post=720340"}],"curies":[{"name":"wp","href":"https:\/\/api.w.org\/{rel}","templated":true}]}}