{"id":720336,"date":"2025-08-27T18:34:45","date_gmt":"2025-08-27T15:34:45","guid":{"rendered":"https:\/\/roveyayinevi.com.tr\/index.php\/urun\/papaganin-vaazi\/"},"modified":"2026-04-16T02:28:05","modified_gmt":"2026-04-15T23:28:05","slug":"papaganin-vaazi","status":"publish","type":"product","link":"https:\/\/roveyayinevi.com.tr\/index.php\/urun\/papaganin-vaazi\/","title":{"rendered":"Papa\u011fan\u0131n Vaaz\u0131"},"content":{"rendered":"<p>B\u00fcy\u00fcs\u00fc bozulmu\u015f bir d\u00fcnyada edebiyat ya da i\u00e7imizden d\u00fcnyaya do\u011fru akan co\u015fkun bir \u0131rmak. Anlat\u0131c\u0131 yerini alacak ve hik\u00e2ye binlerce y\u0131ld\u0131r oldu\u011fu gibi yeniden yorgun ruhumuzu diriltecek. Dinlemek iyile\u015ftirir. Anlat\u0131c\u0131 kendi kozas\u0131n\u0131 \u00f6rd\u00fc\u011f\u00fc iplerle, bir ringi \u00e7evrelemeyi d\u00fc\u015fl\u00fcyor olabilir. Hayat ve kavga ayn\u0131 anda ba\u015flar \u00e7\u00fcnk\u00fc! G\u00fcven Ad\u0131g\u00fczel, insan olma duygusuna cepheden sald\u0131ran her \u015feye kar\u015f\u0131, \u00f6l\u00fcm\u00fcne dalg\u0131nlar\u0131n hakk\u0131n\u0131 savunmaya devam ediyor. Papa\u011fan\u0131n Vaaz\u0131 k\u0131rm\u0131z\u0131 elmalar \u00fclkesinde ya\u015fayanlar\u0131n, tak\u0131mdan ayr\u0131 d\u00fcz ko\u015fu yapanlar\u0131n, \u015eehrazat\u2019\u0131n sesinde uyuyanlar\u0131n, Brezilya gettolar\u0131nda top ko\u015fturanlar\u0131n, kendi hik\u00e2yesinden kovulanlar\u0131n, siperden sipere ate\u015f toku\u015fturanlar\u0131n, Yusuf Y\u00fczl\u00fcler \u00f6rg\u00fct\u00fcne \u00fcye olanlar\u0131n ve bir g\u00fcnbat\u0131m\u0131n\u0131n ayr\u0131nt\u0131lar\u0131n\u0131 hakk\u0131yla fark edenlerin ezbere yol haritas\u0131 olmak i\u00e7in sahne al\u0131yor! Dede Korkut\u2019un kopuzuna da yer var bu haritada, Pele\u2019nin \u015fark\u0131lar\u0131na da. Sicilya\u2019dan Gaziantep\u2019e, \u0130stanbul\u2019dan Kud\u00fcs\u2019e, Kolombiya\u2019dan Bayrakl\u0131\u2019ya ve Karizya\u2019dan Saraybosna\u2019ya uzanan \u00e7atall\u0131 bir yolda dalg\u0131n dalg\u0131n y\u00fcr\u00fcmenin \u00e7i\u00e7e\u011fi! Modern d\u00fcnya papa\u011fanlar\u0131n\u0131n bayatlam\u0131\u015f vaazlar\u0131na ve t\u00fcm teslim ol \u00e7a\u011fr\u0131lar\u0131na kar\u015f\u0131! <\/p>\n","protected":false},"excerpt":{"rendered":"<p>B\u00fcy\u00fcs\u00fc bozulmu\u015f bir d\u00fcnyada edebiyat ya da i\u00e7imizden d\u00fcnyaya do\u011fru akan co\u015fkun bir \u0131rmak. Anlat\u0131c\u0131 yerini alacak ve hik\u00e2ye binlerce y\u0131ld\u0131r oldu\u011fu gibi yeniden yorgun ruhumuzu<span class=\"excerpt-hellip\"> [\u2026]<\/span><\/p>\n","protected":false},"featured_media":0,"template":"","meta":{"_monsterinsights_skip_tracking":false,"_monsterinsights_sitenote_active":false,"_monsterinsights_sitenote_note":"","_monsterinsights_sitenote_category":0},"product_brand":[],"product_cat":[12777,12291],"product_tag":[],"class_list":{"0":"post-720336","1":"product","2":"type-product","3":"status-publish","5":"product_cat-deneme","6":"product_cat-edebiyat","7":"pa_cilt-ciltsiz","8":"pa_tur-kitap","9":"pa_yayinevi-profil-kitap","10":"pa_yazar-guven-adiguzel","12":"first","13":"instock","14":"sale","15":"shipping-taxable","16":"purchasable","17":"product-type-simple"},"_links":{"self":[{"href":"https:\/\/roveyayinevi.com.tr\/index.php\/wp-json\/wp\/v2\/product\/720336","targetHints":{"allow":["GET"]}}],"collection":[{"href":"https:\/\/roveyayinevi.com.tr\/index.php\/wp-json\/wp\/v2\/product"}],"about":[{"href":"https:\/\/roveyayinevi.com.tr\/index.php\/wp-json\/wp\/v2\/types\/product"}],"wp:attachment":[{"href":"https:\/\/roveyayinevi.com.tr\/index.php\/wp-json\/wp\/v2\/media?parent=720336"}],"wp:term":[{"taxonomy":"product_brand","embeddable":true,"href":"https:\/\/roveyayinevi.com.tr\/index.php\/wp-json\/wp\/v2\/product_brand?post=720336"},{"taxonomy":"product_cat","embeddable":true,"href":"https:\/\/roveyayinevi.com.tr\/index.php\/wp-json\/wp\/v2\/product_cat?post=720336"},{"taxonomy":"product_tag","embeddable":true,"href":"https:\/\/roveyayinevi.com.tr\/index.php\/wp-json\/wp\/v2\/product_tag?post=720336"}],"curies":[{"name":"wp","href":"https:\/\/api.w.org\/{rel}","templated":true}]}}