{"id":720329,"date":"2025-08-27T18:34:40","date_gmt":"2025-08-27T15:34:40","guid":{"rendered":"https:\/\/roveyayinevi.com.tr\/index.php\/urun\/mevsim-yas\/"},"modified":"2026-04-16T02:28:05","modified_gmt":"2026-04-15T23:28:05","slug":"mevsim-yas","status":"publish","type":"product","link":"https:\/\/roveyayinevi.com.tr\/index.php\/urun\/mevsim-yas\/","title":{"rendered":"Mevsim Yas"},"content":{"rendered":"<p>Mevsim Yas, yak\u0131n tarihin avurtlar\u0131na yap\u0131\u015fm\u0131\u015f bir lekeyi kaz\u0131t\u0131yor. I\u015f\u0131\u011f\u0131n k\u0131r\u0131lmad\u0131\u011f\u0131, belle\u011fin konu\u015fmay\u0131 reddederek ama kaydetmeye devamla sa\u011f \u00e7\u0131kabilmeyi ba\u015fard\u0131\u011f\u0131 bir yere var\u0131yor Mehtap Ceyran: G\u00f6r\u00fcnmez olabildi\u011fin kabuktur ev.\u201cHaf\u0131zas\u0131 kar\u015f\u0131s\u0131nda neden aciz bir varl\u0131kt\u0131r ki insan?Seninle b\u00f6yle konu\u015fuyor olabilmeme \u015fa\u015f\u0131r\u0131yorum biliyor musun? Bu ya\u015fa geldim hi\u00e7 kimseyle konu\u015fmad\u0131m. Sadece kelimeler d\u00f6k\u00fcld\u00fc a\u011fz\u0131mdan. Burada, oldu\u011fum yerde s\u0131k\u0131\u015ft\u0131m kald\u0131m. Ge\u00e7enlerde neyi fark ettim biliyor musun; bug\u00fcne dek hi\u00e7 ba\u011f\u0131rmad\u0131\u011f\u0131m\u0131&#8230; Kendi sesime yabanc\u0131y\u0131m. Belki de bu y\u00fczden hayatla k\u00f6t\u00fc, hastal\u0131kl\u0131 bir ili\u015fkim oldu hep. Neye s\u0131\u011f\u0131naca\u011f\u0131m\u0131 bilemedim. Galiba hep hat\u0131rlamaktan ibarettim. Hat\u0131ralar\u0131m\u0131 de\u011fil, haf\u0131zam\u0131 yaz\u0131yorum sana. D\u0131\u015far\u0131da korkun\u00e7 bir ya\u011fmur ya\u011f\u0131yor, duyuyor musun? O g\u00fcnlerde de hep ya\u011fmur ya\u011fard\u0131. Bulutlar\u0131n karabasan gibi \u00e7\u00f6kt\u00fc\u011f\u00fc ba\u015fka bir \u015fehir daha var m\u0131d\u0131r yery\u00fcz\u00fcnde, bilmiyorum. G\u00f6kten ya\u011fmur yerine \u00e7amur ya\u011f\u0131yordu.\u201d<\/p>\n","protected":false},"excerpt":{"rendered":"<p>Mevsim Yas, yak\u0131n tarihin avurtlar\u0131na yap\u0131\u015fm\u0131\u015f bir lekeyi kaz\u0131t\u0131yor. I\u015f\u0131\u011f\u0131n k\u0131r\u0131lmad\u0131\u011f\u0131, belle\u011fin konu\u015fmay\u0131 reddederek ama kaydetmeye devamla sa\u011f \u00e7\u0131kabilmeyi ba\u015fard\u0131\u011f\u0131 bir yere var\u0131yor Mehtap Ceyran: G\u00f6r\u00fcnmez<span class=\"excerpt-hellip\"> [\u2026]<\/span><\/p>\n","protected":false},"featured_media":0,"template":"","meta":{"_monsterinsights_skip_tracking":false,"_monsterinsights_sitenote_active":false,"_monsterinsights_sitenote_note":"","_monsterinsights_sitenote_category":0},"product_brand":[],"product_cat":[12291,12711],"product_tag":[],"class_list":{"0":"post-720329","1":"product","2":"type-product","3":"status-publish","5":"product_cat-edebiyat","6":"product_cat-roman-oyku","7":"pa_cilt-ciltsiz","8":"pa_tur-kitap","9":"pa_yayinevi-everest-yayinlari","10":"pa_yazar-mehtap-ceyran","12":"first","13":"instock","14":"sale","15":"shipping-taxable","16":"purchasable","17":"product-type-simple"},"_links":{"self":[{"href":"https:\/\/roveyayinevi.com.tr\/index.php\/wp-json\/wp\/v2\/product\/720329","targetHints":{"allow":["GET"]}}],"collection":[{"href":"https:\/\/roveyayinevi.com.tr\/index.php\/wp-json\/wp\/v2\/product"}],"about":[{"href":"https:\/\/roveyayinevi.com.tr\/index.php\/wp-json\/wp\/v2\/types\/product"}],"wp:attachment":[{"href":"https:\/\/roveyayinevi.com.tr\/index.php\/wp-json\/wp\/v2\/media?parent=720329"}],"wp:term":[{"taxonomy":"product_brand","embeddable":true,"href":"https:\/\/roveyayinevi.com.tr\/index.php\/wp-json\/wp\/v2\/product_brand?post=720329"},{"taxonomy":"product_cat","embeddable":true,"href":"https:\/\/roveyayinevi.com.tr\/index.php\/wp-json\/wp\/v2\/product_cat?post=720329"},{"taxonomy":"product_tag","embeddable":true,"href":"https:\/\/roveyayinevi.com.tr\/index.php\/wp-json\/wp\/v2\/product_tag?post=720329"}],"curies":[{"name":"wp","href":"https:\/\/api.w.org\/{rel}","templated":true}]}}