{"id":720328,"date":"2025-08-27T18:34:39","date_gmt":"2025-08-27T15:34:39","guid":{"rendered":"https:\/\/roveyayinevi.com.tr\/index.php\/urun\/sosyal-teori\/"},"modified":"2026-04-16T02:28:05","modified_gmt":"2026-04-15T23:28:05","slug":"sosyal-teori","status":"publish","type":"product","link":"https:\/\/roveyayinevi.com.tr\/index.php\/urun\/sosyal-teori\/","title":{"rendered":"Sosyal Teori"},"content":{"rendered":"<p>William Outhwaite, Sosyal Teori&#8217;de s\u0131n\u0131rlar\u0131 mu\u011flak ve tarihi s\u00fcrekli yeniden yaz\u0131lmaya a\u00e7\u0131k bir alan\u0131 temel sorular etraf\u0131nda \u00e7er\u00e7evelemeye \u00e7abal\u0131yor. Kavrama giri\u015f niteli\u011fi ta\u015f\u0131yan bu \u00e7al\u0131\u015fmas\u0131nda, &#8220;E\u015fitsizli\u011fin kayna\u011f\u0131 nedir?&#8221; gibi yak\u0131c\u0131 ve g\u00fcncelli\u011fini koruyanlar\u0131, &#8220;Toplum Nas\u0131l Olanakl\u0131d\u0131r?&#8221; gibi sosyolojinin temel soru ve sorunlar\u0131yla bulu\u015fturarak, teorinin asl\u0131nda hayat\u0131 nas\u0131l yeniden in\u015fa etmeye yarad\u0131\u011f\u0131n\u0131 g\u00f6zler \u00f6n\u00fcne seriyor.Rousseau&#8217;dan Marx&#8217;a, Simmel&#8217;den Freud&#8217;a, Butler&#8217;dan Bashkar&#8217;a \u00e7ok geni\u015f bir d\u00fc\u015f\u00fcn\u00fcrler sahas\u0131n\u0131 incelikle tarayan ve sosyoloji, psikoloji, siyasetbilim, psikanaliz, fels efe gibi alanlarla temas halindeki bu devasa disiplinde d\u00fc\u015f\u00fcncelerin birbirini tetikleyen ve bulu\u015fan noktalar\u0131n\u0131 &#8220;s\u0131\u00e7ramalarla&#8221; a\u00e7\u0131klayan Outhwaite, anla\u015f\u0131lmas\u0131 g\u00fc\u00e7 g\u00f6r\u00fcnen pek \u00e7ok girift d\u00fc\u015f\u00fcncenin kavranmas\u0131n\u0131 sinemadan g\u00fcncel politikaya \u00e7arp\u0131c\u0131 \u00f6rneklerle kolayla\u015ft\u0131r\u0131yor.<\/p>\n","protected":false},"excerpt":{"rendered":"<p>William Outhwaite, Sosyal Teori&#8217;de s\u0131n\u0131rlar\u0131 mu\u011flak ve tarihi s\u00fcrekli yeniden yaz\u0131lmaya a\u00e7\u0131k bir alan\u0131 temel sorular etraf\u0131nda \u00e7er\u00e7evelemeye \u00e7abal\u0131yor. Kavrama giri\u015f niteli\u011fi ta\u015f\u0131yan bu \u00e7al\u0131\u015fmas\u0131nda, &#8220;E\u015fitsizli\u011fin<span class=\"excerpt-hellip\"> [\u2026]<\/span><\/p>\n","protected":false},"featured_media":0,"template":"","meta":{"_monsterinsights_skip_tracking":false,"_monsterinsights_sitenote_active":false,"_monsterinsights_sitenote_note":"","_monsterinsights_sitenote_category":0},"product_brand":[],"product_cat":[12351,12324],"product_tag":[],"class_list":{"0":"post-720328","1":"product","2":"type-product","3":"status-publish","5":"product_cat-siyaset-sosyolojisi","6":"product_cat-sosyoloji","7":"pa_cilt-ciltsiz","8":"pa_tur-kitap","9":"pa_yayinevi-sel-yayincilik","10":"pa_yazar-william-outhwaite","12":"first","13":"instock","14":"sale","15":"shipping-taxable","16":"purchasable","17":"product-type-simple"},"_links":{"self":[{"href":"https:\/\/roveyayinevi.com.tr\/index.php\/wp-json\/wp\/v2\/product\/720328","targetHints":{"allow":["GET"]}}],"collection":[{"href":"https:\/\/roveyayinevi.com.tr\/index.php\/wp-json\/wp\/v2\/product"}],"about":[{"href":"https:\/\/roveyayinevi.com.tr\/index.php\/wp-json\/wp\/v2\/types\/product"}],"wp:attachment":[{"href":"https:\/\/roveyayinevi.com.tr\/index.php\/wp-json\/wp\/v2\/media?parent=720328"}],"wp:term":[{"taxonomy":"product_brand","embeddable":true,"href":"https:\/\/roveyayinevi.com.tr\/index.php\/wp-json\/wp\/v2\/product_brand?post=720328"},{"taxonomy":"product_cat","embeddable":true,"href":"https:\/\/roveyayinevi.com.tr\/index.php\/wp-json\/wp\/v2\/product_cat?post=720328"},{"taxonomy":"product_tag","embeddable":true,"href":"https:\/\/roveyayinevi.com.tr\/index.php\/wp-json\/wp\/v2\/product_tag?post=720328"}],"curies":[{"name":"wp","href":"https:\/\/api.w.org\/{rel}","templated":true}]}}