{"id":720325,"date":"2025-08-27T18:34:37","date_gmt":"2025-08-27T15:34:37","guid":{"rendered":"https:\/\/roveyayinevi.com.tr\/index.php\/urun\/yeni-emperyalizm\/"},"modified":"2026-04-08T02:35:16","modified_gmt":"2026-04-07T23:35:16","slug":"yeni-emperyalizm","status":"publish","type":"product","link":"https:\/\/roveyayinevi.com.tr\/index.php\/urun\/yeni-emperyalizm\/","title":{"rendered":"Yeni Emperyalizm"},"content":{"rendered":"<p>G\u00fcn\u00fcm\u00fcz\u00fcn en etkili Marksist kuramc\u0131lar\u0131ndan David Harvey, Yeni Emperyalizm&#8217;de, ABD&#8217;nin Afganistan ve Irak i\u015fgalleriyle giri\u015fti\u011fi emperyalist sald\u0131rganl\u0131\u011f\u0131 temel alarak, a\u015f\u0131r\u0131 birikim krizinin tetikledi\u011fi d\u00f6n\u00fc\u015f\u00fcmle has\u0131l olan &#8220;yeni emperyalizme&#8221; dair kuramsal bir \u00e7er\u00e7eve sunuyor.Harvey, enerji kaynaklar\u0131n\u0131n kontrol\u00fcnden sermaye hareketlerine, neoliberal sald\u0131rganl\u0131ktan m\u00fclks\u00fczle\u015ftirme yoluyla birikime, i\u00e7 politik krizlerin sava\u015f yoluyla ihra\u00e7 edilmesinden sermaye-devlet ili\u015fkisine, kapitalist emperyalizmin i\u015fleyi\u015fini bir b\u00fct\u00fcn olarak g\u00f6zler \u00f6n\u00fcne seriyor. Yeni Emperyalizm, kendine \u00f6zg\u00fc tarihsel co\u011frafyas\u0131n\u0131 yaratmaya giri\u015fen k\u00fcresel kapitalizmin zaman ve uzamdaki rotas\u0131n\u0131 de\u015fifre ediyor.Yeni Emperyalizm, \u00e7a\u011f\u0131m\u0131z\u0131n &#8220;imparatorlu\u011funu&#8221; ve emperyalizmin yeni mekanizmalar\u0131n\u0131 anlamak i\u00e7in anahtar niteli\u011finde bir \u00e7al\u0131\u015fma.<\/p>\n","protected":false},"excerpt":{"rendered":"<p>G\u00fcn\u00fcm\u00fcz\u00fcn en etkili Marksist kuramc\u0131lar\u0131ndan David Harvey, Yeni Emperyalizm&#8217;de, ABD&#8217;nin Afganistan ve Irak i\u015fgalleriyle giri\u015fti\u011fi emperyalist sald\u0131rganl\u0131\u011f\u0131 temel alarak, a\u015f\u0131r\u0131 birikim krizinin tetikledi\u011fi d\u00f6n\u00fc\u015f\u00fcmle has\u0131l olan<span class=\"excerpt-hellip\"> [\u2026]<\/span><\/p>\n","protected":false},"featured_media":0,"template":"","meta":{"_monsterinsights_skip_tracking":false,"_monsterinsights_sitenote_active":false,"_monsterinsights_sitenote_note":"","_monsterinsights_sitenote_category":0},"product_brand":[],"product_cat":[12338,12337],"product_tag":[],"class_list":{"0":"post-720325","1":"product","2":"type-product","3":"status-publish","5":"product_cat-dunya-siyaseti-ve-politikasi","6":"product_cat-politika-siyaset","7":"pa_cilt-ciltsiz","8":"pa_tur-kitap","9":"pa_yayinevi-sel-yayincilik","10":"pa_yazar-david-harvey","12":"first","13":"instock","14":"sale","15":"shipping-taxable","16":"purchasable","17":"product-type-simple"},"_links":{"self":[{"href":"https:\/\/roveyayinevi.com.tr\/index.php\/wp-json\/wp\/v2\/product\/720325","targetHints":{"allow":["GET"]}}],"collection":[{"href":"https:\/\/roveyayinevi.com.tr\/index.php\/wp-json\/wp\/v2\/product"}],"about":[{"href":"https:\/\/roveyayinevi.com.tr\/index.php\/wp-json\/wp\/v2\/types\/product"}],"wp:attachment":[{"href":"https:\/\/roveyayinevi.com.tr\/index.php\/wp-json\/wp\/v2\/media?parent=720325"}],"wp:term":[{"taxonomy":"product_brand","embeddable":true,"href":"https:\/\/roveyayinevi.com.tr\/index.php\/wp-json\/wp\/v2\/product_brand?post=720325"},{"taxonomy":"product_cat","embeddable":true,"href":"https:\/\/roveyayinevi.com.tr\/index.php\/wp-json\/wp\/v2\/product_cat?post=720325"},{"taxonomy":"product_tag","embeddable":true,"href":"https:\/\/roveyayinevi.com.tr\/index.php\/wp-json\/wp\/v2\/product_tag?post=720325"}],"curies":[{"name":"wp","href":"https:\/\/api.w.org\/{rel}","templated":true}]}}