{"id":720324,"date":"2025-08-27T18:34:36","date_gmt":"2025-08-27T15:34:36","guid":{"rendered":"https:\/\/roveyayinevi.com.tr\/index.php\/urun\/nakano-eskici-dukkani\/"},"modified":"2026-04-16T02:28:05","modified_gmt":"2026-04-15T23:28:05","slug":"nakano-eskici-dukkani","status":"publish","type":"product","link":"https:\/\/roveyayinevi.com.tr\/index.php\/urun\/nakano-eskici-dukkani\/","title":{"rendered":"Nakano Eskici D\u00fckkan\u0131"},"content":{"rendered":"<p>\u201cKawakami okuru heyecanland\u0131rmak i\u00e7in havai fi\u015feklere ihtiyac\u0131 olmad\u0131\u011f\u0131n\u0131n fark\u0131nda.\u201d \u2014THE JAPAN TIMES   Hitomi, civardaki bir eskici d\u00fckk\u00e2n\u0131nda \u00e7al\u0131\u015fmaya ba\u015flay\u0131nca kendini s\u0131rad\u0131\u015f\u0131 insanlar\u0131n aras\u0131nda bulur: birka\u00e7 e\u015f eskitmi\u015f, muzip ve patavats\u0131z Bay Nakano; onun hi\u00e7 evlenmemi\u015f, ressam k\u0131z karde\u015fi Masayo; tuhafl\u0131k derecesinde i\u00e7ine kapan\u0131k \u2013ama her nas\u0131lsa Hitomi\u2019nin g\u00f6nl\u00fcn\u00fc \u00e7alacak\u2013 gen\u00e7 Takeo; her g\u00fcn d\u00fckk\u00e2na girip \u00e7\u0131kan t\u00fcrl\u00fc huyda insan ve s\u0131rlarla dolu onlarca e\u015fya. Herkesin ve her \u015feyin bir hik\u00e2yesinin oldu\u011fu bu d\u00fckk\u00e2nda Hitomi hayat\u0131, a\u015fk\u0131 ve insanlar ile s\u0131rlar aras\u0131ndaki zarif dans\u0131 ke\u015ffetmeye ba\u015flar. Son d\u00f6nem Japon edebiyat\u0131n\u0131n parlayan ismi Hiromi Kawakami\u2019den, bir ba\u015f\u0131nayken s\u0131radan duran ama bir eskici d\u00fckk\u00e2n\u0131nda yan yana geldiklerinde neredeyse sihirli bir b\u00fct\u00fcn yaratan insanlar\u0131n \u2013ve e\u015fyalar\u0131n\u2013 yal\u0131n, ne\u015feli ve biraz da h\u00fcz\u00fcnl\u00fc \u00f6yk\u00fcs\u00fc.   \u201cKawakami, bize \u00f6z\u00fcne kadar dam\u0131t\u0131lm\u0131\u015f imgeler, do\u011frudan kalbe giden c\u00fcmleler ve t\u00fcm hayatlar\u0131 tek bir nefeste sunacak anlat\u0131m h\u00e2kimiyeti sunuyor.\u201d \u2013THE NEW YORK TIMES BOOK REVIEW   \u201c\u0130nce ince d\u00fc\u015f\u00fcn\u00fclm\u00fc\u015f, tuhaf, ar\u0131zal\u0131 ve abart\u0131s\u0131z karakterler&#8230; Yine de kitab\u0131n sonuna vard\u0131\u011f\u0131n\u0131zda, kendinizi onlar\u0131 fazlas\u0131yla \u00f6nemserken buluyorsunuz.\u201d \u2013KIRKUS   \u201c\u0130lgin\u00e7, zarif, zamans\u0131z&#8230; B\u00fcy\u00fcs\u00fcne kap\u0131lmamak elde de\u011fil.\u201d \u2013THE DAILY MAIL <\/p>\n","protected":false},"excerpt":{"rendered":"<p>\u201cKawakami okuru heyecanland\u0131rmak i\u00e7in havai fi\u015feklere ihtiyac\u0131 olmad\u0131\u011f\u0131n\u0131n fark\u0131nda.\u201d \u2014THE JAPAN TIMES Hitomi, civardaki bir eskici d\u00fckk\u00e2n\u0131nda \u00e7al\u0131\u015fmaya ba\u015flay\u0131nca kendini s\u0131rad\u0131\u015f\u0131 insanlar\u0131n aras\u0131nda bulur: birka\u00e7 e\u015f<span class=\"excerpt-hellip\"> [\u2026]<\/span><\/p>\n","protected":false},"featured_media":0,"template":"","meta":{"_monsterinsights_skip_tracking":false,"_monsterinsights_sitenote_active":false,"_monsterinsights_sitenote_note":"","_monsterinsights_sitenote_category":0},"product_brand":[],"product_cat":[12291,12711],"product_tag":[],"class_list":{"0":"post-720324","1":"product","2":"type-product","3":"status-publish","5":"product_cat-edebiyat","6":"product_cat-roman-oyku","7":"pa_cilt-ciltsiz","8":"pa_tur-kitap","9":"pa_yayinevi-domingo-yayinevi","10":"pa_yazar-hiromi-kawakami","12":"first","13":"instock","14":"sale","15":"shipping-taxable","16":"purchasable","17":"product-type-simple"},"_links":{"self":[{"href":"https:\/\/roveyayinevi.com.tr\/index.php\/wp-json\/wp\/v2\/product\/720324","targetHints":{"allow":["GET"]}}],"collection":[{"href":"https:\/\/roveyayinevi.com.tr\/index.php\/wp-json\/wp\/v2\/product"}],"about":[{"href":"https:\/\/roveyayinevi.com.tr\/index.php\/wp-json\/wp\/v2\/types\/product"}],"wp:attachment":[{"href":"https:\/\/roveyayinevi.com.tr\/index.php\/wp-json\/wp\/v2\/media?parent=720324"}],"wp:term":[{"taxonomy":"product_brand","embeddable":true,"href":"https:\/\/roveyayinevi.com.tr\/index.php\/wp-json\/wp\/v2\/product_brand?post=720324"},{"taxonomy":"product_cat","embeddable":true,"href":"https:\/\/roveyayinevi.com.tr\/index.php\/wp-json\/wp\/v2\/product_cat?post=720324"},{"taxonomy":"product_tag","embeddable":true,"href":"https:\/\/roveyayinevi.com.tr\/index.php\/wp-json\/wp\/v2\/product_tag?post=720324"}],"curies":[{"name":"wp","href":"https:\/\/api.w.org\/{rel}","templated":true}]}}